{"id":27671,"date":"2004-04-01T13:47:50","date_gmt":"2004-04-01T12:47:50","guid":{"rendered":"http:\/\/www.libraria-occitana.org\/all-products\/auda?lang=oc"},"modified":"2026-04-16T04:46:57","modified_gmt":"2026-04-16T02:46:57","slug":"auda","status":"publish","type":"product","link":"https:\/\/www.libraria-occitana.org\/oc\/produch\/auda\/","title":{"rendered":"Auda"},"content":{"rendered":"<p>Dins un vilatj\u00f2t de la Montanha Negra balajat pel vent d\u2019autan, la pichona Auda con\u00e9is una enfancia urosa. Mas l\u00e8u lo malastre dintra dins l\u2019ostal amb la m\u00f2rt de sa maire e son amor naissent e secr\u00e8t es bresat per la gu\u00e8rra d\u2019Argeria&#8230; Auda esp\u00e8ra un nenon&#8230; Una trag\u00e8dia deguda a l\u2019intoler\u00e0ncia e al pes de la tradicion dins las annadas cinquanta.<\/p>\n","protected":false},"excerpt":{"rendered":"<p>Dins un vilatj\u00f2t de la Montanha Negra balajat pel vent d\u2019autan, la pichona Auda con\u00e9is una enfancia urosa. Mas l\u00e8u lo malastre dintra dins l\u2019ostal amb la m\u00f2rt de sa maire e son amor naissent e secr\u00e8t es bresat per la gu\u00e8rra d\u2019Argeria&#8230; Auda esp\u00e8ra un nenon&#8230; Una trag\u00e8dia deguda a l\u2019intoler\u00e0ncia e al pes [&hellip;]<\/p>\n","protected":false},"featured_media":36583,"template":"","meta":{"_acf_changed":false,"_genesis_hide_title":false,"_genesis_hide_breadcrumbs":false,"_genesis_hide_singular_image":false,"_genesis_hide_footer_widgets":false,"_genesis_custom_body_class":"","_genesis_custom_post_class":"","_genesis_layout":""},"product_brand":[],"product_cat":[7133,7175,7183],"product_tag":[],"class_list":{"0":"post-27671","1":"product","2":"type-product","3":"status-publish","4":"has-post-thumbnail","6":"product_cat-libres-oc","7":"product_cat-literatura-oc","8":"product_cat-romans-novelas-oc","9":"pa_auteur-assemat-claudi-oc","10":"pa_editeur-ieo-fr-oc","11":"pa_langue-occitan-oc","12":"pa_langue-occitan-lengadocian-oc","13":"entry","15":"first","16":"outofstock","17":"shipping-taxable","18":"purchasable","19":"product-type-simple"},"acf":[],"_links":{"self":[{"href":"https:\/\/www.libraria-occitana.org\/oc\/wp-json\/wp\/v2\/product\/27671","targetHints":{"allow":["GET"]}}],"collection":[{"href":"https:\/\/www.libraria-occitana.org\/oc\/wp-json\/wp\/v2\/product"}],"about":[{"href":"https:\/\/www.libraria-occitana.org\/oc\/wp-json\/wp\/v2\/types\/product"}],"wp:featuredmedia":[{"embeddable":true,"href":"https:\/\/www.libraria-occitana.org\/oc\/wp-json\/wp\/v2\/media\/36583"}],"wp:attachment":[{"href":"https:\/\/www.libraria-occitana.org\/oc\/wp-json\/wp\/v2\/media?parent=27671"}],"wp:term":[{"taxonomy":"product_brand","embeddable":true,"href":"https:\/\/www.libraria-occitana.org\/oc\/wp-json\/wp\/v2\/product_brand?post=27671"},{"taxonomy":"product_cat","embeddable":true,"href":"https:\/\/www.libraria-occitana.org\/oc\/wp-json\/wp\/v2\/product_cat?post=27671"},{"taxonomy":"product_tag","embeddable":true,"href":"https:\/\/www.libraria-occitana.org\/oc\/wp-json\/wp\/v2\/product_tag?post=27671"}],"curies":[{"name":"wp","href":"https:\/\/api.w.org\/{rel}","templated":true}]}}