{"id":27677,"date":"2004-02-01T15:19:10","date_gmt":"2004-02-01T14:19:10","guid":{"rendered":"http:\/\/www.libraria-occitana.org\/all-products\/memoires?lang=oc"},"modified":"2026-04-02T23:02:06","modified_gmt":"2026-04-02T21:02:06","slug":"memoires","status":"publish","type":"product","link":"https:\/\/www.libraria-occitana.org\/oc\/produch\/memoires\/","title":{"rendered":"M\u00e9moires"},"content":{"rendered":"<p>Six ans apr\u00e8s sa mort, apr\u00e8s la parution du quatri\u00e8me tome des m\u00e9moires de Marcelle Delpastre : <a href=\"http:\/\/www.libraria-occitana.org\/produit\/memoires-le-jeu-de-patience\/\"><em>Le Jeu de patience<\/em><\/a> qui, \u00e0 la suite des trois premiers (<em>Les Chemins creux<\/em>, <em>Derri\u00e8re les murs<\/em>, <em>Le Temps des noces<\/em>) nous avait men\u00e9s au d\u00e9but des ann\u00e9es 1970, voici, r\u00e9unis en un seul volume, les trois derniers tomes : <em>Les Lourdes cha\u00eenes de la libert\u00e9<\/em>, <em>Le Passage du d\u00e9sert<\/em> et <em>La Fin de la fable<\/em>, cette derni\u00e8re partie glissant des m\u00e9moires presque imm\u00e9diats au journal, journal d\u2019un succ\u00e8s, d\u2019une maladie, d\u2019une fin de vie.<\/p>\n<p>Un texte \u00e9crit au fil de la plume, quasi sans repentir, non relu et pour cause, document pr\u00e9cieux sur le temps et l\u2019auteur, l\u2019auteur t\u00e9moin du temps depuis son bout du monde qui, sph\u00e8re oblige, n\u2019en est pas moins, comme chacun sait, devrait savoir \u2013 centre du monde.<\/p>\n<p>Marcelle Delpastre, au grand th\u00e9\u00e2tre de la vie, un Saint-Simon c\u00f4t\u00e9 jardin. Eh oui, chacun sa m\u00e9moire, chacun ses m\u00e9moires. Mais que serait la cour sans le jardin pour la nourrir ? Le jardin\u2026 et le jardinier\u2026<\/p>\n","protected":false},"excerpt":{"rendered":"<p>Six ans apr\u00e8s sa mort, apr\u00e8s la parution du quatri\u00e8me tome des m\u00e9moires de Marcelle Delpastre : Le Jeu de patience qui, \u00e0 la suite des trois premiers (Les Chemins creux, Derri\u00e8re les murs, Le Temps des noces) nous avait men\u00e9s au d\u00e9but des ann\u00e9es 1970, voici, r\u00e9unis en un seul volume, les trois derniers [&hellip;]<\/p>\n","protected":false},"featured_media":27678,"template":"","meta":{"_acf_changed":false,"_genesis_hide_title":false,"_genesis_hide_breadcrumbs":false,"_genesis_hide_singular_image":false,"_genesis_hide_footer_widgets":false,"_genesis_custom_body_class":"","_genesis_custom_post_class":"","_genesis_layout":""},"product_brand":[],"product_cat":[7133,7175,7187],"product_tag":[],"class_list":{"0":"post-27677","1":"product","2":"type-product","3":"status-publish","4":"has-post-thumbnail","6":"product_cat-libres-oc","7":"product_cat-literatura-oc","8":"product_cat-temonhatges-memoris-oc","9":"pa_auteur-delpastre-marcela-oc","10":"pa_editeur-lo-chamin-de-sent-jaume-oc","11":"pa_editeur-plein-chant-oc","12":"pa_langue-francais-oc","13":"entry","15":"first","16":"instock","17":"shipping-taxable","18":"purchasable","19":"product-type-simple"},"acf":[],"_links":{"self":[{"href":"https:\/\/www.libraria-occitana.org\/oc\/wp-json\/wp\/v2\/product\/27677","targetHints":{"allow":["GET"]}}],"collection":[{"href":"https:\/\/www.libraria-occitana.org\/oc\/wp-json\/wp\/v2\/product"}],"about":[{"href":"https:\/\/www.libraria-occitana.org\/oc\/wp-json\/wp\/v2\/types\/product"}],"wp:featuredmedia":[{"embeddable":true,"href":"https:\/\/www.libraria-occitana.org\/oc\/wp-json\/wp\/v2\/media\/27678"}],"wp:attachment":[{"href":"https:\/\/www.libraria-occitana.org\/oc\/wp-json\/wp\/v2\/media?parent=27677"}],"wp:term":[{"taxonomy":"product_brand","embeddable":true,"href":"https:\/\/www.libraria-occitana.org\/oc\/wp-json\/wp\/v2\/product_brand?post=27677"},{"taxonomy":"product_cat","embeddable":true,"href":"https:\/\/www.libraria-occitana.org\/oc\/wp-json\/wp\/v2\/product_cat?post=27677"},{"taxonomy":"product_tag","embeddable":true,"href":"https:\/\/www.libraria-occitana.org\/oc\/wp-json\/wp\/v2\/product_tag?post=27677"}],"curies":[{"name":"wp","href":"https:\/\/api.w.org\/{rel}","templated":true}]}}