{"id":27690,"date":"2003-10-01T14:43:55","date_gmt":"2003-10-01T13:43:55","guid":{"rendered":"http:\/\/www.libraria-occitana.org\/all-products\/noms-de-lieux-du-canton-dayen-correze?lang=oc"},"modified":"2026-04-29T10:37:07","modified_gmt":"2026-04-29T08:37:07","slug":"noms-de-lieux-du-canton-dayen-correze","status":"publish","type":"product","link":"https:\/\/www.libraria-occitana.org\/oc\/produch\/noms-de-lieux-du-canton-dayen-correze\/","title":{"rendered":"Noms de lieux du canton d&#8217;Ayen (Corr\u00e8ze)"},"content":{"rendered":"<p>Le canton d&#8217;Ayen, \u00e0 l&#8217;ouest de Brive, regroupe 11 communes pittoresques et touristiques (Saint-Robert, Yssandon &#8230;). C&#8217;est un pays de coteaux calcaires et de brasier color\u00e9, qui a son unit\u00e9 g\u00e9ographique et historique. Deux communes, Ayen et Perpezac-le-Blanc ont r\u00e9cemment officialis\u00e9 leurs noms en bonne graphie occitane. Pour pr\u00e9parer et prolonger cette action publique, Yves Lavalade a men\u00e9 l&#8217;\u00e9tude exhaustive des noms de lieux de ce canton, selon la d\u00e9marche suivie dans son <a title=\"Dictionnaire toponymique de la Haute-Vienne\" href=\"http:\/\/www.libraria-occitana.org\/all-products\/dictionnaire-toponymique-de-la-haute-vienne\"><em>Dictionnaire toponymique de la Haute-Vienne<\/em><\/a>, publi\u00e9 en 2000.<\/p>\n<p>Plus de 600 noms de lieux, ceux des villages et les noms cadastraux, recueillis aupr\u00e8s d&#8217;informateurs contemporains, \u00e9tudi\u00e9s et graphi\u00e9s selon les r\u00e8gles appropri\u00e9es de la langue occitane, font la trame de l&#8217;ouvrage. Ils sont une part importante du patrimoine de la population corr\u00e9zienne et du Limousin.<\/p>\n","protected":false},"excerpt":{"rendered":"<p>Le canton d&#8217;Ayen, \u00e0 l&#8217;ouest de Brive, regroupe 11 communes pittoresques et touristiques (Saint-Robert, Yssandon &#8230;). C&#8217;est un pays de coteaux calcaires et de brasier color\u00e9, qui a son unit\u00e9 g\u00e9ographique et historique. Deux communes, Ayen et Perpezac-le-Blanc ont r\u00e9cemment officialis\u00e9 leurs noms en bonne graphie occitane. Pour pr\u00e9parer et prolonger cette action publique, Yves [&hellip;]<\/p>\n","protected":false},"featured_media":27691,"template":"","meta":{"_acf_changed":false,"_genesis_hide_title":false,"_genesis_hide_breadcrumbs":false,"_genesis_hide_singular_image":false,"_genesis_hide_footer_widgets":false,"_genesis_custom_body_class":"","_genesis_custom_post_class":"","_genesis_layout":""},"product_brand":[],"product_cat":[7149,7133,7163],"product_tag":[],"class_list":{"0":"post-27690","1":"product","2":"type-product","3":"status-publish","4":"has-post-thumbnail","6":"product_cat-istoria-geografia-oc","7":"product_cat-libres-oc","8":"product_cat-noms-de-luocs-noms-de-personas-oc","9":"pa_auteur-lavalada-ives-oc","10":"pa_editeur-lucien-souny-oc","11":"pa_langue-francais-oc","12":"entry","14":"first","15":"outofstock","16":"shipping-taxable","17":"purchasable","18":"product-type-simple"},"acf":[],"_links":{"self":[{"href":"https:\/\/www.libraria-occitana.org\/oc\/wp-json\/wp\/v2\/product\/27690","targetHints":{"allow":["GET"]}}],"collection":[{"href":"https:\/\/www.libraria-occitana.org\/oc\/wp-json\/wp\/v2\/product"}],"about":[{"href":"https:\/\/www.libraria-occitana.org\/oc\/wp-json\/wp\/v2\/types\/product"}],"wp:featuredmedia":[{"embeddable":true,"href":"https:\/\/www.libraria-occitana.org\/oc\/wp-json\/wp\/v2\/media\/27691"}],"wp:attachment":[{"href":"https:\/\/www.libraria-occitana.org\/oc\/wp-json\/wp\/v2\/media?parent=27690"}],"wp:term":[{"taxonomy":"product_brand","embeddable":true,"href":"https:\/\/www.libraria-occitana.org\/oc\/wp-json\/wp\/v2\/product_brand?post=27690"},{"taxonomy":"product_cat","embeddable":true,"href":"https:\/\/www.libraria-occitana.org\/oc\/wp-json\/wp\/v2\/product_cat?post=27690"},{"taxonomy":"product_tag","embeddable":true,"href":"https:\/\/www.libraria-occitana.org\/oc\/wp-json\/wp\/v2\/product_tag?post=27690"}],"curies":[{"name":"wp","href":"https:\/\/api.w.org\/{rel}","templated":true}]}}