{"id":27698,"date":"2005-04-01T13:43:10","date_gmt":"2005-04-01T11:43:10","guid":{"rendered":"http:\/\/www.libraria-occitana.org\/all-products\/la-poesie-hispano-arabe-et-les-premiers-troubadours-daquitaine?lang=oc"},"modified":"2026-04-29T01:21:39","modified_gmt":"2026-04-28T23:21:39","slug":"la-poesie-hispano-arabe-et-les-premiers-troubadours-daquitaine","status":"publish","type":"product","link":"https:\/\/www.libraria-occitana.org\/oc\/produch\/la-poesie-hispano-arabe-et-les-premiers-troubadours-daquitaine\/","title":{"rendered":"La po\u00e9sie hispano-arabe et les premiers troubadours d&#8217;Aquitaine"},"content":{"rendered":"<p>\u00ab\u00a0Le livre de Alo\u00efs Richard Nykl sur la po\u00e9sie hispano-arabe et ses liens avec les anciens troubadours a eu une influence \u00e9norme chez les arabisants, les romanistes et les hispanistes. Le moment de la parution du livre (1946) co\u00efncide avec la red\u00e9couverte des khargas ou \u00ab\u00a0refrains exits \u00bb\u00a0de la po\u00e9sie strophique en arabe et en h\u00e9breu par Myklos Stern et Garc\u00eda G\u00f3mez&#8230; Convaincu de l&#8217;influence arabe sur la po\u00e9sie des troubadours, Nykl n&#8217;a pas manqu\u00e9 d&#8217;avoir en tous temps des adversaires. L&#8217;un des plus farouches est sans aucun doute Jareer Abu-Haydar qui a donn\u00e9 \u00e0 son livre tr\u00e8s pol\u00e9mique, paru en 2001, un titre qui refl\u00e8te en miroir celui du livre de Nykl : <em>Hispano-Arabic Literature and the early Proven\u00e7al Lyrics<\/em>&#8230;<\/p>\n<p>&#8230; Au fil des chapitres et des sujets mentionn\u00e9s dans le livre de Nykl, se dessine une situation litt\u00e9raire d&#8217;une extraordinaire diversit\u00e9 : de l&#8217;Espagne musulmane \u00e0 la Provence chr\u00e9tienne et juive, des juifs arabophones de Tol\u00e8de et du Languedoc aux troubadours chr\u00e9tiens de l&#8217;Aquitaine et de l&#8217;Italie, l&#8217;Europe des po\u00e8tes r\u00e9invente sa langue en vers ou en prose dans l&#8217;esprit d&#8217;\u00e9change culturel et courtois d&#8217;un monde en transition. \u00bb<\/p>\n<p style=\"text-align: right\">Arie Schippers<br \/>\nde l&#8217;universit\u00e9 d&#8217;Amsterdam<\/p>\n","protected":false},"excerpt":{"rendered":"<p>\u00ab\u00a0Le livre de Alo\u00efs Richard Nykl sur la po\u00e9sie hispano-arabe et ses liens avec les anciens troubadours a eu une influence \u00e9norme chez les arabisants, les romanistes et les hispanistes. Le moment de la parution du livre (1946) co\u00efncide avec la red\u00e9couverte des khargas ou \u00ab\u00a0refrains exits \u00bb\u00a0de la po\u00e9sie strophique en arabe et en [&hellip;]<\/p>\n","protected":false},"featured_media":17467,"template":"","meta":{"_acf_changed":false,"_genesis_hide_title":false,"_genesis_hide_breadcrumbs":false,"_genesis_hide_singular_image":false,"_genesis_hide_footer_widgets":false,"_genesis_custom_body_class":"","_genesis_custom_post_class":"","_genesis_layout":""},"product_brand":[],"product_cat":[7189,7133,7175],"product_tag":[],"class_list":{"0":"post-27698","1":"product","2":"type-product","3":"status-publish","4":"has-post-thumbnail","6":"product_cat-estudis-literaris-oc","7":"product_cat-libres-oc","8":"product_cat-literatura-oc","9":"pa_auteur-nykl-alois-richard-oc","10":"pa_editeur-carrefour-ventadour-fr-oc","11":"pa_editeur-culture-patrimoine-en-limousin-oc","12":"pa_illustrateur-sanconie-maica-oc","13":"pa_langue-francais-oc","14":"entry","16":"first","17":"instock","18":"shipping-taxable","19":"purchasable","20":"product-type-simple"},"acf":[],"_links":{"self":[{"href":"https:\/\/www.libraria-occitana.org\/oc\/wp-json\/wp\/v2\/product\/27698","targetHints":{"allow":["GET"]}}],"collection":[{"href":"https:\/\/www.libraria-occitana.org\/oc\/wp-json\/wp\/v2\/product"}],"about":[{"href":"https:\/\/www.libraria-occitana.org\/oc\/wp-json\/wp\/v2\/types\/product"}],"wp:featuredmedia":[{"embeddable":true,"href":"https:\/\/www.libraria-occitana.org\/oc\/wp-json\/wp\/v2\/media\/17467"}],"wp:attachment":[{"href":"https:\/\/www.libraria-occitana.org\/oc\/wp-json\/wp\/v2\/media?parent=27698"}],"wp:term":[{"taxonomy":"product_brand","embeddable":true,"href":"https:\/\/www.libraria-occitana.org\/oc\/wp-json\/wp\/v2\/product_brand?post=27698"},{"taxonomy":"product_cat","embeddable":true,"href":"https:\/\/www.libraria-occitana.org\/oc\/wp-json\/wp\/v2\/product_cat?post=27698"},{"taxonomy":"product_tag","embeddable":true,"href":"https:\/\/www.libraria-occitana.org\/oc\/wp-json\/wp\/v2\/product_tag?post=27698"}],"curies":[{"name":"wp","href":"https:\/\/api.w.org\/{rel}","templated":true}]}}