{"id":27706,"date":"2005-01-01T17:58:49","date_gmt":"2005-01-01T16:58:49","guid":{"rendered":"http:\/\/www.libraria-occitana.org\/all-products\/le-bien-manger-au-pays-des-feuillardiers?lang=oc"},"modified":"2026-04-17T03:17:06","modified_gmt":"2026-04-17T01:17:06","slug":"le-bien-manger-au-pays-des-feuillardiers","status":"publish","type":"product","link":"https:\/\/www.libraria-occitana.org\/oc\/produch\/le-bien-manger-au-pays-des-feuillardiers\/","title":{"rendered":"Le bien manger au pays des feuillardiers"},"content":{"rendered":"<p>Un livre de recettes r\u00e9alis\u00e9 \u00e0 partir d&#8217;enqu\u00eates aupr\u00e8s de personnes \u00e2g\u00e9es du Pays des Feuillardiers, compl\u00e9t\u00e9 d&#8217;une petite \u00e9tude sur l&#8217;alimentation du d\u00e9but du si\u00e8cle \u00e0 la Premi\u00e8re Guerre Mondiale.<\/p>\n","protected":false},"excerpt":{"rendered":"<p>Un livre de recettes r\u00e9alis\u00e9 \u00e0 partir d&#8217;enqu\u00eates aupr\u00e8s de personnes \u00e2g\u00e9es du Pays des Feuillardiers, compl\u00e9t\u00e9 d&#8217;une petite \u00e9tude sur l&#8217;alimentation du d\u00e9but du si\u00e8cle \u00e0 la Premi\u00e8re Guerre Mondiale.<\/p>\n","protected":false},"featured_media":27707,"template":"","meta":{"_acf_changed":false,"_genesis_hide_title":false,"_genesis_hide_breadcrumbs":false,"_genesis_hide_singular_image":false,"_genesis_hide_footer_widgets":false,"_genesis_custom_body_class":"","_genesis_custom_post_class":"","_genesis_layout":""},"product_brand":[],"product_cat":[7211,7133,7207],"product_tag":[],"class_list":{"0":"post-27706","1":"product","2":"type-product","3":"status-publish","4":"has-post-thumbnail","6":"product_cat-cosina-gastronomia-oc","7":"product_cat-libres-oc","8":"product_cat-tradicions-patrimoni-oc","9":"pa_auteur-collectiu-oc-2","10":"pa_editeur-aacovipa-du-canton-de-saint-mathieu-oc","11":"pa_editeur-acafpa-du-canton-de-chalus-oc","12":"pa_editeur-ieo-87-oc","13":"pa_langue-francais-oc","14":"entry","16":"first","17":"instock","18":"shipping-taxable","19":"purchasable","20":"product-type-simple"},"acf":[],"_links":{"self":[{"href":"https:\/\/www.libraria-occitana.org\/oc\/wp-json\/wp\/v2\/product\/27706","targetHints":{"allow":["GET"]}}],"collection":[{"href":"https:\/\/www.libraria-occitana.org\/oc\/wp-json\/wp\/v2\/product"}],"about":[{"href":"https:\/\/www.libraria-occitana.org\/oc\/wp-json\/wp\/v2\/types\/product"}],"wp:featuredmedia":[{"embeddable":true,"href":"https:\/\/www.libraria-occitana.org\/oc\/wp-json\/wp\/v2\/media\/27707"}],"wp:attachment":[{"href":"https:\/\/www.libraria-occitana.org\/oc\/wp-json\/wp\/v2\/media?parent=27706"}],"wp:term":[{"taxonomy":"product_brand","embeddable":true,"href":"https:\/\/www.libraria-occitana.org\/oc\/wp-json\/wp\/v2\/product_brand?post=27706"},{"taxonomy":"product_cat","embeddable":true,"href":"https:\/\/www.libraria-occitana.org\/oc\/wp-json\/wp\/v2\/product_cat?post=27706"},{"taxonomy":"product_tag","embeddable":true,"href":"https:\/\/www.libraria-occitana.org\/oc\/wp-json\/wp\/v2\/product_tag?post=27706"}],"curies":[{"name":"wp","href":"https:\/\/api.w.org\/{rel}","templated":true}]}}