{"id":27708,"date":"2005-01-01T17:31:39","date_gmt":"2005-01-01T16:31:39","guid":{"rendered":"http:\/\/www.libraria-occitana.org\/all-products\/baladas-e-dancas?lang=oc"},"modified":"2026-04-29T05:16:38","modified_gmt":"2026-04-29T03:16:38","slug":"baladas-e-dancas","status":"publish","type":"product","link":"https:\/\/www.libraria-occitana.org\/oc\/produch\/baladas-e-dancas\/","title":{"rendered":"Baladas e dan\u00e7as"},"content":{"rendered":"<p><strong>Marc Castanet :<\/strong> acordeon diatonic, boha, flabuta<br \/>\n<strong>Crestian Josu\u00e8r :<\/strong> acordeon diatonic, flabuta, tamborin, votz<br \/>\n<strong>Joan-Franc\u00e9s Tisn\u00e8r :<\/strong> votz, acordeon diatonic, tamborin, percussions, p\u00e8s<\/p>\n<p><strong>Titres :<\/strong><br \/>\n1. Los esparadanhaires<br \/>\n2. Pas d&#8217;estiu<br \/>\n3. Saut de Send\u00f2s<br \/>\n4. Aquesta prada<br \/>\n5. Rond\u00e8u t\u00e0 tu<br \/>\n6. Lo ser l&#8217;apr\u00e8s sopada<br \/>\n7. Passacarr\u00e8ras<br \/>\n8. Los tilhol\u00e8rs<br \/>\n9. Lo t\u00f2rt de Mes\u00f2s<br \/>\n10. Mercat deu gras a samatan<br \/>\n11. Jo&#8217;n s\u00f2i anat<br \/>\n12. De bon matin m&#8217;i soi levada<\/p>\n","protected":false},"excerpt":{"rendered":"<p>Marc Castanet : acordeon diatonic, boha, flabuta Crestian Josu\u00e8r : acordeon diatonic, flabuta, tamborin, votz Joan-Franc\u00e9s Tisn\u00e8r : votz, acordeon diatonic, tamborin, percussions, p\u00e8s Titres : 1. Los esparadanhaires 2. Pas d&#8217;estiu 3. Saut de Send\u00f2s 4. Aquesta prada 5. Rond\u00e8u t\u00e0 tu 6. Lo ser l&#8217;apr\u00e8s sopada 7. Passacarr\u00e8ras 8. Los tilhol\u00e8rs 9. Lo [&hellip;]<\/p>\n","protected":false},"featured_media":36562,"template":"","meta":{"_acf_changed":false,"_genesis_hide_title":false,"_genesis_hide_breadcrumbs":false,"_genesis_hide_singular_image":false,"_genesis_hide_footer_widgets":false,"_genesis_custom_body_class":"","_genesis_custom_post_class":"","_genesis_layout":""},"product_brand":[],"product_cat":[16683,7229],"product_tag":[],"class_list":{"0":"post-27708","1":"product","2":"type-product","3":"status-publish","4":"has-post-thumbnail","6":"product_cat-musica-oc","7":"product_cat-novela-tradicion-oc","8":"pa_auteur-verd-e-blu-oc","9":"pa_editeur-menestrers-gascons-oc","10":"pa_langue-occitan-oc","11":"pa_langue-occitan-gascon-oc","12":"entry","14":"first","15":"outofstock","16":"shipping-taxable","17":"purchasable","18":"product-type-simple"},"acf":[],"_links":{"self":[{"href":"https:\/\/www.libraria-occitana.org\/oc\/wp-json\/wp\/v2\/product\/27708","targetHints":{"allow":["GET"]}}],"collection":[{"href":"https:\/\/www.libraria-occitana.org\/oc\/wp-json\/wp\/v2\/product"}],"about":[{"href":"https:\/\/www.libraria-occitana.org\/oc\/wp-json\/wp\/v2\/types\/product"}],"wp:featuredmedia":[{"embeddable":true,"href":"https:\/\/www.libraria-occitana.org\/oc\/wp-json\/wp\/v2\/media\/36562"}],"wp:attachment":[{"href":"https:\/\/www.libraria-occitana.org\/oc\/wp-json\/wp\/v2\/media?parent=27708"}],"wp:term":[{"taxonomy":"product_brand","embeddable":true,"href":"https:\/\/www.libraria-occitana.org\/oc\/wp-json\/wp\/v2\/product_brand?post=27708"},{"taxonomy":"product_cat","embeddable":true,"href":"https:\/\/www.libraria-occitana.org\/oc\/wp-json\/wp\/v2\/product_cat?post=27708"},{"taxonomy":"product_tag","embeddable":true,"href":"https:\/\/www.libraria-occitana.org\/oc\/wp-json\/wp\/v2\/product_tag?post=27708"}],"curies":[{"name":"wp","href":"https:\/\/api.w.org\/{rel}","templated":true}]}}