{"id":27716,"date":"2005-01-01T11:08:48","date_gmt":"2005-01-01T10:08:48","guid":{"rendered":"http:\/\/www.libraria-occitana.org\/all-products\/atlas-sonore-dargentat-a-souillac-limousin-et-quercy-moyenne-dordogne?lang=oc"},"modified":"2026-04-29T02:51:53","modified_gmt":"2026-04-29T00:51:53","slug":"atlas-sonore-dargentat-a-souillac-limousin-et-quercy-moyenne-dordogne","status":"publish","type":"product","link":"https:\/\/www.libraria-occitana.org\/oc\/produch\/atlas-sonore-dargentat-a-souillac-limousin-et-quercy-moyenne-dordogne\/","title":{"rendered":"Atlas sonore : D&#8217;Argentat \u00e0 Souillac, Limousin et Quercy (Moyenne-Dordogne)"},"content":{"rendered":"<p>Faisant suite au premier atlas <em>De la source \u00e0 Argentat<\/em>, \u00e9dit\u00e9 par l\u2019AMTA et le CRMT en Limousin, ce CD reconstitue le parcours historique de la descente du fleuve. Au travers des r\u00e9cits, des chansons et des paysages sonores collect\u00e9s par Xavier Vidal et Dominique Bonin, \u201dD\u2019Argentat \u00e0 Souillac\u201d est un voyage sonore, le long de cette Dordogne toujours sauvage, entre Limousin et Quercy.<\/p>\n<p>\u00c0 la rencontre des m\u00e9moires \u00e0 propos de la navigation, de la p\u00eache ou de l\u2019agriculture traditionnelle, \u00e0 l\u2019\u00e9coute des r\u00e9cits, des contes, des chants et des musiques, nous percevons toujours l\u2019attachement des populations \u00e0 l\u2019histoire du fleuve.<\/p>\n<p>Ce document est agr\u00e9ment\u00e9 d\u2019un livret d\u2019une trentaine de pages avec photos, illustrations et commentaires sur les interpr\u00e8tes et les activit\u00e9s des hommes ayant v\u00e9cu au bord de cette Dordogne.<\/p>\n<p><strong>Titres :<\/strong><br \/>\n1. Les demoiselles d\u2019Auvergne \/ Sous le pont d\u2019Argentat<br \/>\n2. La p\u00eache au blandou<br \/>\n3. Le bl\u00e9 noir<br \/>\n4. Le moulin \/ Les gar\u00e7ons de la montagne<br \/>\n5. La rencontre \/ Valse \u00e0 M. Braud \/ L\u2019apprentissage<br \/>\n6. La vigne \/ Les gar\u00e7ons de la montagne \/ Coiffe-toi bien<br \/>\n7. Le quartier de la chapelle des p\u00e9nitents \/ Mazurka des Italiens<br \/>\n8. Le bal chez Louis Calmel \/ Un soir \/ Le bal \/ Nice \/ L\u2019ambiance du bal chez Louis Calmel<br \/>\n9. L\u2019atelier de Louis Calmel \/ Chante mes regrets \/ L\u2019atelier<br \/>\n10. D\u2019une rive \u00e0 l\u2019autre<br \/>\n11. Le seigneur des Estresses \/ Les messieurs de la tour \/ La bateli\u00e8re<br \/>\n12. Les m\u00e9randiers<br \/>\n13. Le march\u00e9 au poissons \/ Bourr\u00e9e \u00e0 Ars\u00e8ne Contin \/ Mazurka des m\u00e9n\u00e9triers<br \/>\n14. La p\u00eache sauvage \/ La plani\u00e8re de Carennac \/ Tomber \u00e0 l\u2019eau l\u2019hiver<br \/>\n15. La p\u00eache professionnelle<br \/>\n16. Quand la Joanon vai al molin<br \/>\n17. L\u2019\u00eele de cabrette et les gabariers \/ Carillon de la pierre \/ Quand fasia vent<br \/>\n18. Les mauvais passages, le m\u00e9tier de gabarier<br \/>\n19. L\u2019auberge des mariniers \/ Valentine<br \/>\n20. Les passages \/ Valse<br \/>\n21. Le petit commerce en barque \/ Passant parmi les bois<br \/>\n22. Mazurka des m\u00e9n\u00e9triers \/ O mon Solhac !<br \/>\n23. Lo tabac \/ La carassa per las tanarias \/ Valentine \/ Del temps de mon paire<br \/>\n24. Lo mes de Mai \/ Moulin de la Coste sur la Borr\u00e8ze \/ Avetz aici lo mes de Mai<\/p>\n<p><strong>Intervenants :<\/strong><br \/>\nJean Saintangel, Pierre Grenaille, M. et Mme Vaurs, Claude Poujade, \u00c9tienne Gramond, Jean Grivel, M. et Mme Terrieux, M. et Mme Vayssi\u00e8re, M. Boissac, Claude Charazac, Rolland Lafon, Raymond R\u00e9boullet, Alexandre Gouygou, Jean-Marie Lafon, Gilbert Mazeries, Louis Barri\u00e8re, Joseph Carri\u00e8re, Jean Lafon, Jeanne Fabre, Solange Hironde, Gabriel Hironde, Elise Bourdet, Roland Plagne, Eus\u00e8be Castro, Louis Boudie, Jean Bonap, Marius Laparra, Louis Calmel, Jean Vern.<\/p>\n","protected":false},"excerpt":{"rendered":"<p>Faisant suite au premier atlas De la source \u00e0 Argentat, \u00e9dit\u00e9 par l\u2019AMTA et le CRMT en Limousin, ce CD reconstitue le parcours historique de la descente du fleuve. Au travers des r\u00e9cits, des chansons et des paysages sonores collect\u00e9s par Xavier Vidal et Dominique Bonin, \u201dD\u2019Argentat \u00e0 Souillac\u201d est un voyage sonore, le long [&hellip;]<\/p>\n","protected":false},"featured_media":36568,"template":"","meta":{"_acf_changed":false,"_genesis_hide_title":false,"_genesis_hide_breadcrumbs":false,"_genesis_hide_singular_image":false,"_genesis_hide_footer_widgets":false,"_genesis_custom_body_class":"","_genesis_custom_post_class":"","_genesis_layout":""},"product_brand":[],"product_cat":[16683,7237],"product_tag":[],"class_list":{"0":"post-27716","1":"product","2":"type-product","3":"status-publish","4":"has-post-thumbnail","6":"product_cat-musica-oc","7":"product_cat-tradicion-oc","8":"pa_auteur-bonin-dominique-oc","9":"pa_auteur-collectiu-oc-2","10":"pa_auteur-vidal-xavier-oc","11":"pa_editeur-amtp-quercy-oc","12":"pa_editeur-conservatoire-occitan-oc","13":"pa_editeur-crmtl-fr-oc","14":"pa_langue-francais-oc","15":"pa_langue-occitan-oc","16":"pa_langue-occitan-lengadocian-oc","17":"entry","19":"first","20":"instock","21":"shipping-taxable","22":"purchasable","23":"product-type-simple"},"acf":[],"_links":{"self":[{"href":"https:\/\/www.libraria-occitana.org\/oc\/wp-json\/wp\/v2\/product\/27716","targetHints":{"allow":["GET"]}}],"collection":[{"href":"https:\/\/www.libraria-occitana.org\/oc\/wp-json\/wp\/v2\/product"}],"about":[{"href":"https:\/\/www.libraria-occitana.org\/oc\/wp-json\/wp\/v2\/types\/product"}],"wp:featuredmedia":[{"embeddable":true,"href":"https:\/\/www.libraria-occitana.org\/oc\/wp-json\/wp\/v2\/media\/36568"}],"wp:attachment":[{"href":"https:\/\/www.libraria-occitana.org\/oc\/wp-json\/wp\/v2\/media?parent=27716"}],"wp:term":[{"taxonomy":"product_brand","embeddable":true,"href":"https:\/\/www.libraria-occitana.org\/oc\/wp-json\/wp\/v2\/product_brand?post=27716"},{"taxonomy":"product_cat","embeddable":true,"href":"https:\/\/www.libraria-occitana.org\/oc\/wp-json\/wp\/v2\/product_cat?post=27716"},{"taxonomy":"product_tag","embeddable":true,"href":"https:\/\/www.libraria-occitana.org\/oc\/wp-json\/wp\/v2\/product_tag?post=27716"}],"curies":[{"name":"wp","href":"https:\/\/api.w.org\/{rel}","templated":true}]}}