{"id":27719,"date":"2004-11-01T17:48:34","date_gmt":"2004-11-01T16:48:34","guid":{"rendered":"http:\/\/www.libraria-occitana.org\/all-products\/le-comte-de-poitiers-premier-troubadour-a-laube-dun-verbe-et-dune-erotique?lang=oc"},"modified":"2026-04-18T22:06:13","modified_gmt":"2026-04-18T20:06:13","slug":"le-comte-de-poitiers-premier-troubadour-a-laube-dun-verbe-et-dune-erotique","status":"publish","type":"product","link":"https:\/\/www.libraria-occitana.org\/oc\/produch\/le-comte-de-poitiers-premier-troubadour-a-laube-dun-verbe-et-dune-erotique\/","title":{"rendered":"Le comte de Poitiers, premier troubadour : \u00c0 l&#8217;aube d&#8217;un verbe et d&#8217;une \u00e9rotique"},"content":{"rendered":"<p>Passionnante \u00e9nigme que ce Guilhem d\u2019Aquitaine, comte de Poitiers : personnage historique ou nom conf\u00e9r\u00e9 \u00e0 un ensemble de textes ? Premier troubadour connu, il donne l\u2019impression qu\u2019avec lui la premi\u00e8re des po\u00e9sies en langue vernaculaire na\u00eet d\u00e9j\u00e0 dot\u00e9e de perfection formelle et d\u2019une \u00e9tourdissante modernit\u00e9 qui fait qu\u2019on a pu dire que la po\u00e9sie moderne commence et trouve son ach\u00e8vement avec lui. Pierre Bec, philologue et po\u00e8te, \u00e9tait assur\u00e9ment le mieux plac\u00e9 pour faire le point sur ce troubadour, \u00ab un des hommes les plus courtois du monde et l\u2019un des plus grands trompeurs de dame \u00bb.<\/p>\n","protected":false},"excerpt":{"rendered":"<p>Passionnante \u00e9nigme que ce Guilhem d\u2019Aquitaine, comte de Poitiers : personnage historique ou nom conf\u00e9r\u00e9 \u00e0 un ensemble de textes ? Premier troubadour connu, il donne l\u2019impression qu\u2019avec lui la premi\u00e8re des po\u00e9sies en langue vernaculaire na\u00eet d\u00e9j\u00e0 dot\u00e9e de perfection formelle et d\u2019une \u00e9tourdissante modernit\u00e9 qui fait qu\u2019on a pu dire que la po\u00e9sie [&hellip;]<\/p>\n","protected":false},"featured_media":17513,"template":"","meta":{"_acf_changed":false,"_genesis_hide_title":false,"_genesis_hide_breadcrumbs":false,"_genesis_hide_singular_image":false,"_genesis_hide_footer_widgets":false,"_genesis_custom_body_class":"","_genesis_custom_post_class":"","_genesis_layout":""},"product_brand":[],"product_cat":[7189,7133,7175],"product_tag":[],"class_list":{"0":"post-27719","1":"product","2":"type-product","3":"status-publish","4":"has-post-thumbnail","6":"product_cat-estudis-literaris-oc","7":"product_cat-libres-oc","8":"product_cat-literatura-oc","9":"pa_auteur-bec-peire-oc","10":"pa_editeur-pu-mediterranee-oc","11":"pa_langue-francais-oc","12":"pa_langue-occitan-oc","13":"pa_langue-occitan-medievau-oc","14":"entry","16":"first","17":"outofstock","18":"shipping-taxable","19":"purchasable","20":"product-type-simple"},"acf":[],"_links":{"self":[{"href":"https:\/\/www.libraria-occitana.org\/oc\/wp-json\/wp\/v2\/product\/27719","targetHints":{"allow":["GET"]}}],"collection":[{"href":"https:\/\/www.libraria-occitana.org\/oc\/wp-json\/wp\/v2\/product"}],"about":[{"href":"https:\/\/www.libraria-occitana.org\/oc\/wp-json\/wp\/v2\/types\/product"}],"wp:featuredmedia":[{"embeddable":true,"href":"https:\/\/www.libraria-occitana.org\/oc\/wp-json\/wp\/v2\/media\/17513"}],"wp:attachment":[{"href":"https:\/\/www.libraria-occitana.org\/oc\/wp-json\/wp\/v2\/media?parent=27719"}],"wp:term":[{"taxonomy":"product_brand","embeddable":true,"href":"https:\/\/www.libraria-occitana.org\/oc\/wp-json\/wp\/v2\/product_brand?post=27719"},{"taxonomy":"product_cat","embeddable":true,"href":"https:\/\/www.libraria-occitana.org\/oc\/wp-json\/wp\/v2\/product_cat?post=27719"},{"taxonomy":"product_tag","embeddable":true,"href":"https:\/\/www.libraria-occitana.org\/oc\/wp-json\/wp\/v2\/product_tag?post=27719"}],"curies":[{"name":"wp","href":"https:\/\/api.w.org\/{rel}","templated":true}]}}