{"id":27722,"date":"2004-10-01T17:26:15","date_gmt":"2004-10-01T16:26:15","guid":{"rendered":"http:\/\/www.libraria-occitana.org\/all-products\/antologia-de-la-nova-escritura-occitana-1980-2000?lang=oc"},"modified":"2026-04-29T04:56:08","modified_gmt":"2026-04-29T02:56:08","slug":"antologia-de-la-nova-escritura-occitana-1980-2000","status":"publish","type":"product","link":"https:\/\/www.libraria-occitana.org\/oc\/produch\/antologia-de-la-nova-escritura-occitana-1980-2000\/","title":{"rendered":"Antologia de la n\u00f2va escritura occitana 1980-2000"},"content":{"rendered":"<p>Cette <em>Anthologie de la nouvelle \u00e9criture occitane<\/em> de Giovanni Agresti est passionnante \u00e0 plusieurs titres.<\/p>\n<p>Elle comble d&#8217;abord une lacune, puisqu&#8217;elle offre un panorama de la litt\u00e9rature occitane telle qu&#8217;elle s&#8217;est \u00e9crite entre 1980 et 2000 sous la plume de la g\u00e9n\u00e9ration qui a suivi celle des fondateurs de l&#8217;Institut d&#8217;\u00c9tudes Occitanes comme Max Rouquette ou Robert Lafont. Elle propose des textes de tout jeunes auteurs comme Albin Bonnet ou Sylvain Chabaud, mais aussi des po\u00e8mes de Philippe Gardy ou Jean-Luc Sauvaigo, qui appartiennent \u00e0 la g\u00e9n\u00e9ration pr\u00e9c\u00e9dente et se caract\u00e9risent par une continuit\u00e9 d&#8217;\u00e9criture ininterrompue. Elle parcourt les deux genres narratifs et po\u00e9tiques et toutes les variantes linguistiques, du gascon (Eric Gonzal\u00e8s) ou du limousin (Jean Ganhaire) jusqu&#8217;au ni\u00e7ard (Sauvaigo, Pelhon), en passant par le languedocien (Alem Surre-Garcia, par exemple) et le proven\u00e7al (Casanova, Miniussi), soit 22 auteurs au total.<\/p>\n<p>Son parti pris de ne pr\u00e9senter que des \u00e9crivains n\u00e9s apr\u00e8s la guerre, sans nier l&#8217;importance de la g\u00e9n\u00e9ration pr\u00e9c\u00e9dente, tient \u00e0 montrer le dynamisme et la modernit\u00e9 d&#8217;une \u00e9criture qui n&#8217;a cess\u00e9 de se renouveler depuis bient\u00f4t mille ans, sans solution de continuit\u00e9, ouverte aux influences les plus r\u00e9centes comme \u00e0 l&#8217;exemple des grands anciens.<\/p>\n<p>Le point de vue excentr\u00e9 de son auteur italien, exempt des pr\u00e9jug\u00e9s hexagonaux et d\u00e9gag\u00e9 de tout enracinement territorial, permet une mise en perspective in\u00e9dite de la litt\u00e9rature occitane.<\/p>\n<p>Enfin son caract\u00e8re bilingue, la traduction fran\u00e7aise \u00e9tant donn\u00e9e avec des commentaires en fran\u00e7ais, la rend accessible \u00e0 tout lecteur.<\/p>\n","protected":false},"excerpt":{"rendered":"<p>Cette Anthologie de la nouvelle \u00e9criture occitane de Giovanni Agresti est passionnante \u00e0 plusieurs titres. Elle comble d&#8217;abord une lacune, puisqu&#8217;elle offre un panorama de la litt\u00e9rature occitane telle qu&#8217;elle s&#8217;est \u00e9crite entre 1980 et 2000 sous la plume de la g\u00e9n\u00e9ration qui a suivi celle des fondateurs de l&#8217;Institut d&#8217;\u00c9tudes Occitanes comme Max Rouquette [&hellip;]<\/p>\n","protected":false},"featured_media":27723,"template":"","meta":{"_acf_changed":false,"_genesis_hide_title":false,"_genesis_hide_breadcrumbs":false,"_genesis_hide_singular_image":false,"_genesis_hide_footer_widgets":false,"_genesis_custom_body_class":"","_genesis_custom_post_class":"","_genesis_layout":""},"product_brand":[],"product_cat":[7189,7133,7175],"product_tag":[],"class_list":{"0":"post-27722","1":"product","2":"type-product","3":"status-publish","4":"has-post-thumbnail","6":"product_cat-estudis-literaris-oc","7":"product_cat-libres-oc","8":"product_cat-literatura-oc","9":"pa_auteur-agresti-giovanni-oc","10":"pa_editeur-jorn-oc","11":"pa_editeur-le-temps-des-cerises-oc","12":"pa_langue-occitan-francais-oc","13":"entry","15":"first","16":"outofstock","17":"shipping-taxable","18":"purchasable","19":"product-type-simple"},"acf":[],"_links":{"self":[{"href":"https:\/\/www.libraria-occitana.org\/oc\/wp-json\/wp\/v2\/product\/27722","targetHints":{"allow":["GET"]}}],"collection":[{"href":"https:\/\/www.libraria-occitana.org\/oc\/wp-json\/wp\/v2\/product"}],"about":[{"href":"https:\/\/www.libraria-occitana.org\/oc\/wp-json\/wp\/v2\/types\/product"}],"wp:featuredmedia":[{"embeddable":true,"href":"https:\/\/www.libraria-occitana.org\/oc\/wp-json\/wp\/v2\/media\/27723"}],"wp:attachment":[{"href":"https:\/\/www.libraria-occitana.org\/oc\/wp-json\/wp\/v2\/media?parent=27722"}],"wp:term":[{"taxonomy":"product_brand","embeddable":true,"href":"https:\/\/www.libraria-occitana.org\/oc\/wp-json\/wp\/v2\/product_brand?post=27722"},{"taxonomy":"product_cat","embeddable":true,"href":"https:\/\/www.libraria-occitana.org\/oc\/wp-json\/wp\/v2\/product_cat?post=27722"},{"taxonomy":"product_tag","embeddable":true,"href":"https:\/\/www.libraria-occitana.org\/oc\/wp-json\/wp\/v2\/product_tag?post=27722"}],"curies":[{"name":"wp","href":"https:\/\/api.w.org\/{rel}","templated":true}]}}