{"id":27893,"date":"2013-12-01T10:35:21","date_gmt":"2013-12-01T09:35:21","guid":{"rendered":"http:\/\/www.libraria-occitana.org\/all-products\/lo-secret-daus-boscs-de-lascaus?lang=oc"},"modified":"2026-04-15T05:31:59","modified_gmt":"2026-04-15T03:31:59","slug":"lo-secret-daus-boscs-de-lascaus","status":"publish","type":"product","link":"https:\/\/www.libraria-occitana.org\/oc\/produch\/lo-secret-daus-boscs-de-lascaus\/","title":{"rendered":"Lo secret daus b\u00f2scs de Lascaus"},"content":{"rendered":"<p>Traduction de la bande dessin\u00e9e <em>Le secret des bois de Lascaux<\/em> de Thierry F\u00e9lix et Philippe Bigotto.<\/p>\n<p>Un album sur la d\u00e9couverte de la c\u00e9l\u00e8bre grotte de Lascaux, qui se lit comme une aventure o\u00f9 l&#8217;exactitude historique sert de r\u00e9f\u00e9rence. Une belle fa\u00e7on de saluer cette fabuleuse d\u00e9couverte, o\u00f9 la fiction d\u00e9passe la r\u00e9alit\u00e9, au point de devenir un excellent sc\u00e9nario de bande dessin\u00e9e.<\/p>\n<p>Exploitation p\u00e9dagogique interdisciplinaire : lecture, arts visuels, histoire, patrimoine&#8230;<br \/>\nCycle 3, coll\u00e8ge. Livret p\u00e9dagogique \u00e0 venir <a href=\"http:\/\/capoc.crdp-aquitaine.fr\/articles.php?lng=en&amp;pg=450&amp;mnuid=304&amp;tconfig=0\">sur le site du CAP&#8217;\u00d2C<\/a>.<\/p>\n","protected":false},"excerpt":{"rendered":"<p>Traduction de la bande dessin\u00e9e Le secret des bois de Lascaux de Thierry F\u00e9lix et Philippe Bigotto. Un album sur la d\u00e9couverte de la c\u00e9l\u00e8bre grotte de Lascaux, qui se lit comme une aventure o\u00f9 l&#8217;exactitude historique sert de r\u00e9f\u00e9rence. Une belle fa\u00e7on de saluer cette fabuleuse d\u00e9couverte, o\u00f9 la fiction d\u00e9passe la r\u00e9alit\u00e9, au [&hellip;]<\/p>\n","protected":false},"featured_media":27894,"template":"","meta":{"_acf_changed":false,"_genesis_hide_title":false,"_genesis_hide_breadcrumbs":false,"_genesis_hide_singular_image":false,"_genesis_hide_footer_widgets":false,"_genesis_custom_body_class":"","_genesis_custom_post_class":"","_genesis_layout":""},"product_brand":[],"product_cat":[7169,7165,7133],"product_tag":[],"class_list":{"0":"post-27893","1":"product","2":"type-product","3":"status-publish","4":"has-post-thumbnail","6":"product_cat-benda-dessenhada-oc","7":"product_cat-jounessa-bd-umor","8":"product_cat-libres-oc","9":"pa_auteur-felix-thierry-oc","10":"pa_editeur-canope-editions-oc","11":"pa_illustrateur-bigotto-philippe-oc","12":"pa_illustrateur-peyrouny-martial-oc","13":"pa_langue-occitan-oc","14":"pa_langue-occitan-lemosin-oc","15":"entry","17":"first","18":"instock","19":"shipping-taxable","20":"purchasable","21":"product-type-simple"},"acf":[],"_links":{"self":[{"href":"https:\/\/www.libraria-occitana.org\/oc\/wp-json\/wp\/v2\/product\/27893","targetHints":{"allow":["GET"]}}],"collection":[{"href":"https:\/\/www.libraria-occitana.org\/oc\/wp-json\/wp\/v2\/product"}],"about":[{"href":"https:\/\/www.libraria-occitana.org\/oc\/wp-json\/wp\/v2\/types\/product"}],"wp:featuredmedia":[{"embeddable":true,"href":"https:\/\/www.libraria-occitana.org\/oc\/wp-json\/wp\/v2\/media\/27894"}],"wp:attachment":[{"href":"https:\/\/www.libraria-occitana.org\/oc\/wp-json\/wp\/v2\/media?parent=27893"}],"wp:term":[{"taxonomy":"product_brand","embeddable":true,"href":"https:\/\/www.libraria-occitana.org\/oc\/wp-json\/wp\/v2\/product_brand?post=27893"},{"taxonomy":"product_cat","embeddable":true,"href":"https:\/\/www.libraria-occitana.org\/oc\/wp-json\/wp\/v2\/product_cat?post=27893"},{"taxonomy":"product_tag","embeddable":true,"href":"https:\/\/www.libraria-occitana.org\/oc\/wp-json\/wp\/v2\/product_tag?post=27893"}],"curies":[{"name":"wp","href":"https:\/\/api.w.org\/{rel}","templated":true}]}}