{"id":27903,"date":"2013-11-01T16:24:47","date_gmt":"2013-11-01T15:24:47","guid":{"rendered":"http:\/\/www.libraria-occitana.org\/all-products\/la-terre-est-froide-noels-chabrettes-limousines?lang=oc"},"modified":"2026-04-29T02:41:13","modified_gmt":"2026-04-29T00:41:13","slug":"la-terre-est-froide-noels-chabrettes-limousines","status":"publish","type":"product","link":"https:\/\/www.libraria-occitana.org\/oc\/produch\/la-terre-est-froide-noels-chabrettes-limousines\/","title":{"rendered":"La terre est froide &#8211; No\u00ebls : Chabrettes limousines"},"content":{"rendered":"<p><strong>Nathalie Daviau :<\/strong> orgue, chabrette limousine en Sib, chant<br \/>\n<strong>Olivier Daviau :<\/strong> grande ch\u00e8vre en Fa, chabrettes limousines en Sol et en La, vielles \u00e0 roue en Sol et en Fa, chant<br \/>\n<strong>Invit\u00e9s :<\/strong> Julien Barbances (violon) ; Romain Ben Ali (saxophone), Michel Lecam (chant), Philippe Randonneix (chant) et Pauline Randonneix (chant)<\/p>\n<p>\u00ab Pour tout m\u00e9lomane un peu averti, il saute \u00e0 l&#8217;oreille que la plupart des m\u00e9lodies qui guident les paroles de cantiques, no\u00ebls, chants de qu\u00eate et autres chants de passion, proviennent d&#8217;un r\u00e9pertoire musical aux origines plus profanes, m\u00eame quand c&#8217;est un pr\u00eatre lui-m\u00eame qui en \u00e9crit la musique ou pr\u00e9tend que tel est le cas.<br \/>\nLes airs de danses semblent ralentis mais ce sont bien ces plaisirs populaires qui servent de vecteur \u00e0 l&#8217;\u00e9l\u00e9vation de l&#8217;\u00e2me et \u00e0 la ferveur religieuse. (&#8230;)<br \/>\nEn tout cas pr\u00eater aux no\u00ebls et cantiques un caract\u00e8re \u00ab traditionnel \u00bb devient acceptable s&#8217;il est de fait que la parole transmise aux fid\u00e8les a \u00e9t\u00e9 \u00ab habill\u00e9e \u00bb de musique \u00e0 danser.<br \/>\nOn comprendra donc l&#8217;int\u00e9r\u00eat de r\u00e9unir quelques-uns des no\u00ebls et cantiques qu&#8217;une r\u00e9gion a adopt\u00e9s et que ses habitants ont v\u00e9hicul\u00e9s jusqu&#8217;\u00e0 nous, parce qu&#8217;elle nous parle d&#8217;eux. (&#8230;)<br \/>\nNous avions enregistr\u00e9 en 1986 une cassette qui r\u00e9unissait d\u00e9j\u00e0 une dizaine de m\u00e9lodies dont la plupart \u00e9taient extraites de l&#8217;ouvrage de l&#8217;abb\u00e9 Victor Pourville : \u00ab Lou cabretta\u00efri de nadalou et de nostra dama \u00bb. Nos sources, depuis, se sont \u00e9tendues et diversifi\u00e9es. (&#8230;) \u00bb<\/p>\n<p style=\"text-align: right;\">Extrait du livret<\/p>\n<p><strong>Titres :<\/strong><br \/>\n1. La Sainte Compassion 2&#8217;16<br \/>\n2. La Passion de J\u00e9sus Christ 3&#8217;14<br \/>\n3. L\u2019horloge de la Passion 3&#8217;05<br \/>\n4. No\u00ebl de madame Besseyrot 3&#8217;16<br \/>\n5. Bergers \u00e9coutez la musique \u2013 Presta lo me 3&#8217;13<br \/>\n6. Nadalet (Revelhatz-vos pastouraus) 2&#8217;33<br \/>\n7. L\u2019\u00e2me entendit 2&#8217;56<br \/>\n8. Chantez peuple de l\u2019univers. D\u2019o\u00f9 viens-tu berg\u00e8re 4&#8217;04<br \/>\n9. La l\u00e9gende de la berg\u00e8re 2&#8217;59<br \/>\n10. Tous les anges dans nos campagnes 1&#8217;01<br \/>\n11. Auvi Di\u00f9 2&#8217;28<br \/>\n12. Ribatz ribatz sount arribatz 3&#8217;16<br \/>\n13. Un joune pastre soumeilhava (1) 2&#8217;00<br \/>\n14. Un joune pastre soumeilhava (2) 2&#8217;53<br \/>\n15. Nadalou 2&#8217;18<br \/>\n16. L\u2019Annountiatiu 3&#8217;29<br \/>\n17. R\u00e9veillez-vous les gens 3&#8217;29<br \/>\n18. Lo Boun Diu, la Senta Vierza 1&#8217;48<br \/>\n19. La Passiu 2&#8217;23<br \/>\n20. Anem anem totas filhetas 2&#8217;57<br \/>\n21. N&#8217;i a guaire qu&#8217;ai auvit 2&#8217;47<br \/>\n22. Cantique de Sainte Marthe 2&#8217;44<br \/>\n23. La terra es fridza 2&#8217;12<\/p>\n","protected":false},"excerpt":{"rendered":"<p>Nathalie Daviau : orgue, chabrette limousine en Sib, chant Olivier Daviau : grande ch\u00e8vre en Fa, chabrettes limousines en Sol et en La, vielles \u00e0 roue en Sol et en Fa, chant Invit\u00e9s : Julien Barbances (violon) ; Romain Ben Ali (saxophone), Michel Lecam (chant), Philippe Randonneix (chant) et Pauline Randonneix (chant) \u00ab Pour tout [&hellip;]<\/p>\n","protected":false},"featured_media":17582,"template":"","meta":{"_acf_changed":false,"_genesis_hide_title":false,"_genesis_hide_breadcrumbs":false,"_genesis_hide_singular_image":false,"_genesis_hide_footer_widgets":false,"_genesis_custom_body_class":"","_genesis_custom_post_class":"","_genesis_layout":""},"product_brand":[],"product_cat":[16683,7229],"product_tag":[],"class_list":{"0":"post-27903","1":"product","2":"type-product","3":"status-publish","4":"has-post-thumbnail","6":"product_cat-musica-oc","7":"product_cat-novela-tradicion-oc","8":"pa_auteur-daviau-nathalie-oc","9":"pa_auteur-daviau-olivier-oc","10":"pa_editeur-aepem-oc","11":"pa_langue-francais-oc","12":"pa_langue-occitan-oc","13":"pa_langue-occitan-lemosin-oc","14":"entry","16":"first","17":"instock","18":"shipping-taxable","19":"purchasable","20":"product-type-simple"},"acf":[],"_links":{"self":[{"href":"https:\/\/www.libraria-occitana.org\/oc\/wp-json\/wp\/v2\/product\/27903","targetHints":{"allow":["GET"]}}],"collection":[{"href":"https:\/\/www.libraria-occitana.org\/oc\/wp-json\/wp\/v2\/product"}],"about":[{"href":"https:\/\/www.libraria-occitana.org\/oc\/wp-json\/wp\/v2\/types\/product"}],"wp:featuredmedia":[{"embeddable":true,"href":"https:\/\/www.libraria-occitana.org\/oc\/wp-json\/wp\/v2\/media\/17582"}],"wp:attachment":[{"href":"https:\/\/www.libraria-occitana.org\/oc\/wp-json\/wp\/v2\/media?parent=27903"}],"wp:term":[{"taxonomy":"product_brand","embeddable":true,"href":"https:\/\/www.libraria-occitana.org\/oc\/wp-json\/wp\/v2\/product_brand?post=27903"},{"taxonomy":"product_cat","embeddable":true,"href":"https:\/\/www.libraria-occitana.org\/oc\/wp-json\/wp\/v2\/product_cat?post=27903"},{"taxonomy":"product_tag","embeddable":true,"href":"https:\/\/www.libraria-occitana.org\/oc\/wp-json\/wp\/v2\/product_tag?post=27903"}],"curies":[{"name":"wp","href":"https:\/\/api.w.org\/{rel}","templated":true}]}}