{"id":27905,"date":"2013-11-01T12:18:56","date_gmt":"2013-11-01T11:18:56","guid":{"rendered":"http:\/\/www.libraria-occitana.org\/all-products\/petites-chroniques-de-germont?lang=oc"},"modified":"2026-04-02T23:11:24","modified_gmt":"2026-04-02T21:11:24","slug":"petites-chroniques-de-germont","status":"publish","type":"product","link":"https:\/\/www.libraria-occitana.org\/oc\/produch\/petites-chroniques-de-germont\/","title":{"rendered":"Petites chroniques de Germont"},"content":{"rendered":"<p>Sollicit\u00e9e par le quotidien r\u00e9gional <em>Le Populaire du Centre<\/em>, Marcelle Delpastre \u00e9crira pour ce journal bon nombre de chroniques dont vingt-neuf para\u00eetront, entre 1983 et 1988, vu leur longueur la plupart du temps en plusieurs fois, agr\u00e9ment\u00e9es de m\u00e9morables coquilles dont souvent elle fera chronique nouvelle.<\/p>\n<p>Des non-publi\u00e9es, lesquelles ne le furent pas pour avoir \u00e9t\u00e9 \u00e9cart\u00e9es, lesquelles de n&#8217;avoir pas \u00e9t\u00e9 propos\u00e9es, c&#8217;est ce que nous ne saurons jamais.<\/p>\n<p>Nous avons choisi de rassembler ici tout ce que nous avions retrouv\u00e9 dans ses carnets.<br \/>\nCes chroniques ne sont certes pas le plus important de son oeuvre, mais c&#8217;est un des rares moments o\u00f9 elle nous d\u00e9voile sa pens\u00e9e sur tel ou tel sujet, sans se soucier de plaire ou non.<br \/>\nEt les lecteurs de sa po\u00e9sie auront plaisir \u00e0 la d\u00e9couvrir plus famili\u00e8re, plus proche, comme ils peuvent aussi le faire dans ses m\u00e9moires.<\/p>\n","protected":false},"excerpt":{"rendered":"<p>Sollicit\u00e9e par le quotidien r\u00e9gional Le Populaire du Centre, Marcelle Delpastre \u00e9crira pour ce journal bon nombre de chroniques dont vingt-neuf para\u00eetront, entre 1983 et 1988, vu leur longueur la plupart du temps en plusieurs fois, agr\u00e9ment\u00e9es de m\u00e9morables coquilles dont souvent elle fera chronique nouvelle. Des non-publi\u00e9es, lesquelles ne le furent pas pour avoir [&hellip;]<\/p>\n","protected":false},"featured_media":27906,"template":"","meta":{"_acf_changed":false,"_genesis_hide_title":false,"_genesis_hide_breadcrumbs":false,"_genesis_hide_singular_image":false,"_genesis_hide_footer_widgets":false,"_genesis_custom_body_class":"","_genesis_custom_post_class":"","_genesis_layout":""},"product_brand":[],"product_cat":[7133,7175,7187],"product_tag":[],"class_list":{"0":"post-27905","1":"product","2":"type-product","3":"status-publish","4":"has-post-thumbnail","6":"product_cat-libres-oc","7":"product_cat-literatura-oc","8":"product_cat-temonhatges-memoris-oc","9":"pa_auteur-delpastre-marcela-oc","10":"pa_editeur-lo-chamin-de-sent-jaume-oc","11":"pa_langue-francais-oc","12":"entry","14":"first","15":"instock","16":"shipping-taxable","17":"purchasable","18":"product-type-simple"},"acf":[],"_links":{"self":[{"href":"https:\/\/www.libraria-occitana.org\/oc\/wp-json\/wp\/v2\/product\/27905","targetHints":{"allow":["GET"]}}],"collection":[{"href":"https:\/\/www.libraria-occitana.org\/oc\/wp-json\/wp\/v2\/product"}],"about":[{"href":"https:\/\/www.libraria-occitana.org\/oc\/wp-json\/wp\/v2\/types\/product"}],"wp:featuredmedia":[{"embeddable":true,"href":"https:\/\/www.libraria-occitana.org\/oc\/wp-json\/wp\/v2\/media\/27906"}],"wp:attachment":[{"href":"https:\/\/www.libraria-occitana.org\/oc\/wp-json\/wp\/v2\/media?parent=27905"}],"wp:term":[{"taxonomy":"product_brand","embeddable":true,"href":"https:\/\/www.libraria-occitana.org\/oc\/wp-json\/wp\/v2\/product_brand?post=27905"},{"taxonomy":"product_cat","embeddable":true,"href":"https:\/\/www.libraria-occitana.org\/oc\/wp-json\/wp\/v2\/product_cat?post=27905"},{"taxonomy":"product_tag","embeddable":true,"href":"https:\/\/www.libraria-occitana.org\/oc\/wp-json\/wp\/v2\/product_tag?post=27905"}],"curies":[{"name":"wp","href":"https:\/\/api.w.org\/{rel}","templated":true}]}}