{"id":27915,"date":"2013-11-01T09:21:03","date_gmt":"2013-11-01T08:21:03","guid":{"rendered":"http:\/\/www.libraria-occitana.org\/all-products\/poletoneta-libre-cd?lang=oc"},"modified":"2026-04-29T06:26:29","modified_gmt":"2026-04-29T04:26:29","slug":"poletoneta-libre-cd","status":"publish","type":"product","link":"https:\/\/www.libraria-occitana.org\/oc\/produch\/poletoneta-libre-cd\/","title":{"rendered":"Poletoneta (libre + CD)"},"content":{"rendered":"<p>\u00c8ra un c\u00f2p una pola que, a f\u00f2r\u00e7a de gratussar la terra, descrubiguet un sac de pe\u00e7as d&#8217;aur. A &#8216;queu moment passet un \u00f2me plan bien vestit sus lo chamin. Eu li disset :<br \/>\n&#8211; Dame pola, deurias me prestar &#8216;queu sac.<br \/>\n&#8211; \u00d2, que non, li responguet la jalineta, me lo tornarias jamai !<\/p>\n<p>Adaptacion per lo CAP&#8217;\u00d2C d&#8217;un conte tradicionau. Album de lectura per lo cicle 1 ; una ist\u00f2ria que s&#8217;apoia sus de las construccions sintaxicas que se repeten, \u00e7\u00f2 que permet &#8216;n&#8217;expleitacion lingatgiera per los cicles 1 e 2.<\/p>\n<p>Libreton pedagogic <a href=\"http:\/\/capoc.crdp-aquitaine.fr\/articles.php?lng=en&amp;pg=450&amp;mnuid=304&amp;tconfig=0\">sus lo site dau CAP&#8217;\u00d2C<\/a>.<\/p>\n","protected":false},"excerpt":{"rendered":"<p>\u00c8ra un c\u00f2p una pola que, a f\u00f2r\u00e7a de gratussar la terra, descrubiguet un sac de pe\u00e7as d&#8217;aur. A &#8216;queu moment passet un \u00f2me plan bien vestit sus lo chamin. Eu li disset : &#8211; Dame pola, deurias me prestar &#8216;queu sac. &#8211; \u00d2, que non, li responguet la jalineta, me lo tornarias jamai ! [&hellip;]<\/p>\n","protected":false},"featured_media":27916,"template":"","meta":{"_acf_changed":false,"_genesis_hide_title":false,"_genesis_hide_breadcrumbs":false,"_genesis_hide_singular_image":false,"_genesis_hide_footer_widgets":false,"_genesis_custom_body_class":"","_genesis_custom_post_class":"","_genesis_layout":""},"product_brand":[],"product_cat":[7171,7133,7175],"product_tag":[],"class_list":{"0":"post-27915","1":"product","2":"type-product","3":"status-publish","4":"has-post-thumbnail","6":"product_cat-drolles-oc","7":"product_cat-libres-oc","8":"product_cat-literatura-oc","9":"pa_auteur-capoc-oc","10":"pa_auteur-tradicionau-oc","11":"pa_editeur-canope-editions-oc","12":"pa_illustrateur-jelinska-danuta-oc","13":"pa_illustrateur-ratinaud-patrick-ratineaud-patrick-oc","14":"pa_langue-occitan-lemosin-oc","15":"pa_langue-occitan-francais-oc","16":"entry","18":"first","19":"outofstock","20":"shipping-taxable","21":"purchasable","22":"product-type-simple"},"acf":[],"_links":{"self":[{"href":"https:\/\/www.libraria-occitana.org\/oc\/wp-json\/wp\/v2\/product\/27915","targetHints":{"allow":["GET"]}}],"collection":[{"href":"https:\/\/www.libraria-occitana.org\/oc\/wp-json\/wp\/v2\/product"}],"about":[{"href":"https:\/\/www.libraria-occitana.org\/oc\/wp-json\/wp\/v2\/types\/product"}],"wp:featuredmedia":[{"embeddable":true,"href":"https:\/\/www.libraria-occitana.org\/oc\/wp-json\/wp\/v2\/media\/27916"}],"wp:attachment":[{"href":"https:\/\/www.libraria-occitana.org\/oc\/wp-json\/wp\/v2\/media?parent=27915"}],"wp:term":[{"taxonomy":"product_brand","embeddable":true,"href":"https:\/\/www.libraria-occitana.org\/oc\/wp-json\/wp\/v2\/product_brand?post=27915"},{"taxonomy":"product_cat","embeddable":true,"href":"https:\/\/www.libraria-occitana.org\/oc\/wp-json\/wp\/v2\/product_cat?post=27915"},{"taxonomy":"product_tag","embeddable":true,"href":"https:\/\/www.libraria-occitana.org\/oc\/wp-json\/wp\/v2\/product_tag?post=27915"}],"curies":[{"name":"wp","href":"https:\/\/api.w.org\/{rel}","templated":true}]}}