{"id":27925,"date":"2013-10-01T13:32:13","date_gmt":"2013-10-01T12:32:13","guid":{"rendered":"http:\/\/www.libraria-occitana.org\/all-products\/limousin-sur-grand-ecran?lang=oc"},"modified":"2024-07-04T00:42:18","modified_gmt":"2024-07-03T22:42:18","slug":"limousin-sur-grand-ecran","status":"publish","type":"product","link":"https:\/\/www.libraria-occitana.org\/oc\/produch\/limousin-sur-grand-ecran\/","title":{"rendered":"Limousin sur grand \u00e9cran"},"content":{"rendered":"<p>En \u00e9troite collaboration avec la Cin\u00e9math\u00e8que du Limousin, cet ouvrage pr\u00e9sente les principales cr\u00e9ations ayant marqu\u00e9, depuis 1913, l\u2019histoire du 7\u00e8me Art en Corr\u00e8ze, Creuse et Haute-Vienne.<\/p>\n<p>Il s\u2019agit moins d\u2019un catalogue exhaustif que d\u2019une promenade \u00e0 travers les regards singuliers d\u2019un collectif d\u2019auteurs amoureux du cin\u00e9ma : historiens, \u00e9crivains, journalistes, tous cin\u00e9philes partis \u00e0 la rencontre de Duvivier, Miller, Ch\u00e9reau et bien d\u2019autres.<\/p>\n<p>On y d\u00e9couvrira des documents rares, films mythiques ou tournages m\u00e9connus ; on reconna\u00eetra des paysages, des monuments ayant servi de d\u00e9cors ; on y apprendra quels lieux, quels personnages, quels romans, quels \u00e9v\u00e9nements propres au Limousin ont, \u00e0 leur tour, inspir\u00e9 des films et contribu\u00e9 \u00e0 la renomm\u00e9e de la r\u00e9gion.<\/p>\n","protected":false},"excerpt":{"rendered":"<p>En \u00e9troite collaboration avec la Cin\u00e9math\u00e8que du Limousin, cet ouvrage pr\u00e9sente les principales cr\u00e9ations ayant marqu\u00e9, depuis 1913, l\u2019histoire du 7\u00e8me Art en Corr\u00e8ze, Creuse et Haute-Vienne. Il s\u2019agit moins d\u2019un catalogue exhaustif que d\u2019une promenade \u00e0 travers les regards singuliers d\u2019un collectif d\u2019auteurs amoureux du cin\u00e9ma : historiens, \u00e9crivains, journalistes, tous cin\u00e9philes partis \u00e0 [&hellip;]<\/p>\n","protected":false},"featured_media":27926,"template":"","meta":{"_acf_changed":false,"_genesis_hide_title":false,"_genesis_hide_breadcrumbs":false,"_genesis_hide_singular_image":false,"_genesis_hide_footer_widgets":false,"_genesis_custom_body_class":"","_genesis_custom_post_class":"","_genesis_layout":""},"product_brand":[],"product_cat":[7135,7133],"product_tag":[],"class_list":{"0":"post-27925","1":"product","2":"type-product","3":"status-publish","4":"has-post-thumbnail","6":"product_cat-arts-oc","7":"product_cat-libres-oc","8":"pa_auteur-collectiu-oc-2","9":"pa_auteur-grandcoing-philippe-oc","10":"pa_auteur-wilmart-marc-oc","11":"pa_editeur-culture-patrimoine-en-limousin-oc","12":"pa_langue-francais-oc","13":"entry","15":"first","16":"outofstock","17":"shipping-taxable","18":"purchasable","19":"product-type-simple"},"acf":[],"_links":{"self":[{"href":"https:\/\/www.libraria-occitana.org\/oc\/wp-json\/wp\/v2\/product\/27925","targetHints":{"allow":["GET"]}}],"collection":[{"href":"https:\/\/www.libraria-occitana.org\/oc\/wp-json\/wp\/v2\/product"}],"about":[{"href":"https:\/\/www.libraria-occitana.org\/oc\/wp-json\/wp\/v2\/types\/product"}],"wp:featuredmedia":[{"embeddable":true,"href":"https:\/\/www.libraria-occitana.org\/oc\/wp-json\/wp\/v2\/media\/27926"}],"wp:attachment":[{"href":"https:\/\/www.libraria-occitana.org\/oc\/wp-json\/wp\/v2\/media?parent=27925"}],"wp:term":[{"taxonomy":"product_brand","embeddable":true,"href":"https:\/\/www.libraria-occitana.org\/oc\/wp-json\/wp\/v2\/product_brand?post=27925"},{"taxonomy":"product_cat","embeddable":true,"href":"https:\/\/www.libraria-occitana.org\/oc\/wp-json\/wp\/v2\/product_cat?post=27925"},{"taxonomy":"product_tag","embeddable":true,"href":"https:\/\/www.libraria-occitana.org\/oc\/wp-json\/wp\/v2\/product_tag?post=27925"}],"curies":[{"name":"wp","href":"https:\/\/api.w.org\/{rel}","templated":true}]}}