{"id":27930,"date":"2011-11-01T15:29:40","date_gmt":"2011-11-01T14:29:40","guid":{"rendered":"http:\/\/www.libraria-occitana.org\/all-products\/brive-et-le-pays-de-brive-regards-sur-un-patrimoine?lang=oc"},"modified":"2026-04-29T10:46:45","modified_gmt":"2026-04-29T08:46:45","slug":"brive-et-le-pays-de-brive-regards-sur-un-patrimoine","status":"publish","type":"product","link":"https:\/\/www.libraria-occitana.org\/oc\/produch\/brive-et-le-pays-de-brive-regards-sur-un-patrimoine\/","title":{"rendered":"Brive et le pays de Brive : Regards sur un patrimoine"},"content":{"rendered":"<p>&#8211; Brive, promenade patrimoniale par Fr\u00e9d\u00e9ric Le Hech<br \/>\n&#8211; Le pays de Brive, un d\u00e9fi \u00e0 l&#8217;histoire par Jean-Michel Valade<br \/>\n&#8211; Le b\u00e2ti rural, une somme d&#8217;originalit\u00e9s par Jean-Pierre Lacombe<br \/>\n&#8211; \u00c9glises romanes du bas-pays corr\u00e9zien par David Marmonier<br \/>\n&#8211; Mille saveurs sur un plateau par Laurent Derne<\/p>\n","protected":false},"excerpt":{"rendered":"<p>&#8211; Brive, promenade patrimoniale par Fr\u00e9d\u00e9ric Le Hech &#8211; Le pays de Brive, un d\u00e9fi \u00e0 l&#8217;histoire par Jean-Michel Valade &#8211; Le b\u00e2ti rural, une somme d&#8217;originalit\u00e9s par Jean-Pierre Lacombe &#8211; \u00c9glises romanes du bas-pays corr\u00e9zien par David Marmonier &#8211; Mille saveurs sur un plateau par Laurent Derne<\/p>\n","protected":false},"featured_media":36351,"template":"","meta":{"_acf_changed":false,"_genesis_hide_title":false,"_genesis_hide_breadcrumbs":false,"_genesis_hide_singular_image":false,"_genesis_hide_footer_widgets":false,"_genesis_custom_body_class":"","_genesis_custom_post_class":"","_genesis_layout":""},"product_brand":[],"product_cat":[7133,7215,7239,7207],"product_tag":[],"class_list":{"0":"post-27930","1":"product","2":"type-product","3":"status-publish","4":"has-post-thumbnail","6":"product_cat-libres-oc","7":"product_cat-patrimoni-bastit-oc","8":"product_cat-promos-oc","9":"product_cat-tradicions-patrimoni-oc","10":"pa_auteur-collectiu-oc-2","11":"pa_editeur-loubatieres-oc","12":"pa_langue-francais-oc","13":"entry","15":"first","16":"instock","17":"shipping-taxable","18":"purchasable","19":"product-type-simple"},"acf":[],"_links":{"self":[{"href":"https:\/\/www.libraria-occitana.org\/oc\/wp-json\/wp\/v2\/product\/27930","targetHints":{"allow":["GET"]}}],"collection":[{"href":"https:\/\/www.libraria-occitana.org\/oc\/wp-json\/wp\/v2\/product"}],"about":[{"href":"https:\/\/www.libraria-occitana.org\/oc\/wp-json\/wp\/v2\/types\/product"}],"wp:featuredmedia":[{"embeddable":true,"href":"https:\/\/www.libraria-occitana.org\/oc\/wp-json\/wp\/v2\/media\/36351"}],"wp:attachment":[{"href":"https:\/\/www.libraria-occitana.org\/oc\/wp-json\/wp\/v2\/media?parent=27930"}],"wp:term":[{"taxonomy":"product_brand","embeddable":true,"href":"https:\/\/www.libraria-occitana.org\/oc\/wp-json\/wp\/v2\/product_brand?post=27930"},{"taxonomy":"product_cat","embeddable":true,"href":"https:\/\/www.libraria-occitana.org\/oc\/wp-json\/wp\/v2\/product_cat?post=27930"},{"taxonomy":"product_tag","embeddable":true,"href":"https:\/\/www.libraria-occitana.org\/oc\/wp-json\/wp\/v2\/product_tag?post=27930"}],"curies":[{"name":"wp","href":"https:\/\/api.w.org\/{rel}","templated":true}]}}