{"id":27932,"date":"2011-11-01T14:20:04","date_gmt":"2011-11-01T13:20:04","guid":{"rendered":"http:\/\/www.libraria-occitana.org\/all-products\/al-fial-del-temps-vira-lo-vent-au-fil-du-temps-vire-le-vent-libre-cd?lang=oc"},"modified":"2026-04-29T11:04:58","modified_gmt":"2026-04-29T09:04:58","slug":"al-fial-del-temps-vira-lo-vent-au-fil-du-temps-vire-le-vent-libre-cd","status":"publish","type":"product","link":"https:\/\/www.libraria-occitana.org\/oc\/produch\/al-fial-del-temps-vira-lo-vent-au-fil-du-temps-vire-le-vent-libre-cd\/","title":{"rendered":"Al fial del temps vira lo vent&#8230; &#8211; Au fil du temps vire le vent&#8230; (libre + CD)"},"content":{"rendered":"<p>Joan Racina \u00e8ra pas un descendent de l&#8217;autor d&#8217;Andromaca e de F\u00e8dra. Quauques s\u00e8gles los separavan e n-avi\u00e1n pas res de comun. Lo mi\u00f2ne, z-el, \u00e8ra m\u00e8s qu&#8217;un paure mendicaire.<br \/>\nLo sonavan atal per \u00e7\u00f2 que, quand avi\u00e1 fait tres pas en avant, en fasi\u00e1 un o dos en arri\u00e8r.<br \/>\nAtal, pareis, se fason los progr\u00e8sses : tota una filosofia, una dialectica dont n-avi\u00e1 pas jamai ausit parlar&#8230;<\/p>\n<p>Del s\u00e8gle XVIII dusca al jorn d&#8217;au\u00e8i, trenta contes ont la cultura classica s&#8217;ajusta a la coneissen\u00e7a intima de la lenga mairala, de la cultura populara, dels paisatges e de la natura, als sovenirs d&#8217;enfan\u00e7a&#8230; Bofonari\u00e1 o saviesa, sagacitat de l&#8217;agach, ju\u00f2cs de mots e de ritmes : un recu\u00e8lh variat qu&#8217;engendra pas malenconi\u00e1.<\/p>\n","protected":false},"excerpt":{"rendered":"<p>Joan Racina \u00e8ra pas un descendent de l&#8217;autor d&#8217;Andromaca e de F\u00e8dra. Quauques s\u00e8gles los separavan e n-avi\u00e1n pas res de comun. Lo mi\u00f2ne, z-el, \u00e8ra m\u00e8s qu&#8217;un paure mendicaire. Lo sonavan atal per \u00e7\u00f2 que, quand avi\u00e1 fait tres pas en avant, en fasi\u00e1 un o dos en arri\u00e8r. Atal, pareis, se fason los [&hellip;]<\/p>\n","protected":false},"featured_media":36354,"template":"","meta":{"_acf_changed":false,"_genesis_hide_title":false,"_genesis_hide_breadcrumbs":false,"_genesis_hide_singular_image":false,"_genesis_hide_footer_widgets":false,"_genesis_custom_body_class":"","_genesis_custom_post_class":"","_genesis_layout":""},"product_brand":[],"product_cat":[7177,7133,7175],"product_tag":[],"class_list":{"0":"post-27932","1":"product","2":"type-product","3":"status-publish","4":"has-post-thumbnail","6":"product_cat-contes-fablas-oc","7":"product_cat-libres-oc","8":"product_cat-literatura-oc","9":"pa_auteur-mauri-jorgi-maurici-oc","10":"pa_editeur-lostal-del-libre-oc","11":"pa_illustrateur-sarre-jorgi-oc","12":"pa_langue-occitan-lengadocian-oc","13":"pa_langue-occitan-francais-oc","14":"entry","16":"first","17":"instock","18":"shipping-taxable","19":"purchasable","20":"product-type-simple"},"acf":[],"_links":{"self":[{"href":"https:\/\/www.libraria-occitana.org\/oc\/wp-json\/wp\/v2\/product\/27932","targetHints":{"allow":["GET"]}}],"collection":[{"href":"https:\/\/www.libraria-occitana.org\/oc\/wp-json\/wp\/v2\/product"}],"about":[{"href":"https:\/\/www.libraria-occitana.org\/oc\/wp-json\/wp\/v2\/types\/product"}],"wp:featuredmedia":[{"embeddable":true,"href":"https:\/\/www.libraria-occitana.org\/oc\/wp-json\/wp\/v2\/media\/36354"}],"wp:attachment":[{"href":"https:\/\/www.libraria-occitana.org\/oc\/wp-json\/wp\/v2\/media?parent=27932"}],"wp:term":[{"taxonomy":"product_brand","embeddable":true,"href":"https:\/\/www.libraria-occitana.org\/oc\/wp-json\/wp\/v2\/product_brand?post=27932"},{"taxonomy":"product_cat","embeddable":true,"href":"https:\/\/www.libraria-occitana.org\/oc\/wp-json\/wp\/v2\/product_cat?post=27932"},{"taxonomy":"product_tag","embeddable":true,"href":"https:\/\/www.libraria-occitana.org\/oc\/wp-json\/wp\/v2\/product_tag?post=27932"}],"curies":[{"name":"wp","href":"https:\/\/api.w.org\/{rel}","templated":true}]}}