{"id":27935,"date":"2011-11-01T12:08:09","date_gmt":"2011-11-01T11:08:09","guid":{"rendered":"http:\/\/www.libraria-occitana.org\/all-products\/istorias-cochosas?lang=oc"},"modified":"2026-04-29T06:26:17","modified_gmt":"2026-04-29T04:26:17","slug":"istorias-cochosas","status":"publish","type":"product","link":"https:\/\/www.libraria-occitana.org\/oc\/produch\/istorias-cochosas\/","title":{"rendered":"Ist\u00f2rias cochosas"},"content":{"rendered":"<p><strong>[oc]<\/strong><br \/>\nUna traduccion de <em>Histoires press\u00e9es<\/em> de Bernard Friot (ed. Milan).<\/p>\n<p>Las ist\u00f2rias cochosas, quo es de las pitas ist\u00f2rias de saborar a taula entre doas gorjadas, a l&#8217;esc\u00f2la dins l&#8217;airau de jugada, o be alhors si qu\u00f2 nos chanta.<br \/>\nIst\u00f2rias de chabar, de sarcinar, de peciar en mila bocins. Ren mas lo temps d&#8217;un risotin, d&#8217;un frijoladis o d&#8217;una esmoguda.<br \/>\n&#8216;Rieba si tant de causas estranhas dins la vita quante um sap de quau biais la visar !<\/p>\n<p><strong>[fr]<\/strong><br \/>\nUne traduction de <em>Histoires press\u00e9es<\/em> de Bernard Friot (\u00e9d. Milan).<\/p>\n<p>Les histoires press\u00e9es sont des histoires courtes qui peuvent se d\u00e9guster \u00e0 table entre deux bouch\u00e9es, \u00e0 l&#8217;\u00e9cole pendant la r\u00e9cr\u00e9ation ou o\u00f9 que l&#8217;on soit. Ce sont des histoires \u00e0 finir, \u00e0 rapi\u00e9cer, \u00e0 d\u00e9truire en mille morceaux.<\/p>\n","protected":false},"excerpt":{"rendered":"<p>[oc] Una traduccion de Histoires press\u00e9es de Bernard Friot (ed. Milan). Las ist\u00f2rias cochosas, quo es de las pitas ist\u00f2rias de saborar a taula entre doas gorjadas, a l&#8217;esc\u00f2la dins l&#8217;airau de jugada, o be alhors si qu\u00f2 nos chanta. Ist\u00f2rias de chabar, de sarcinar, de peciar en mila bocins. Ren mas lo temps d&#8217;un [&hellip;]<\/p>\n","protected":false},"featured_media":27936,"template":"","meta":{"_acf_changed":false,"_genesis_hide_title":false,"_genesis_hide_breadcrumbs":false,"_genesis_hide_singular_image":false,"_genesis_hide_footer_widgets":false,"_genesis_custom_body_class":"","_genesis_custom_post_class":"","_genesis_layout":""},"product_brand":[],"product_cat":[7167,7165,7133],"product_tag":[],"class_list":{"0":"post-27935","1":"product","2":"type-product","3":"status-publish","4":"has-post-thumbnail","6":"product_cat-ados-oc","7":"product_cat-jounessa-bd-umor","8":"product_cat-libres-oc","9":"pa_auteur-friot-bernard-oc","10":"pa_editeur-canope-editions-oc","11":"pa_illustrateur-combi-bernat-comby-bernard-oc","12":"pa_langue-occitan-oc","13":"pa_langue-occitan-lemosin-oc","14":"entry","16":"first","17":"outofstock","18":"shipping-taxable","19":"purchasable","20":"product-type-simple"},"acf":[],"_links":{"self":[{"href":"https:\/\/www.libraria-occitana.org\/oc\/wp-json\/wp\/v2\/product\/27935","targetHints":{"allow":["GET"]}}],"collection":[{"href":"https:\/\/www.libraria-occitana.org\/oc\/wp-json\/wp\/v2\/product"}],"about":[{"href":"https:\/\/www.libraria-occitana.org\/oc\/wp-json\/wp\/v2\/types\/product"}],"wp:featuredmedia":[{"embeddable":true,"href":"https:\/\/www.libraria-occitana.org\/oc\/wp-json\/wp\/v2\/media\/27936"}],"wp:attachment":[{"href":"https:\/\/www.libraria-occitana.org\/oc\/wp-json\/wp\/v2\/media?parent=27935"}],"wp:term":[{"taxonomy":"product_brand","embeddable":true,"href":"https:\/\/www.libraria-occitana.org\/oc\/wp-json\/wp\/v2\/product_brand?post=27935"},{"taxonomy":"product_cat","embeddable":true,"href":"https:\/\/www.libraria-occitana.org\/oc\/wp-json\/wp\/v2\/product_cat?post=27935"},{"taxonomy":"product_tag","embeddable":true,"href":"https:\/\/www.libraria-occitana.org\/oc\/wp-json\/wp\/v2\/product_tag?post=27935"}],"curies":[{"name":"wp","href":"https:\/\/api.w.org\/{rel}","templated":true}]}}