{"id":28149,"date":"2006-06-01T11:44:11","date_gmt":"2006-06-01T09:44:11","guid":{"rendered":"http:\/\/www.libraria-occitana.org\/all-products\/atlas-des-peuples-deurope-occidentale?lang=oc"},"modified":"2026-04-29T10:25:38","modified_gmt":"2026-04-29T08:25:38","slug":"atlas-des-peuples-deurope-occidentale","status":"publish","type":"product","link":"https:\/\/www.libraria-occitana.org\/oc\/produch\/atlas-des-peuples-deurope-occidentale\/","title":{"rendered":"Atlas des peuples d&#8217;Europe occidentale"},"content":{"rendered":"<p>Alors que l&#8217;Union europ\u00e9enne s&#8217;\u00e9largit, l&#8217;affirmation des identit\u00e9s nationales ne faiblit pas. En r\u00e9alit\u00e9, c&#8217;est la substance m\u00eame de l&#8217;histoire de l&#8217;Europe qui continue de se manifester : elle a toujours r\u00e9sult\u00e9 de tensions et de compromis entre des constructions politiques ambitieuses (\u00e0 commencer par l&#8217;empire de Charlemagne&#8230;) et l&#8217;irr\u00e9ductible diversit\u00e9 culturelle des populations concern\u00e9es.<\/p>\n<p>&#8220;Une p\u00e9n\u00e9trante et s\u00e9duisante analyse des peuples d&#8217;Europe occidentale, dans la double dimension de la g\u00e9ographie et de l&#8217;histoire, des royaumes barbares \u00e0 l&#8217;Union europ\u00e9enne. Un espace ouvert \u00e0 toutes les migrations et \u00e0 toutes les aventures, jamais stabilis\u00e9, et peut-\u00eatre en voie de l&#8217;\u00eatre.&#8221;<\/p>\n<p style=\"text-align: right;\"><em>Le Monde<\/em><\/p>\n<p>&#8220;Les cartes valent mieux qu&#8217;un long discours. Cela \u00e9tant, les explications de Jean et Andr\u00e9 Sellier \u00e9clairent magistralement l&#8217;illustration de cet atlas o\u00f9, du Moyen \u00c2ge \u00e0 nos jours, l&#8217;Europe occidentale, Scandinavie comprise, appara\u00eet dans toute son \u00e9paisseur ethnique, linguistique, spatiale, religieuse et politique.&#8221;<\/p>\n<p style=\"text-align: right;\"><em>Lire<\/em><\/p>\n","protected":false},"excerpt":{"rendered":"<p>Alors que l&#8217;Union europ\u00e9enne s&#8217;\u00e9largit, l&#8217;affirmation des identit\u00e9s nationales ne faiblit pas. En r\u00e9alit\u00e9, c&#8217;est la substance m\u00eame de l&#8217;histoire de l&#8217;Europe qui continue de se manifester : elle a toujours r\u00e9sult\u00e9 de tensions et de compromis entre des constructions politiques ambitieuses (\u00e0 commencer par l&#8217;empire de Charlemagne&#8230;) et l&#8217;irr\u00e9ductible diversit\u00e9 culturelle des populations concern\u00e9es. [&hellip;]<\/p>\n","protected":false},"featured_media":36501,"template":"","meta":{"_acf_changed":false,"_genesis_hide_title":false,"_genesis_hide_breadcrumbs":false,"_genesis_hide_singular_image":false,"_genesis_hide_footer_widgets":false,"_genesis_custom_body_class":"","_genesis_custom_post_class":"","_genesis_layout":""},"product_brand":[],"product_cat":[7153,7149,7133],"product_tag":[],"class_list":{"0":"post-28149","1":"product","2":"type-product","3":"status-publish","4":"has-post-thumbnail","6":"product_cat-geografia-oc","7":"product_cat-istoria-geografia-oc","8":"product_cat-libres-oc","9":"pa_auteur-sellier-andre-oc","10":"pa_auteur-sellier-jean-oc","11":"pa_editeur-la-decouverte-oc","12":"pa_langue-francais-oc","13":"entry","15":"first","16":"outofstock","17":"shipping-taxable","18":"purchasable","19":"product-type-simple"},"acf":[],"_links":{"self":[{"href":"https:\/\/www.libraria-occitana.org\/oc\/wp-json\/wp\/v2\/product\/28149","targetHints":{"allow":["GET"]}}],"collection":[{"href":"https:\/\/www.libraria-occitana.org\/oc\/wp-json\/wp\/v2\/product"}],"about":[{"href":"https:\/\/www.libraria-occitana.org\/oc\/wp-json\/wp\/v2\/types\/product"}],"wp:featuredmedia":[{"embeddable":true,"href":"https:\/\/www.libraria-occitana.org\/oc\/wp-json\/wp\/v2\/media\/36501"}],"wp:attachment":[{"href":"https:\/\/www.libraria-occitana.org\/oc\/wp-json\/wp\/v2\/media?parent=28149"}],"wp:term":[{"taxonomy":"product_brand","embeddable":true,"href":"https:\/\/www.libraria-occitana.org\/oc\/wp-json\/wp\/v2\/product_brand?post=28149"},{"taxonomy":"product_cat","embeddable":true,"href":"https:\/\/www.libraria-occitana.org\/oc\/wp-json\/wp\/v2\/product_cat?post=28149"},{"taxonomy":"product_tag","embeddable":true,"href":"https:\/\/www.libraria-occitana.org\/oc\/wp-json\/wp\/v2\/product_tag?post=28149"}],"curies":[{"name":"wp","href":"https:\/\/api.w.org\/{rel}","templated":true}]}}