{"id":28152,"date":"2006-05-01T11:18:18","date_gmt":"2006-05-01T10:18:18","guid":{"rendered":"http:\/\/www.libraria-occitana.org\/all-products\/lorchestre-dharmonie-des-enfants-de-tulle-lemouzi-n178-bis?lang=oc"},"modified":"2026-04-16T02:11:47","modified_gmt":"2026-04-16T00:11:47","slug":"lorchestre-dharmonie-des-enfants-de-tulle-lemouzi-n178-bis","status":"publish","type":"product","link":"https:\/\/www.libraria-occitana.org\/oc\/produch\/lorchestre-dharmonie-des-enfants-de-tulle-lemouzi-n178-bis\/","title":{"rendered":"L&#8217;orchestre d&#8217;harmonie des Enfants de Tulle \/ Lemouzi N\u00b0178 bis"},"content":{"rendered":"<p><em>L&#8217;orchestre d&#8217;harmonie des Enfants de Tulle, cent cinquante ann\u00e9es au service de la Musique<\/em>, est le r\u00e9cit de l&#8217;\u00e9pop\u00e9e de cette soci\u00e9t\u00e9 musicale s\u00e9culaire dont l&#8217;histoire est si \u00e9troitement li\u00e9e \u00e0 celle de Tulle et de la Corr\u00e8ze. L&#8217;auteur d\u00e9taille la gen\u00e8se des <em>Enfants de Tulle<\/em>, les deux \u00e2ges d&#8217;or qu&#8217;a connus cet orchestre, et les \u00e9v\u00e9nements qui ont jalonn\u00e9 l&#8217;existence des harmonies amateurs.<\/p>\n","protected":false},"excerpt":{"rendered":"<p>L&#8217;orchestre d&#8217;harmonie des Enfants de Tulle, cent cinquante ann\u00e9es au service de la Musique, est le r\u00e9cit de l&#8217;\u00e9pop\u00e9e de cette soci\u00e9t\u00e9 musicale s\u00e9culaire dont l&#8217;histoire est si \u00e9troitement li\u00e9e \u00e0 celle de Tulle et de la Corr\u00e8ze. L&#8217;auteur d\u00e9taille la gen\u00e8se des Enfants de Tulle, les deux \u00e2ges d&#8217;or qu&#8217;a connus cet orchestre, et [&hellip;]<\/p>\n","protected":false},"featured_media":28153,"template":"","meta":{"_acf_changed":false,"_genesis_hide_title":false,"_genesis_hide_breadcrumbs":false,"_genesis_hide_singular_image":false,"_genesis_hide_footer_widgets":false,"_genesis_custom_body_class":"","_genesis_custom_post_class":"","_genesis_layout":""},"product_brand":[],"product_cat":[7159,7149,7133],"product_tag":[],"class_list":{"0":"post-28152","1":"product","2":"type-product","3":"status-publish","4":"has-post-thumbnail","6":"product_cat-istoria-moderna-e-contemporala-oc","7":"product_cat-istoria-geografia-oc","8":"product_cat-libres-oc","9":"pa_auteur-kraus-jean-michel-oc","10":"pa_editeur-lemouzi-oc","11":"pa_langue-francais-oc","12":"entry","14":"first","15":"instock","16":"shipping-taxable","17":"purchasable","18":"product-type-simple"},"acf":[],"_links":{"self":[{"href":"https:\/\/www.libraria-occitana.org\/oc\/wp-json\/wp\/v2\/product\/28152","targetHints":{"allow":["GET"]}}],"collection":[{"href":"https:\/\/www.libraria-occitana.org\/oc\/wp-json\/wp\/v2\/product"}],"about":[{"href":"https:\/\/www.libraria-occitana.org\/oc\/wp-json\/wp\/v2\/types\/product"}],"wp:featuredmedia":[{"embeddable":true,"href":"https:\/\/www.libraria-occitana.org\/oc\/wp-json\/wp\/v2\/media\/28153"}],"wp:attachment":[{"href":"https:\/\/www.libraria-occitana.org\/oc\/wp-json\/wp\/v2\/media?parent=28152"}],"wp:term":[{"taxonomy":"product_brand","embeddable":true,"href":"https:\/\/www.libraria-occitana.org\/oc\/wp-json\/wp\/v2\/product_brand?post=28152"},{"taxonomy":"product_cat","embeddable":true,"href":"https:\/\/www.libraria-occitana.org\/oc\/wp-json\/wp\/v2\/product_cat?post=28152"},{"taxonomy":"product_tag","embeddable":true,"href":"https:\/\/www.libraria-occitana.org\/oc\/wp-json\/wp\/v2\/product_tag?post=28152"}],"curies":[{"name":"wp","href":"https:\/\/api.w.org\/{rel}","templated":true}]}}