{"id":28158,"date":"2006-04-01T17:44:08","date_gmt":"2006-04-01T15:44:08","guid":{"rendered":"http:\/\/www.libraria-occitana.org\/all-products\/elements-dun-bestiaire?lang=oc"},"modified":"2026-04-10T23:26:39","modified_gmt":"2026-04-10T21:26:39","slug":"elements-dun-bestiaire","status":"publish","type":"product","link":"https:\/\/www.libraria-occitana.org\/oc\/produch\/elements-dun-bestiaire\/","title":{"rendered":"\u00c9l\u00e9ments d&#8217;un bestiaire"},"content":{"rendered":"<p>Des six \u00e9tudes \u00ab animali\u00e8res \u00bb r\u00e9unies ici, quatre \u00e9taient in\u00e9dites, \u00e9crites entre 1963 et 1965, les deux autres publi\u00e9es \u00e0 la m\u00eame \u00e9poque dans la revue <em>Lemouzi<\/em>.<\/p>\n<p>L\u2019\u0153uvre ethnologique de Marcelle Delpastre, pour \u00e9norme qu\u2019elle soit (pensons au <a title=\"Le tombeau des anc\u00eatres\" href=\"http:\/\/www.libraria-occitana.org\/all-products\/le-tombeau-des-ancetres\"><em>Tombeau des anc\u00eatres<\/em><\/a> et au <em>Bourgeois et le Paysan<\/em>) n\u2019occupe gu\u00e8re que sept ans de sa vie, un cycle ainsi qu\u2019il convient, de 1963 \u00e0 1970. Ensuite l\u2019occupera trop la po\u00e9sie\u2026<\/p>\n<p>Si dans le pr\u00e9sent ouvrage, Quand les b\u00eates parlaient, simple recension de mimologismes, ne pr\u00e9tend pas \u00e0 l\u2019ex\u00e9g\u00e8se, les autres textes sont de belles et fines analyses ouvrant grand tant et tant de portes et se gardant bien de les refermer, qu\u2019ils nous parlent du coq et de l\u2019\u0153uf ou du bienheureux cornard apportant la bonne mesure au boudin, des pr\u00e9sages ou des hallucinations, de ces proches compagnons de l\u2019homme que sont le chat et le chien.<br \/>\nUne seule m\u00e9thode, certes, mais plusieurs registres dont l\u2019auteur joue comme toujours dans une langue admirable et\u2026 accessible.<\/p>\n<p><strong>Colleccion \u00ab De temps pacan \u00bb :<\/strong><br \/>\nLe sous-titre de la collection dit : \u00ab ethno-mythologie populaire \u00bb ce qui en fixe les limites dans un grand angle de vue, toute la culture traditionnelle \u00e9tant finalement concern\u00e9e.<\/p>\n","protected":false},"excerpt":{"rendered":"<p>Des six \u00e9tudes \u00ab animali\u00e8res \u00bb r\u00e9unies ici, quatre \u00e9taient in\u00e9dites, \u00e9crites entre 1963 et 1965, les deux autres publi\u00e9es \u00e0 la m\u00eame \u00e9poque dans la revue Lemouzi. L\u2019\u0153uvre ethnologique de Marcelle Delpastre, pour \u00e9norme qu\u2019elle soit (pensons au Tombeau des anc\u00eatres et au Bourgeois et le Paysan) n\u2019occupe gu\u00e8re que sept ans de sa [&hellip;]<\/p>\n","protected":false},"featured_media":28159,"template":"","meta":{"_acf_changed":false,"_genesis_hide_title":false,"_genesis_hide_breadcrumbs":false,"_genesis_hide_singular_image":false,"_genesis_hide_footer_widgets":false,"_genesis_custom_body_class":"","_genesis_custom_post_class":"","_genesis_layout":""},"product_brand":[],"product_cat":[7209,7133,7207],"product_tag":[],"class_list":{"0":"post-28158","1":"product","2":"type-product","3":"status-publish","4":"has-post-thumbnail","6":"product_cat-costumas-rites-e-cresencas-oc","7":"product_cat-libres-oc","8":"product_cat-tradicions-patrimoni-oc","9":"pa_auteur-delpastre-marcela-oc","10":"pa_editeur-lo-chamin-de-sent-jaume-oc","11":"pa_langue-francais-oc","12":"entry","14":"first","15":"instock","16":"shipping-taxable","17":"purchasable","18":"product-type-simple"},"acf":[],"_links":{"self":[{"href":"https:\/\/www.libraria-occitana.org\/oc\/wp-json\/wp\/v2\/product\/28158","targetHints":{"allow":["GET"]}}],"collection":[{"href":"https:\/\/www.libraria-occitana.org\/oc\/wp-json\/wp\/v2\/product"}],"about":[{"href":"https:\/\/www.libraria-occitana.org\/oc\/wp-json\/wp\/v2\/types\/product"}],"wp:featuredmedia":[{"embeddable":true,"href":"https:\/\/www.libraria-occitana.org\/oc\/wp-json\/wp\/v2\/media\/28159"}],"wp:attachment":[{"href":"https:\/\/www.libraria-occitana.org\/oc\/wp-json\/wp\/v2\/media?parent=28158"}],"wp:term":[{"taxonomy":"product_brand","embeddable":true,"href":"https:\/\/www.libraria-occitana.org\/oc\/wp-json\/wp\/v2\/product_brand?post=28158"},{"taxonomy":"product_cat","embeddable":true,"href":"https:\/\/www.libraria-occitana.org\/oc\/wp-json\/wp\/v2\/product_cat?post=28158"},{"taxonomy":"product_tag","embeddable":true,"href":"https:\/\/www.libraria-occitana.org\/oc\/wp-json\/wp\/v2\/product_tag?post=28158"}],"curies":[{"name":"wp","href":"https:\/\/api.w.org\/{rel}","templated":true}]}}