{"id":28163,"date":"2006-02-01T17:38:12","date_gmt":"2006-02-01T16:38:12","guid":{"rendered":"http:\/\/www.libraria-occitana.org\/all-products\/pays-et-paysans-du-limousin-2?lang=oc"},"modified":"2025-03-09T01:38:04","modified_gmt":"2025-03-09T00:38:04","slug":"pays-et-paysans-du-limousin-2","status":"publish","type":"product","link":"https:\/\/www.libraria-occitana.org\/oc\/produch\/pays-et-paysans-du-limousin-2\/","title":{"rendered":"Pays et paysans du Limousin"},"content":{"rendered":"<p>C\u2019est pour mieux comprendre ce pays dans lequel elle vit et travaille depuis 25 ans que Marie-France Houdart a remont\u00e9 le temps pour chercher, dans le pass\u00e9 paysan le plus lointain et dans celui d\u2019hier, des \u00e9l\u00e9ments de r\u00e9ponse aux nombreuses questions que le Limousin d\u2019aujourd\u2019hui lui posait. Pourquoi, compar\u00e9e \u00e0 d\u2019autres, une terre si pauvre, si belle, si peu connue,\u2026 si vide. Pourquoi, chez tous, un tel amour du pays, un tel besoin de le quitter, une telle n\u00e9cessit\u00e9 d\u2019y revenir ? Et pourquoi, au pays, un tel souci d\u2019\u00e9galit\u00e9 et une telle d\u00e9fiance envers ceux qui font autrement ? Pourquoi des c\u0153urs si ouverts \u00e0 ceux qui passent, si ferm\u00e9s \u00e0 ceux qui veulent rester ? Pourquoi, aussi, malgr\u00e9 les difficult\u00e9s de notre \u00e9poque et le d\u00e9part de beaucoup de ses fils, une terre qui, en d\u00e9pit de tout, continue \u00e0 vivre ?<\/p>\n<p>S\u2019interroger m\u00e8ne \u00e0 chercher, \u00e0 comprendre, \u00e0 d\u00e9couvrir enfin le vrai filon d\u2019or : il est dans l\u2019\u00e2me de ces paysans, qui, s\u2019\u00e9tant depuis longtemps rendus ma\u00eetres, \u00e0 force de peines, de d\u00e9termination, au prix de l\u2019exil m\u00eame, d\u2019un sol pauvre d\u00e9laiss\u00e9 par les riches, restent libres et tenaces sur leurs terres.<\/p>\n","protected":false},"excerpt":{"rendered":"<p>C\u2019est pour mieux comprendre ce pays dans lequel elle vit et travaille depuis 25 ans que Marie-France Houdart a remont\u00e9 le temps pour chercher, dans le pass\u00e9 paysan le plus lointain et dans celui d\u2019hier, des \u00e9l\u00e9ments de r\u00e9ponse aux nombreuses questions que le Limousin d\u2019aujourd\u2019hui lui posait. Pourquoi, compar\u00e9e \u00e0 d\u2019autres, une terre si [&hellip;]<\/p>\n","protected":false},"featured_media":28164,"template":"","meta":{"_acf_changed":false,"_genesis_hide_title":false,"_genesis_hide_breadcrumbs":false,"_genesis_hide_singular_image":false,"_genesis_hide_footer_widgets":false,"_genesis_custom_body_class":"","_genesis_custom_post_class":"","_genesis_layout":""},"product_brand":[],"product_cat":[7157,7149,7133],"product_tag":[],"class_list":{"0":"post-28163","1":"product","2":"type-product","3":"status-publish","4":"has-post-thumbnail","6":"product_cat-istoria-generala-oc","7":"product_cat-istoria-geografia-oc","8":"product_cat-libres-oc","9":"pa_auteur-houdart-marie-france-oc","10":"pa_editeur-maiade-oc","11":"pa_langue-francais-oc","12":"entry","14":"first","15":"outofstock","16":"shipping-taxable","17":"purchasable","18":"product-type-simple"},"acf":[],"_links":{"self":[{"href":"https:\/\/www.libraria-occitana.org\/oc\/wp-json\/wp\/v2\/product\/28163","targetHints":{"allow":["GET"]}}],"collection":[{"href":"https:\/\/www.libraria-occitana.org\/oc\/wp-json\/wp\/v2\/product"}],"about":[{"href":"https:\/\/www.libraria-occitana.org\/oc\/wp-json\/wp\/v2\/types\/product"}],"wp:featuredmedia":[{"embeddable":true,"href":"https:\/\/www.libraria-occitana.org\/oc\/wp-json\/wp\/v2\/media\/28164"}],"wp:attachment":[{"href":"https:\/\/www.libraria-occitana.org\/oc\/wp-json\/wp\/v2\/media?parent=28163"}],"wp:term":[{"taxonomy":"product_brand","embeddable":true,"href":"https:\/\/www.libraria-occitana.org\/oc\/wp-json\/wp\/v2\/product_brand?post=28163"},{"taxonomy":"product_cat","embeddable":true,"href":"https:\/\/www.libraria-occitana.org\/oc\/wp-json\/wp\/v2\/product_cat?post=28163"},{"taxonomy":"product_tag","embeddable":true,"href":"https:\/\/www.libraria-occitana.org\/oc\/wp-json\/wp\/v2\/product_tag?post=28163"}],"curies":[{"name":"wp","href":"https:\/\/api.w.org\/{rel}","templated":true}]}}