{"id":28166,"date":"2006-02-01T15:45:58","date_gmt":"2006-02-01T14:45:58","guid":{"rendered":"http:\/\/www.libraria-occitana.org\/all-products\/18-menu-doccitania?lang=oc"},"modified":"2026-04-29T04:16:39","modified_gmt":"2026-04-29T02:16:39","slug":"18-menu-doccitania","status":"publish","type":"product","link":"https:\/\/www.libraria-occitana.org\/oc\/produch\/18-menu-doccitania\/","title":{"rendered":"18 men\u00fa d&#8217;Occit\u00e0nia"},"content":{"rendered":"<p>Da las Alps ai pireneus, dal s\u00e8cle XII al s\u00e8cle XXI, 18 fremas de l&#8217;Occit\u00e0nia, abo lor est\u00f2ria, an inspirat aqueste libre ente mila sabors e mila colors vos fan venir l&#8217;apetit.<\/p>\n<p>Un t\u00e8xt original e de dessenhs nov\u00e8ls acompanhon lo lector galup.<\/p>\n","protected":false},"excerpt":{"rendered":"<p>Da las Alps ai pireneus, dal s\u00e8cle XII al s\u00e8cle XXI, 18 fremas de l&#8217;Occit\u00e0nia, abo lor est\u00f2ria, an inspirat aqueste libre ente mila sabors e mila colors vos fan venir l&#8217;apetit. Un t\u00e8xt original e de dessenhs nov\u00e8ls acompanhon lo lector galup.<\/p>\n","protected":false},"featured_media":36514,"template":"","meta":{"_acf_changed":false,"_genesis_hide_title":false,"_genesis_hide_breadcrumbs":false,"_genesis_hide_singular_image":false,"_genesis_hide_footer_widgets":false,"_genesis_custom_body_class":"","_genesis_custom_post_class":"","_genesis_layout":""},"product_brand":[],"product_cat":[7211,7133,7207],"product_tag":[],"class_list":{"0":"post-28166","1":"product","2":"type-product","3":"status-publish","4":"has-post-thumbnail","6":"product_cat-cosina-gastronomia-oc","7":"product_cat-libres-oc","8":"product_cat-tradicions-patrimoni-oc","9":"pa_auteur-bertino-andree-oc","10":"pa_auteur-valla-fredo-oc","11":"pa_editeur-chambra-doc-oc","12":"pa_illustrateur-voillat-marie-oc","13":"pa_langue-autras-lingas-oc","14":"pa_langue-occitan-vivaroaupenc-oc","15":"pa_langue-occitan-francais-oc","16":"entry","18":"first","19":"outofstock","20":"shipping-taxable","21":"purchasable","22":"product-type-simple"},"acf":[],"_links":{"self":[{"href":"https:\/\/www.libraria-occitana.org\/oc\/wp-json\/wp\/v2\/product\/28166","targetHints":{"allow":["GET"]}}],"collection":[{"href":"https:\/\/www.libraria-occitana.org\/oc\/wp-json\/wp\/v2\/product"}],"about":[{"href":"https:\/\/www.libraria-occitana.org\/oc\/wp-json\/wp\/v2\/types\/product"}],"wp:featuredmedia":[{"embeddable":true,"href":"https:\/\/www.libraria-occitana.org\/oc\/wp-json\/wp\/v2\/media\/36514"}],"wp:attachment":[{"href":"https:\/\/www.libraria-occitana.org\/oc\/wp-json\/wp\/v2\/media?parent=28166"}],"wp:term":[{"taxonomy":"product_brand","embeddable":true,"href":"https:\/\/www.libraria-occitana.org\/oc\/wp-json\/wp\/v2\/product_brand?post=28166"},{"taxonomy":"product_cat","embeddable":true,"href":"https:\/\/www.libraria-occitana.org\/oc\/wp-json\/wp\/v2\/product_cat?post=28166"},{"taxonomy":"product_tag","embeddable":true,"href":"https:\/\/www.libraria-occitana.org\/oc\/wp-json\/wp\/v2\/product_tag?post=28166"}],"curies":[{"name":"wp","href":"https:\/\/api.w.org\/{rel}","templated":true}]}}