{"id":28169,"date":"2006-01-01T11:21:51","date_gmt":"2006-01-01T10:21:51","guid":{"rendered":"http:\/\/www.libraria-occitana.org\/all-products\/eschantits?lang=oc"},"modified":"2026-04-07T14:50:31","modified_gmt":"2026-04-07T12:50:31","slug":"eschantits","status":"publish","type":"product","link":"https:\/\/www.libraria-occitana.org\/oc\/produch\/eschantits\/","title":{"rendered":"Eschantits"},"content":{"rendered":"<p><strong>Bernat Combi :<\/strong>\u00a0chant, accord\u00e9on, percussions<br \/>\n<strong>Olivier Peirat :<\/strong>\u00a0vielle, luth, claviers<\/p>\n<p><em>Eschantits<\/em> (le feu follet en occitan du Limousin), c\u2019est tout d\u2019abord<br \/>\nBernat Combi, chanteur \u00e0 la voix chaude, pleine de nuances et surtout<br \/>\nlib\u00e9r\u00e9e. Elle occupe l\u2019espace et ne cesse de surprendre, passant du<br \/>\nchant profond traditionnel aux sonorit\u00e9s blues, blues limousin (<em>planh<\/em><br \/>\n<em>lemosin<\/em>), et au rock. Il y a aussi les m\u00e9lodies o\u00f9 deux instruments sont<br \/>\nfortement pr\u00e9sents : l\u2019oud (le luth arabe) et la vielle \u00e0 roue, entre les<br \/>\nmains d\u2019Olivier Peirat.<\/p>\n<p>Le tandem nous offre une musique aux accents m\u00e9diterran\u00e9ens : araboandalous,<br \/>\ndes \u00eeles grecques mais aussi d\u2019Afrique du nord et d\u2019Occitanie<br \/>\navec cette langue forte du pays Limousin.<\/p>\n<p>Au CD est joint un livret avec les paroles des chansons et la traduction en<br \/>\nfran\u00e7ais et anglais.<\/p>\n<p><strong>Titres :<\/strong><br \/>\n1. Queu bu\u00f2u \/ Las tres vias 1&#8217;40<br \/>\n2. L&#8217;autre jorn me maridei 5&#8217;50<br \/>\n3. Escotas 4&#8217;37<br \/>\n4. Lo cocut e l&#8217;irondela \/ Alba 11&#8217;08<br \/>\n5. De medre me&#8217;n tornava 2&#8217;38<br \/>\n6. Faguet talament freg \/ Espauticada 2&#8217;34<br \/>\n7. Me v\u00f2le pas faschar 5&#8217;00<br \/>\n8. Chant daus aulhats \/ Opus H5N1 0&#8217;57<br \/>\n9. Que donarai-ieu a ma mia ? 6&#8217;41<br \/>\n10. Saber quela pres\u00e9ncia&#8230; 4&#8217;01<br \/>\n11. Las boinas \/ Granada \/ Lo culhier 3&#8217;28<\/p>\n","protected":false},"excerpt":{"rendered":"<p>Bernat Combi :\u00a0chant, accord\u00e9on, percussions Olivier Peirat :\u00a0vielle, luth, claviers Eschantits (le feu follet en occitan du Limousin), c\u2019est tout d\u2019abord Bernat Combi, chanteur \u00e0 la voix chaude, pleine de nuances et surtout lib\u00e9r\u00e9e. Elle occupe l\u2019espace et ne cesse de surprendre, passant du chant profond traditionnel aux sonorit\u00e9s blues, blues limousin (planh lemosin), et [&hellip;]<\/p>\n","protected":false},"featured_media":36526,"template":"","meta":{"_acf_changed":false,"_genesis_hide_title":false,"_genesis_hide_breadcrumbs":false,"_genesis_hide_singular_image":false,"_genesis_hide_footer_widgets":false,"_genesis_custom_body_class":"","_genesis_custom_post_class":"","_genesis_layout":""},"product_brand":[],"product_cat":[16683,7229],"product_tag":[],"class_list":{"0":"post-28169","1":"product","2":"type-product","3":"status-publish","4":"has-post-thumbnail","6":"product_cat-musica-oc","7":"product_cat-novela-tradicion-oc","8":"pa_auteur-combi-bernat-oc","9":"pa_auteur-peirat-olivier-oc","10":"pa_editeur-ieo-lemosin-oc","11":"pa_langue-occitan-oc","12":"pa_langue-occitan-lemosin-oc","13":"entry","15":"first","16":"instock","17":"shipping-taxable","18":"purchasable","19":"product-type-simple"},"acf":[],"_links":{"self":[{"href":"https:\/\/www.libraria-occitana.org\/oc\/wp-json\/wp\/v2\/product\/28169","targetHints":{"allow":["GET"]}}],"collection":[{"href":"https:\/\/www.libraria-occitana.org\/oc\/wp-json\/wp\/v2\/product"}],"about":[{"href":"https:\/\/www.libraria-occitana.org\/oc\/wp-json\/wp\/v2\/types\/product"}],"wp:featuredmedia":[{"embeddable":true,"href":"https:\/\/www.libraria-occitana.org\/oc\/wp-json\/wp\/v2\/media\/36526"}],"wp:attachment":[{"href":"https:\/\/www.libraria-occitana.org\/oc\/wp-json\/wp\/v2\/media?parent=28169"}],"wp:term":[{"taxonomy":"product_brand","embeddable":true,"href":"https:\/\/www.libraria-occitana.org\/oc\/wp-json\/wp\/v2\/product_brand?post=28169"},{"taxonomy":"product_cat","embeddable":true,"href":"https:\/\/www.libraria-occitana.org\/oc\/wp-json\/wp\/v2\/product_cat?post=28169"},{"taxonomy":"product_tag","embeddable":true,"href":"https:\/\/www.libraria-occitana.org\/oc\/wp-json\/wp\/v2\/product_tag?post=28169"}],"curies":[{"name":"wp","href":"https:\/\/api.w.org\/{rel}","templated":true}]}}