{"id":28174,"date":"2005-12-01T11:18:54","date_gmt":"2005-12-01T10:18:54","guid":{"rendered":"http:\/\/www.libraria-occitana.org\/all-products\/lo-chabrit-daus-champanhous-libre-cd?lang=oc"},"modified":"2026-04-29T06:21:42","modified_gmt":"2026-04-29T04:21:42","slug":"lo-chabrit-daus-champanhous-libre-cd","status":"publish","type":"product","link":"https:\/\/www.libraria-occitana.org\/oc\/produch\/lo-chabrit-daus-champanhous-libre-cd\/","title":{"rendered":"Lo chabrit daus champanh\u00f2us (libre + CD)"},"content":{"rendered":"<p><strong>[oc]<\/strong><br \/>\nComa se fai que los potareus, las cacar\u00f2tas o las giraudelas venen aitau, c\u00f2p-sec, en tan pauc de temps ? P\u00f2rtan ni fuelha, ni branchas, ni rai\u00e7, e tot-parier, un brave matin, las veiqu\u00ed que se quilhan, jos un rover, sus la riba d&#8217;un prat, a la bro\u00e1 d&#8217;un valat&#8230;<br \/>\nLa vielha Queton coneis plan las rasons de tau mist\u00e8ri&#8230;<\/p>\n<p>Cicle 2 e 3. Libreton d&#8217;acompanhament pedagogic <a href=\"http:\/\/capoc.crdp-aquitaine.fr\/articles.php?lng=en&#038;pg=450&#038;mnuid=304&#038;tconfig=0\">sus lo site dau CAP&#8217;\u00d2C<\/a>.<\/p>\n<p><strong>[fr]<\/strong><br \/>\nComment se fait-il que les c\u00e8pes, les l\u00e9piotes, les girolles naissent comme \u00e7a, en si peu de temps ? Ils n&#8217;ont ni feuilles, ni branches, ni racines, et tout de m\u00eame un beau matin, ils poussent sous un ch\u00eane, sur un bout de pr\u00e9, autour d&#8217;un foss\u00e9&#8230;<br \/>\nLa vieille Queton conna\u00eet bien les raisons d&#8217;un tel myst\u00e8re&#8230;<\/p>\n<p>Cycle 2 e 3. Livret d&#8217;accompagnement p\u00e9dagogique <a href=\"http:\/\/capoc.crdp-aquitaine.fr\/articles.php?lng=en&#038;pg=450&#038;mnuid=304&#038;tconfig=0\">sur le site du CAP&#8217;\u00d2C<\/a>.<\/p>\n","protected":false},"excerpt":{"rendered":"<p>[oc] Coma se fai que los potareus, las cacar\u00f2tas o las giraudelas venen aitau, c\u00f2p-sec, en tan pauc de temps ? P\u00f2rtan ni fuelha, ni branchas, ni rai\u00e7, e tot-parier, un brave matin, las veiqu\u00ed que se quilhan, jos un rover, sus la riba d&#8217;un prat, a la bro\u00e1 d&#8217;un valat&#8230; La vielha Queton coneis [&hellip;]<\/p>\n","protected":false},"featured_media":28175,"template":"","meta":{"_acf_changed":false,"_genesis_hide_title":false,"_genesis_hide_breadcrumbs":false,"_genesis_hide_singular_image":false,"_genesis_hide_footer_widgets":false,"_genesis_custom_body_class":"","_genesis_custom_post_class":"","_genesis_layout":""},"product_brand":[],"product_cat":[7171,7165,7133],"product_tag":[],"class_list":{"0":"post-28174","1":"product","2":"type-product","3":"status-publish","4":"has-post-thumbnail","6":"product_cat-drolles-oc","7":"product_cat-jounessa-bd-umor","8":"product_cat-libres-oc","9":"pa_auteur-salas-peir-oc","10":"pa_editeur-canope-editions-oc","11":"pa_illustrateur-decamps-domenja-decomps-dominique-oc","12":"pa_illustrateur-morlaas-lurbe-isabelle-oc","13":"pa_langue-occitan-lemosin-oc","14":"pa_langue-occitan-francais-oc","15":"entry","17":"first","18":"instock","19":"shipping-taxable","20":"purchasable","21":"product-type-simple"},"acf":[],"_links":{"self":[{"href":"https:\/\/www.libraria-occitana.org\/oc\/wp-json\/wp\/v2\/product\/28174","targetHints":{"allow":["GET"]}}],"collection":[{"href":"https:\/\/www.libraria-occitana.org\/oc\/wp-json\/wp\/v2\/product"}],"about":[{"href":"https:\/\/www.libraria-occitana.org\/oc\/wp-json\/wp\/v2\/types\/product"}],"wp:featuredmedia":[{"embeddable":true,"href":"https:\/\/www.libraria-occitana.org\/oc\/wp-json\/wp\/v2\/media\/28175"}],"wp:attachment":[{"href":"https:\/\/www.libraria-occitana.org\/oc\/wp-json\/wp\/v2\/media?parent=28174"}],"wp:term":[{"taxonomy":"product_brand","embeddable":true,"href":"https:\/\/www.libraria-occitana.org\/oc\/wp-json\/wp\/v2\/product_brand?post=28174"},{"taxonomy":"product_cat","embeddable":true,"href":"https:\/\/www.libraria-occitana.org\/oc\/wp-json\/wp\/v2\/product_cat?post=28174"},{"taxonomy":"product_tag","embeddable":true,"href":"https:\/\/www.libraria-occitana.org\/oc\/wp-json\/wp\/v2\/product_tag?post=28174"}],"curies":[{"name":"wp","href":"https:\/\/api.w.org\/{rel}","templated":true}]}}