{"id":28176,"date":"2005-12-01T09:49:22","date_gmt":"2005-12-01T08:49:22","guid":{"rendered":"http:\/\/www.libraria-occitana.org\/all-products\/maria-que-se-carra-libre-cd?lang=oc"},"modified":"2026-04-08T09:51:52","modified_gmt":"2026-04-08T07:51:52","slug":"maria-que-se-carra-libre-cd","status":"publish","type":"product","link":"https:\/\/www.libraria-occitana.org\/oc\/produch\/maria-que-se-carra-libre-cd\/","title":{"rendered":"Maria que se carra (libre + CD)"},"content":{"rendered":"<p><strong>[oc]<\/strong><br \/>\nDins la vita, chau pas \u00e8sser cres\u00f3s de tr\u00f2p !<br \/>\nTen, demandatz a Maria la gloriosa, \u00e7\u00f2 que p\u00f2t arribar se de non&#8230;<\/p>\n<p>Cicle 1 e 2. Libreton d&#8217;acompanhament pedagogic <a href=\"http:\/\/capoc.crdp-aquitaine.fr\/articles.php?lng=en&amp;pg=450&amp;mnuid=304&amp;tconfig=0\">sus lo site dau CAP&#8217;\u00d2C<\/a>.<\/p>\n<p><strong>[fr]<\/strong><br \/>\nDans la vie, il ne faut pas \u00eatre trop fanfaron !<br \/>\nDemandez \u00e0 Maria, l&#8217;orgueilleuse, &#8220;t\u00e8&#8221;, ce qu&#8217;il peut se passer sinon&#8230;<\/p>\n<p>Cycle 1 et 2. Livret d&#8217;accompagnement p\u00e9dagogique <a href=\"http:\/\/capoc.crdp-aquitaine.fr\/articles.php?lng=en&amp;pg=450&amp;mnuid=304&amp;tconfig=0\">sur le site du CAP&#8217;\u00d2C<\/a>.<\/p>\n","protected":false},"excerpt":{"rendered":"<p>[oc] Dins la vita, chau pas \u00e8sser cres\u00f3s de tr\u00f2p ! Ten, demandatz a Maria la gloriosa, \u00e7\u00f2 que p\u00f2t arribar se de non&#8230; Cicle 1 e 2. Libreton d&#8217;acompanhament pedagogic sus lo site dau CAP&#8217;\u00d2C. [fr] Dans la vie, il ne faut pas \u00eatre trop fanfaron ! Demandez \u00e0 Maria, l&#8217;orgueilleuse, &#8220;t\u00e8&#8221;, ce qu&#8217;il [&hellip;]<\/p>\n","protected":false},"featured_media":28177,"template":"","meta":{"_acf_changed":false,"_genesis_hide_title":false,"_genesis_hide_breadcrumbs":false,"_genesis_hide_singular_image":false,"_genesis_hide_footer_widgets":false,"_genesis_custom_body_class":"","_genesis_custom_post_class":"","_genesis_layout":""},"product_brand":[],"product_cat":[7171,7165,7133],"product_tag":[],"class_list":{"0":"post-28176","1":"product","2":"type-product","3":"status-publish","4":"has-post-thumbnail","6":"product_cat-drolles-oc","7":"product_cat-jounessa-bd-umor","8":"product_cat-libres-oc","9":"pa_auteur-salas-peir-oc","10":"pa_auteur-tradicionau-oc","11":"pa_editeur-canope-editions-oc","12":"pa_illustrateur-decamps-domenja-decomps-dominique-oc","13":"pa_illustrateur-ohazar-oc","14":"pa_langue-occitan-lemosin-oc","15":"pa_langue-occitan-francais-oc","16":"entry","18":"first","19":"instock","20":"shipping-taxable","21":"purchasable","22":"product-type-simple"},"acf":[],"_links":{"self":[{"href":"https:\/\/www.libraria-occitana.org\/oc\/wp-json\/wp\/v2\/product\/28176","targetHints":{"allow":["GET"]}}],"collection":[{"href":"https:\/\/www.libraria-occitana.org\/oc\/wp-json\/wp\/v2\/product"}],"about":[{"href":"https:\/\/www.libraria-occitana.org\/oc\/wp-json\/wp\/v2\/types\/product"}],"wp:featuredmedia":[{"embeddable":true,"href":"https:\/\/www.libraria-occitana.org\/oc\/wp-json\/wp\/v2\/media\/28177"}],"wp:attachment":[{"href":"https:\/\/www.libraria-occitana.org\/oc\/wp-json\/wp\/v2\/media?parent=28176"}],"wp:term":[{"taxonomy":"product_brand","embeddable":true,"href":"https:\/\/www.libraria-occitana.org\/oc\/wp-json\/wp\/v2\/product_brand?post=28176"},{"taxonomy":"product_cat","embeddable":true,"href":"https:\/\/www.libraria-occitana.org\/oc\/wp-json\/wp\/v2\/product_cat?post=28176"},{"taxonomy":"product_tag","embeddable":true,"href":"https:\/\/www.libraria-occitana.org\/oc\/wp-json\/wp\/v2\/product_tag?post=28176"}],"curies":[{"name":"wp","href":"https:\/\/api.w.org\/{rel}","templated":true}]}}