{"id":28188,"date":"2005-09-01T12:21:52","date_gmt":"2005-09-01T10:21:52","guid":{"rendered":"http:\/\/www.libraria-occitana.org\/all-products\/jan-picatau-de-sent-barrancon?lang=oc"},"modified":"2026-04-17T23:51:19","modified_gmt":"2026-04-17T21:51:19","slug":"jan-picatau-de-sent-barrancon","status":"publish","type":"product","link":"https:\/\/www.libraria-occitana.org\/oc\/produch\/jan-picatau-de-sent-barrancon\/","title":{"rendered":"Jan Picatau de Sent-Barrancon"},"content":{"rendered":"<p>L\u2019i avia ben de temps que lo Jan Picatau se trobava pas mai d\u2019entre los libres que son de bon \u2018chaptar. Tr\u00f2p de temps. Tant coma es de neciera au pa\u00eds lemosin.<\/p>\n<p>Nos es tot per lo c\u00f2p, n\u00f2stre Picatau, Jean le Sot, Goha, Nars Eddin, Eulenspiegel un bocin e Gargant quauqu\u2019un pauc, bon mitan de son monde coma peisson dins l\u2019aiga e maitot dins sas broas, sa tauvera, sabes \u2018quela lenga de pa\u00eds per far virar l\u2019atalatge, que l\u2019i se semna res, pasmens sens la quau res seria pas de possible semnar.<\/p>\n<p>Lo \u2018nivers de Picatau \u2018quo es lo teu, lo meu, es plan a sa pla\u00e7a e chadun l\u2019i s\u2019esbracia mas de la lonjor de sos bra\u00e7. Tot l\u2019i es juste de vita e daus mots per zo dire, es mocat lo que s\u2019amerita plan de z\u2019esser, plangut lo que n\u2019a ben mestier. La riseia l\u2019i es jamai de rire mausantos e, sens se balhar d\u2019aer, ne\u2019n ditz plan mai que n\u2019a lo biais.<\/p>\n<p>Picatau, \u2018quo es n\u00f2stre eime, dins lo prund d\u2019aqueu mot riche de sens.<\/p>\n<p>L\u2019Enric Delaja a \u2018qu\u00ed campat \u00f2bra de bon pretzfach, \u00f2bra mestra, menada de bon fiau, fina e saborosa, n\u2019es gran vi\u00f2rlas patesentas \u00e7\u00f2 qu\u2019anonciava mas de brandon de cuberta. Mas tant de glorios que son mas petavanta, de ontos qu\u2019aurian en ilhs de que bre\u00e7ar, embra\u00e7ar lo pa\u00eds\u2026<\/p>\n<p>Viva Picatau (que de tot biais p\u00f2t pas mai morir dempuei que siguet tesmonh viu de son enterrament) e viva son pair Delaja !<\/p>\n","protected":false},"excerpt":{"rendered":"<p>L\u2019i avia ben de temps que lo Jan Picatau se trobava pas mai d\u2019entre los libres que son de bon \u2018chaptar. Tr\u00f2p de temps. Tant coma es de neciera au pa\u00eds lemosin. Nos es tot per lo c\u00f2p, n\u00f2stre Picatau, Jean le Sot, Goha, Nars Eddin, Eulenspiegel un bocin e Gargant quauqu\u2019un pauc, bon mitan [&hellip;]<\/p>\n","protected":false},"featured_media":36535,"template":"","meta":{"_acf_changed":false,"_genesis_hide_title":false,"_genesis_hide_breadcrumbs":false,"_genesis_hide_singular_image":false,"_genesis_hide_footer_widgets":false,"_genesis_custom_body_class":"","_genesis_custom_post_class":"","_genesis_layout":""},"product_brand":[],"product_cat":[7177,7133,7175],"product_tag":[],"class_list":{"0":"post-28188","1":"product","2":"type-product","3":"status-publish","4":"has-post-thumbnail","6":"product_cat-contes-fablas-oc","7":"product_cat-libres-oc","8":"product_cat-literatura-oc","9":"pa_auteur-delaja-enric-contaviorla-oc","10":"pa_editeur-ieo-lemosin-oc","11":"pa_editeur-lo-chamin-de-sent-jaume-oc","12":"pa_illustrateur-simeonin-jan-marc-oc","13":"pa_langue-occitan-oc","14":"pa_langue-occitan-lemosin-oc","15":"entry","17":"first","18":"instock","19":"shipping-taxable","20":"purchasable","21":"product-type-simple"},"acf":[],"_links":{"self":[{"href":"https:\/\/www.libraria-occitana.org\/oc\/wp-json\/wp\/v2\/product\/28188","targetHints":{"allow":["GET"]}}],"collection":[{"href":"https:\/\/www.libraria-occitana.org\/oc\/wp-json\/wp\/v2\/product"}],"about":[{"href":"https:\/\/www.libraria-occitana.org\/oc\/wp-json\/wp\/v2\/types\/product"}],"wp:featuredmedia":[{"embeddable":true,"href":"https:\/\/www.libraria-occitana.org\/oc\/wp-json\/wp\/v2\/media\/36535"}],"wp:attachment":[{"href":"https:\/\/www.libraria-occitana.org\/oc\/wp-json\/wp\/v2\/media?parent=28188"}],"wp:term":[{"taxonomy":"product_brand","embeddable":true,"href":"https:\/\/www.libraria-occitana.org\/oc\/wp-json\/wp\/v2\/product_brand?post=28188"},{"taxonomy":"product_cat","embeddable":true,"href":"https:\/\/www.libraria-occitana.org\/oc\/wp-json\/wp\/v2\/product_cat?post=28188"},{"taxonomy":"product_tag","embeddable":true,"href":"https:\/\/www.libraria-occitana.org\/oc\/wp-json\/wp\/v2\/product_tag?post=28188"}],"curies":[{"name":"wp","href":"https:\/\/api.w.org\/{rel}","templated":true}]}}