{"id":28193,"date":"2005-07-01T12:21:52","date_gmt":"2005-07-01T10:21:52","guid":{"rendered":"http:\/\/www.libraria-occitana.org\/all-products\/glossari-lemosin-contribucion-a-lestudi-de-la-linga-lemosina?lang=oc"},"modified":"2026-04-03T00:26:20","modified_gmt":"2026-04-02T22:26:20","slug":"glossari-lemosin-contribucion-a-lestudi-de-la-linga-lemosina","status":"publish","type":"product","link":"https:\/\/www.libraria-occitana.org\/oc\/produch\/glossari-lemosin-contribucion-a-lestudi-de-la-linga-lemosina\/","title":{"rendered":"Glossari lemosin : Contribucion a l&#8217;estudi de la linga lemosina"},"content":{"rendered":"<p>D\u2019aucuns pourraient ne voir l\u00e0 qu\u2019un glossaire de plus, en ces temps o\u00f9 notre langue ne rechigne plus \u00e0 nous en offrir. Mais qui peut s\u2019en plaindre ? D\u2019autant plus quand il s\u2019agit, comme ici, d\u2019un ouvrage enracin\u00e9, fid\u00e8le \u00e0 la r\u00e9alit\u00e9 lexicale d\u2019un territoire.<\/p>\n<p>Parce que Roger Pagnoux a su, en se penchant avant tout sur sa langue, celle de ses gens, de son petit monde de Chabanais, nous faire partager toute une intimit\u00e9 avec l\u2019occitan. Mais, et ce n\u2019est pas l\u00e0 le moindre de ses m\u00e9rites, il est aussi sorti de sa \u201ccharriera\u201d pour rattacher sa collecte \u00e0 tout le Limousin et, au del\u00e0, \u00e0 l\u2019Occitanie en la rev\u00eatant d\u2019une orthographe rigoureuse et normalis\u00e9e reflet d\u2019une \u00e9tymologie scrupuleusement recherch\u00e9e et diss\u00e9qu\u00e9e.<\/p>\n<p>Un travail qui ravira tous les passionn\u00e9s de linguistique. Ce sera pour beaucoup la l\u00e9gitime fiert\u00e9 de retrouver les mots de la famille \u201cAh ben tiens, il dit comme nous !\u201d, un instrument de r\u00e9-appropriation identitaire et de r\u00e9flexion destin\u00e9 \u00e0 tous ceux qui refusent le d\u00e9ni culturel et souhaitent encore un avenir \u00e0 la langue occitane.<\/p>\n<p>Dans le sens occitan-fran\u00e7ais uniquement.<\/p>\n","protected":false},"excerpt":{"rendered":"<p>D\u2019aucuns pourraient ne voir l\u00e0 qu\u2019un glossaire de plus, en ces temps o\u00f9 notre langue ne rechigne plus \u00e0 nous en offrir. Mais qui peut s\u2019en plaindre ? D\u2019autant plus quand il s\u2019agit, comme ici, d\u2019un ouvrage enracin\u00e9, fid\u00e8le \u00e0 la r\u00e9alit\u00e9 lexicale d\u2019un territoire. Parce que Roger Pagnoux a su, en se penchant avant [&hellip;]<\/p>\n","protected":false},"featured_media":36541,"template":"","meta":{"_acf_changed":false,"_genesis_hide_title":false,"_genesis_hide_breadcrumbs":false,"_genesis_hide_singular_image":false,"_genesis_hide_footer_widgets":false,"_genesis_custom_body_class":"","_genesis_custom_post_class":"","_genesis_layout":""},"product_brand":[],"product_cat":[7139,7137,7133],"product_tag":[],"class_list":{"0":"post-28193","1":"product","2":"type-product","3":"status-publish","4":"has-post-thumbnail","6":"product_cat-diccionaris-gramaticas-oc","7":"product_cat-diccionaris-lenga-escolar-oc","8":"product_cat-libres-oc","9":"pa_auteur-pagnoux-roger-oc","10":"pa_editeur-ieo-lemosin-oc","11":"pa_editeur-terra-doc-oc","12":"pa_langue-occitan-lemosin-oc","13":"pa_langue-occitan-francais-oc","14":"entry","16":"first","17":"instock","18":"shipping-taxable","19":"purchasable","20":"product-type-simple"},"acf":[],"_links":{"self":[{"href":"https:\/\/www.libraria-occitana.org\/oc\/wp-json\/wp\/v2\/product\/28193","targetHints":{"allow":["GET"]}}],"collection":[{"href":"https:\/\/www.libraria-occitana.org\/oc\/wp-json\/wp\/v2\/product"}],"about":[{"href":"https:\/\/www.libraria-occitana.org\/oc\/wp-json\/wp\/v2\/types\/product"}],"wp:featuredmedia":[{"embeddable":true,"href":"https:\/\/www.libraria-occitana.org\/oc\/wp-json\/wp\/v2\/media\/36541"}],"wp:attachment":[{"href":"https:\/\/www.libraria-occitana.org\/oc\/wp-json\/wp\/v2\/media?parent=28193"}],"wp:term":[{"taxonomy":"product_brand","embeddable":true,"href":"https:\/\/www.libraria-occitana.org\/oc\/wp-json\/wp\/v2\/product_brand?post=28193"},{"taxonomy":"product_cat","embeddable":true,"href":"https:\/\/www.libraria-occitana.org\/oc\/wp-json\/wp\/v2\/product_cat?post=28193"},{"taxonomy":"product_tag","embeddable":true,"href":"https:\/\/www.libraria-occitana.org\/oc\/wp-json\/wp\/v2\/product_tag?post=28193"}],"curies":[{"name":"wp","href":"https:\/\/api.w.org\/{rel}","templated":true}]}}