{"id":28202,"date":"2005-05-01T13:31:36","date_gmt":"2005-05-01T11:31:36","guid":{"rendered":"http:\/\/www.libraria-occitana.org\/all-products\/nouveaux-contes-proverbes-limousins-lemouzi-n-174-bis?lang=oc"},"modified":"2026-04-25T04:06:16","modified_gmt":"2026-04-25T02:06:16","slug":"nouveaux-contes-proverbes-limousins-lemouzi-n-174-bis","status":"publish","type":"product","link":"https:\/\/www.libraria-occitana.org\/oc\/produch\/nouveaux-contes-proverbes-limousins-lemouzi-n-174-bis\/","title":{"rendered":"Nouveaux contes &amp; proverbes limousins \/ Lemouzi N\u00b0 174 bis"},"content":{"rendered":"<p>Ces contes participent de la m\u00eame veine que <a title=\"Contes populaires du Limousin : Los contes dau Pueg Gerjan \/ Lemouzi N\u00b0106 bis\" href=\"http:\/\/www.libraria-occitana.org\/all-products\/contes-populaires-du-limousin-los-contes-dau-pueg-gerjan-lemouzi-n106-bis\"><em>Los contes dau pueg Gerjan<\/em><\/a>, publi\u00e9s dans le n\u00b033 de <em>Lemouzi<\/em> (janvier 1970) et r\u00e9\u00e9dit\u00e9s dans le n\u00b0106 bis (mai 1988) : ils veulent saisir, au vif, l&#8217;\u00e2me populaire dans ses r\u00e9actions naturelles, ses engouements, ses rejets instinctifs, ou sa grande na\u00efvet\u00e9 qui, puret\u00e9 ou force, souvent n&#8217;a d&#8217;\u00e9gale qu&#8217;une ruse &#8220;finassi\u00e8re&#8221; pr\u00eate \u00e0 tromper le D\u00e9mon\u2026 Marcelle Delpastre nous d\u00e9crit le paysan dans son environnement r\u00e9el, surtout au milieu de son h\u00e9ritage s\u00e9culaire, la Civilisation occitane, dont, malgr\u00e9 tout, il op\u00e9ra un sauvetage exemplaire.<\/p>\n<p>Ainsi, successivement, apparaissent <em>las figuras d&#8217;en quauque temps<\/em> (les figures d&#8217;autrefois) : le p\u00e8re Trentant, l&#8217;\u00e2ne Barzaban, la Vendredi, les pauvres jeunes filles, les pauvres innocents, Sainte-Barbe, les pas si pauvres, ceux qui travaillaient, Chapeau-Blanc, le p\u00e8re Chatenet, le Buffant, Tassi et la Jeanne, Mirandou, Saquetaud, le Menuisier, la femme Macrem\u2026 Quant aux proverbes ou dictons, ils sont class\u00e9s par th\u00e8mes principaux : religion, pronostics (calendrier et m\u00e9t\u00e9orologie), personnages, endroits, famille, voisins, membres ou organes, m\u00e9decine, b\u00e2timents, m\u0153urs et usages, animaux, argent\u2026 Dans &#8220;la religion&#8221; nous trouvons surtout la pr\u00e9sence du Diable ! et des saints. Le vieux panth\u00e9isme conserve ici son empreinte. Cependant, l&#8217;homme, c&#8217;est le chr\u00e9tien &#8211; et Dieu est toujours &#8220;<em>lo Bon Dieu<\/em>&#8221; b\u00e9n\u00e9volent et mis\u00e9ricordieux : une fresque color\u00e9e o\u00f9 s&#8217;exprime le go\u00fbt, un peu pervers mais incoercible, des inventions, des rythmes, des blasons populaires.<\/p>\n<p style=\"text-align: center\"><em>Leva-te d&#8217;abora, &#8216;traparas C\u00f2rna-Cu\u00f2u per la borra<\/em><br \/>\n(L\u00e8ve-toi de bonne heure, tu attraperas Corne-Cul par le poil).<br \/>\n<em>Si un paure veni\u00e1 riche, minjaria lo chen<\/em><br \/>\n(Si un pauvre devenait riche, il mangerait le chien).<\/p>\n<p>Quel faisceau de documents, de maximes ou de notions vernaculaires, o\u00f9 nous d\u00e9couvrons nos racines ancestrales les plus profondes !<\/p>\n<p style=\"text-align: right\">Robert Joudoux<\/p>\n","protected":false},"excerpt":{"rendered":"<p>Ces contes participent de la m\u00eame veine que Los contes dau pueg Gerjan, publi\u00e9s dans le n\u00b033 de Lemouzi (janvier 1970) et r\u00e9\u00e9dit\u00e9s dans le n\u00b0106 bis (mai 1988) : ils veulent saisir, au vif, l&#8217;\u00e2me populaire dans ses r\u00e9actions naturelles, ses engouements, ses rejets instinctifs, ou sa grande na\u00efvet\u00e9 qui, puret\u00e9 ou force, souvent [&hellip;]<\/p>\n","protected":false},"featured_media":28203,"template":"","meta":{"_acf_changed":false,"_genesis_hide_title":false,"_genesis_hide_breadcrumbs":false,"_genesis_hide_singular_image":false,"_genesis_hide_footer_widgets":false,"_genesis_custom_body_class":"","_genesis_custom_post_class":"","_genesis_layout":""},"product_brand":[],"product_cat":[7177,7133,7175],"product_tag":[],"class_list":{"0":"post-28202","1":"product","2":"type-product","3":"status-publish","4":"has-post-thumbnail","6":"product_cat-contes-fablas-oc","7":"product_cat-libres-oc","8":"product_cat-literatura-oc","9":"pa_auteur-delpastre-marcela-oc","10":"pa_editeur-lemouzi-oc","11":"pa_langue-occitan-lemosin-oc","12":"pa_langue-occitan-francais-oc","13":"entry","15":"first","16":"instock","17":"shipping-taxable","18":"purchasable","19":"product-type-simple"},"acf":[],"_links":{"self":[{"href":"https:\/\/www.libraria-occitana.org\/oc\/wp-json\/wp\/v2\/product\/28202","targetHints":{"allow":["GET"]}}],"collection":[{"href":"https:\/\/www.libraria-occitana.org\/oc\/wp-json\/wp\/v2\/product"}],"about":[{"href":"https:\/\/www.libraria-occitana.org\/oc\/wp-json\/wp\/v2\/types\/product"}],"wp:featuredmedia":[{"embeddable":true,"href":"https:\/\/www.libraria-occitana.org\/oc\/wp-json\/wp\/v2\/media\/28203"}],"wp:attachment":[{"href":"https:\/\/www.libraria-occitana.org\/oc\/wp-json\/wp\/v2\/media?parent=28202"}],"wp:term":[{"taxonomy":"product_brand","embeddable":true,"href":"https:\/\/www.libraria-occitana.org\/oc\/wp-json\/wp\/v2\/product_brand?post=28202"},{"taxonomy":"product_cat","embeddable":true,"href":"https:\/\/www.libraria-occitana.org\/oc\/wp-json\/wp\/v2\/product_cat?post=28202"},{"taxonomy":"product_tag","embeddable":true,"href":"https:\/\/www.libraria-occitana.org\/oc\/wp-json\/wp\/v2\/product_tag?post=28202"}],"curies":[{"name":"wp","href":"https:\/\/api.w.org\/{rel}","templated":true}]}}