{"id":28212,"date":"2016-03-17T13:29:23","date_gmt":"2016-03-17T12:29:23","guid":{"rendered":"http:\/\/www.libraria-occitana.org\/all-products\/rejas-de-mots-sillons-de-mots?lang=oc"},"modified":"2026-04-14T06:16:40","modified_gmt":"2026-04-14T04:16:40","slug":"rejas-de-mots-sillons-de-mots","status":"publish","type":"product","link":"https:\/\/www.libraria-occitana.org\/oc\/produch\/rejas-de-mots-sillons-de-mots\/","title":{"rendered":"Rejas de mots &#8211; Sillons de mots"},"content":{"rendered":"<p>Certains \u00ab mots crois\u00e9s \u00bb et \u00ab\u00a0mots m\u00e9lang\u00e9s\u00a0\u00bb r\u00e9unis dans ce cahier ont \u00e9t\u00e9 publi\u00e9s sur le site <em>La Vita en \u00d2c<\/em>. L&#8217;accueil qu&#8217;ils ont re\u00e7u et l&#8217;utilisation qui en a \u00e9t\u00e9 faite dans les cours d&#8217;occitan nous ont incit\u00e9 \u00e0 les revoir et \u00e0 les imprimer.<br \/>\nSans chercher \u00e0 aborder syst\u00e9matiquement les chapitres habituels des pr\u00e9cis de vocabulaire, on revoit les mots \u00e0 partir de certains th\u00e8mes d&#8217;une mani\u00e8re aussi agr\u00e9able, active et int\u00e9ressante que possible.<br \/>\nPrenant comme r\u00e9f\u00e9rence la graphie d&#8217;Yves Lavalade, on a choisi des vocables qu&#8217;un locuteur naturel conna\u00eet certainement, et qu&#8217;une personne qui apprend l&#8217;occitan limousin a presque tous rencontr\u00e9s pendant ses deux premi\u00e8res ann\u00e9es d&#8217;\u00e9tude.<\/p>\n","protected":false},"excerpt":{"rendered":"<p>Certains \u00ab mots crois\u00e9s \u00bb et \u00ab\u00a0mots m\u00e9lang\u00e9s\u00a0\u00bb r\u00e9unis dans ce cahier ont \u00e9t\u00e9 publi\u00e9s sur le site La Vita en \u00d2c. L&#8217;accueil qu&#8217;ils ont re\u00e7u et l&#8217;utilisation qui en a \u00e9t\u00e9 faite dans les cours d&#8217;occitan nous ont incit\u00e9 \u00e0 les revoir et \u00e0 les imprimer. Sans chercher \u00e0 aborder syst\u00e9matiquement les chapitres habituels [&hellip;]<\/p>\n","protected":false},"featured_media":28207,"template":"","meta":{"_acf_changed":false,"_genesis_hide_title":false,"_genesis_hide_breadcrumbs":false,"_genesis_hide_singular_image":false,"_genesis_hide_footer_widgets":false,"_genesis_custom_body_class":"","_genesis_custom_post_class":"","_genesis_layout":""},"product_brand":[],"product_cat":[7137,7133,7147],"product_tag":[],"class_list":{"0":"post-28212","1":"product","2":"type-product","3":"status-publish","4":"has-post-thumbnail","6":"product_cat-diccionaris-lenga-escolar-oc","7":"product_cat-libres-oc","8":"product_cat-vocabulari-biais-de-dire-oc","9":"pa_auteur-reidi-jan-peire-oc","10":"pa_langue-occitan-lemosin-oc","11":"pa_langue-occitan-francais-oc","12":"entry","14":"first","15":"instock","16":"shipping-taxable","17":"purchasable","18":"product-type-simple"},"acf":[],"_links":{"self":[{"href":"https:\/\/www.libraria-occitana.org\/oc\/wp-json\/wp\/v2\/product\/28212","targetHints":{"allow":["GET"]}}],"collection":[{"href":"https:\/\/www.libraria-occitana.org\/oc\/wp-json\/wp\/v2\/product"}],"about":[{"href":"https:\/\/www.libraria-occitana.org\/oc\/wp-json\/wp\/v2\/types\/product"}],"wp:featuredmedia":[{"embeddable":true,"href":"https:\/\/www.libraria-occitana.org\/oc\/wp-json\/wp\/v2\/media\/28207"}],"wp:attachment":[{"href":"https:\/\/www.libraria-occitana.org\/oc\/wp-json\/wp\/v2\/media?parent=28212"}],"wp:term":[{"taxonomy":"product_brand","embeddable":true,"href":"https:\/\/www.libraria-occitana.org\/oc\/wp-json\/wp\/v2\/product_brand?post=28212"},{"taxonomy":"product_cat","embeddable":true,"href":"https:\/\/www.libraria-occitana.org\/oc\/wp-json\/wp\/v2\/product_cat?post=28212"},{"taxonomy":"product_tag","embeddable":true,"href":"https:\/\/www.libraria-occitana.org\/oc\/wp-json\/wp\/v2\/product_tag?post=28212"}],"curies":[{"name":"wp","href":"https:\/\/api.w.org\/{rel}","templated":true}]}}