{"id":28397,"date":"2017-04-01T13:17:16","date_gmt":"2017-04-01T11:17:16","guid":{"rendered":"http:\/\/www.libraria-occitana.org\/all-products\/lunivers-des-guerisseurs-traditionnels-panseurs-de-secrets-et-conjureurs?lang=oc"},"modified":"2026-04-16T21:26:53","modified_gmt":"2026-04-16T19:26:53","slug":"lunivers-des-guerisseurs-traditionnels-panseurs-de-secrets-et-conjureurs","status":"publish","type":"product","link":"https:\/\/www.libraria-occitana.org\/oc\/produch\/lunivers-des-guerisseurs-traditionnels-panseurs-de-secrets-et-conjureurs\/","title":{"rendered":"L&#8217;univers des gu\u00e9risseurs traditionnels : Panseurs de secrets et conjureurs"},"content":{"rendered":"<p>Malgr\u00e9 les progr\u00e8s de la m\u00e9decine scientifique occidentale, les Fran\u00e7ais optent parfois pour des modalit\u00e9s curatives qui en sont tr\u00e8s \u00e9loign\u00e9es : en faisant appel \u00e0 des personnes reconnues pour poss\u00e9der un don.<br \/>\nQui sont ces individus qui ont la facult\u00e9 de \u00ab faire tomber\u00a0\u00bb les verrues, de faire dispara\u00eetre les dartres et les ecz\u00e9mas, de \u00ab\u00a0retirer le feu\u00a0\u00bb d&#8217;une br\u00fblure ou d&#8217;un zona, d&#8217;\u00f4ter la douleur d&#8217;une entorse ou de maux de ventre, de traiter les vers des enfants, les piq\u00fbres de gu\u00eapes, les fi\u00e8vres&#8230; ?<br \/>\nQuelles est l&#8217;origine de cette capacit\u00e9 gu\u00e9risseuse, qui vaut pour les humains et les animaux, comment s&#8217;acquiert-elle, quels sont les conditions de sa mise en \u0153uvre et les m\u00e9canismes qui d\u00e9clenchent ses effets, comment sont-ils appr\u00e9hend\u00e9s et appr\u00e9ci\u00e9s par la m\u00e9decine officielle ?<br \/>\nC&#8217;est \u00e0 ces questions que r\u00e9pond Dominique Camus \u00e0 partir de cas concrets qu&#8217;il a lui-m\u00eame observ\u00e9s depuis une trentaine d&#8217;ann\u00e9es.<br \/>\nOutre qu&#8217;il nous d\u00e9voile une multitude de secrets, Dominique Camus nous montre pour la premi\u00e8re fois ces gu\u00e9risseurs traditionnels en train d&#8217;op\u00e9rer.<br \/>\nCet ouvrage, unique en son genre, nous offre ainsi la possibilit\u00e9 de comprendre les multiples aspects de cette r\u00e9alit\u00e9 qui ne laisse personne indiff\u00e9rent car c&#8217;est de notre sant\u00e9 qu&#8217;il est question.<\/p>\n","protected":false},"excerpt":{"rendered":"<p>Malgr\u00e9 les progr\u00e8s de la m\u00e9decine scientifique occidentale, les Fran\u00e7ais optent parfois pour des modalit\u00e9s curatives qui en sont tr\u00e8s \u00e9loign\u00e9es : en faisant appel \u00e0 des personnes reconnues pour poss\u00e9der un don. Qui sont ces individus qui ont la facult\u00e9 de \u00ab faire tomber\u00a0\u00bb les verrues, de faire dispara\u00eetre les dartres et les ecz\u00e9mas, [&hellip;]<\/p>\n","protected":false},"featured_media":60270,"template":"","meta":{"_acf_changed":false,"_genesis_hide_title":false,"_genesis_hide_breadcrumbs":false,"_genesis_hide_singular_image":false,"_genesis_hide_footer_widgets":false,"_genesis_custom_body_class":"","_genesis_custom_post_class":"","_genesis_layout":""},"product_brand":[],"product_cat":[7209,7133,7207],"product_tag":[],"class_list":{"0":"post-28397","1":"product","2":"type-product","3":"status-publish","4":"has-post-thumbnail","6":"product_cat-costumas-rites-e-cresencas-oc","7":"product_cat-libres-oc","8":"product_cat-tradicions-patrimoni-oc","9":"pa_auteur-camus-dominique-oc","10":"pa_editeur-ouest-france-oc","11":"pa_langue-francais-oc","12":"entry","14":"first","15":"instock","16":"shipping-taxable","17":"purchasable","18":"product-type-simple"},"acf":[],"_links":{"self":[{"href":"https:\/\/www.libraria-occitana.org\/oc\/wp-json\/wp\/v2\/product\/28397","targetHints":{"allow":["GET"]}}],"collection":[{"href":"https:\/\/www.libraria-occitana.org\/oc\/wp-json\/wp\/v2\/product"}],"about":[{"href":"https:\/\/www.libraria-occitana.org\/oc\/wp-json\/wp\/v2\/types\/product"}],"wp:featuredmedia":[{"embeddable":true,"href":"https:\/\/www.libraria-occitana.org\/oc\/wp-json\/wp\/v2\/media\/60270"}],"wp:attachment":[{"href":"https:\/\/www.libraria-occitana.org\/oc\/wp-json\/wp\/v2\/media?parent=28397"}],"wp:term":[{"taxonomy":"product_brand","embeddable":true,"href":"https:\/\/www.libraria-occitana.org\/oc\/wp-json\/wp\/v2\/product_brand?post=28397"},{"taxonomy":"product_cat","embeddable":true,"href":"https:\/\/www.libraria-occitana.org\/oc\/wp-json\/wp\/v2\/product_cat?post=28397"},{"taxonomy":"product_tag","embeddable":true,"href":"https:\/\/www.libraria-occitana.org\/oc\/wp-json\/wp\/v2\/product_tag?post=28397"}],"curies":[{"name":"wp","href":"https:\/\/api.w.org\/{rel}","templated":true}]}}