{"id":28404,"date":"2006-02-01T17:54:13","date_gmt":"2006-02-01T16:54:13","guid":{"rendered":"http:\/\/www.libraria-occitana.org\/all-products\/nouvelle-grammaire-abregee-du-gascon?lang=oc"},"modified":"2026-04-29T10:48:21","modified_gmt":"2026-04-29T08:48:21","slug":"nouvelle-grammaire-abregee-du-gascon","status":"publish","type":"product","link":"https:\/\/www.libraria-occitana.org\/oc\/produch\/nouvelle-grammaire-abregee-du-gascon\/","title":{"rendered":"Nouvelle grammaire abr\u00e9g\u00e9e du gascon"},"content":{"rendered":"<p><strong>[oc]<\/strong><br \/>\nAqueste ut\u00eds d\u2019aprentissatge de l\u2019occitan de Gasconha qu\u2019est\u00f3 concebut ent\u00e0 dar la possibilitat aus comen\u00e7ants francof\u00f2nes d\u2019aver a disposicion l\u2019obratge mei simple possible qui\u2019us podossi balhar las refer\u00e9ncias gramaticaus qu\u2019aur\u00e0n besonh au cors deu lor purm\u00e8r cursus d\u2019aprentissatge de la lenga.<\/p>\n<p><strong>[fr]<\/strong><br \/>\nCet outil d\u2019apprentissage de l\u2019occitan de Gascogne a \u00e9t\u00e9 con\u00e7u pour permettre aux d\u00e9butants francophones de disposer de l\u2019outil le plus simple possible qui leur apportera les r\u00e9f\u00e9rences grammaticales dont ils auront besoin lors de leur premier cursus d\u2019apprentissage de la langue.<\/p>\n","protected":false},"excerpt":{"rendered":"<p>[oc] Aqueste ut\u00eds d\u2019aprentissatge de l\u2019occitan de Gasconha qu\u2019est\u00f3 concebut ent\u00e0 dar la possibilitat aus comen\u00e7ants francof\u00f2nes d\u2019aver a disposicion l\u2019obratge mei simple possible qui\u2019us podossi balhar las refer\u00e9ncias gramaticaus qu\u2019aur\u00e0n besonh au cors deu lor purm\u00e8r cursus d\u2019aprentissatge de la lenga. [fr] Cet outil d\u2019apprentissage de l\u2019occitan de Gascogne a \u00e9t\u00e9 con\u00e7u pour permettre [&hellip;]<\/p>\n","protected":false},"featured_media":28402,"template":"","meta":{"_acf_changed":false,"_genesis_hide_title":false,"_genesis_hide_breadcrumbs":false,"_genesis_hide_singular_image":false,"_genesis_hide_footer_widgets":false,"_genesis_custom_body_class":"","_genesis_custom_post_class":"","_genesis_layout":""},"product_brand":[],"product_cat":[7139,7137,7133],"product_tag":[],"class_list":{"0":"post-28404","1":"product","2":"type-product","3":"status-publish","4":"has-post-thumbnail","6":"product_cat-diccionaris-gramaticas-oc","7":"product_cat-diccionaris-lenga-escolar-oc","8":"product_cat-libres-oc","9":"pa_auteur-guilhemjoan-patric-oc","10":"pa_auteur-romieu-maurici-oc","11":"pa_editeur-per-noste-oc","12":"pa_langue-francais-oc","13":"pa_langue-occitan-oc","14":"pa_langue-occitan-gascon-oc","15":"entry","17":"first","18":"instock","19":"shipping-taxable","20":"purchasable","21":"product-type-simple"},"acf":[],"_links":{"self":[{"href":"https:\/\/www.libraria-occitana.org\/oc\/wp-json\/wp\/v2\/product\/28404","targetHints":{"allow":["GET"]}}],"collection":[{"href":"https:\/\/www.libraria-occitana.org\/oc\/wp-json\/wp\/v2\/product"}],"about":[{"href":"https:\/\/www.libraria-occitana.org\/oc\/wp-json\/wp\/v2\/types\/product"}],"wp:featuredmedia":[{"embeddable":true,"href":"https:\/\/www.libraria-occitana.org\/oc\/wp-json\/wp\/v2\/media\/28402"}],"wp:attachment":[{"href":"https:\/\/www.libraria-occitana.org\/oc\/wp-json\/wp\/v2\/media?parent=28404"}],"wp:term":[{"taxonomy":"product_brand","embeddable":true,"href":"https:\/\/www.libraria-occitana.org\/oc\/wp-json\/wp\/v2\/product_brand?post=28404"},{"taxonomy":"product_cat","embeddable":true,"href":"https:\/\/www.libraria-occitana.org\/oc\/wp-json\/wp\/v2\/product_cat?post=28404"},{"taxonomy":"product_tag","embeddable":true,"href":"https:\/\/www.libraria-occitana.org\/oc\/wp-json\/wp\/v2\/product_tag?post=28404"}],"curies":[{"name":"wp","href":"https:\/\/api.w.org\/{rel}","templated":true}]}}