{"id":28410,"date":"2005-09-01T18:15:27","date_gmt":"2005-09-01T17:15:27","guid":{"rendered":"http:\/\/www.libraria-occitana.org\/all-products\/diccionari-elementari-occitan-frances-frances-occitan-gascon?lang=oc"},"modified":"2026-04-13T22:51:16","modified_gmt":"2026-04-13T20:51:16","slug":"diccionari-elementari-occitan-frances-frances-occitan-gascon","status":"publish","type":"product","link":"https:\/\/www.libraria-occitana.org\/oc\/produch\/diccionari-elementari-occitan-frances-frances-occitan-gascon\/","title":{"rendered":"Diccionari elementari occitan-franc\u00e9s \/ franc\u00e9s-occitan (gascon)"},"content":{"rendered":"<p><strong>[oc]<\/strong><br \/>\nAquiu un ap\u00e8r ent\u00e0 &#8216;us qui entinoan l&#8217;estudi de la lenga occitana dens la soa varianta gascona.<br \/>\nQu&#8217;i trobar\u00e0n :<br \/>\n&#8211; 9000 mots gascons revirats per un o mei d&#8217;un equivalent franc\u00e9s,<br \/>\n&#8211; mei de 7000 mots franc\u00e9s revirats per un o mei d&#8217;un equivalent gascon,<br \/>\n&#8211; e mei de 1500 noms pr\u00f2pis dens los dus sens.<\/p>\n<p><strong>[fr]<\/strong><br \/>\nUn outil pour ceux qui commencent l&#8217;\u00e9tude de la langue : 9000 mots gascons traduits, 7000 mots fran\u00e7ais, plus de 1500 noms propres dans les deux sens.<\/p>\n","protected":false},"excerpt":{"rendered":"<p>[oc] Aquiu un ap\u00e8r ent\u00e0 &#8216;us qui entinoan l&#8217;estudi de la lenga occitana dens la soa varianta gascona. Qu&#8217;i trobar\u00e0n : &#8211; 9000 mots gascons revirats per un o mei d&#8217;un equivalent franc\u00e9s, &#8211; mei de 7000 mots franc\u00e9s revirats per un o mei d&#8217;un equivalent gascon, &#8211; e mei de 1500 noms pr\u00f2pis dens [&hellip;]<\/p>\n","protected":false},"featured_media":28408,"template":"","meta":{"_acf_changed":false,"_genesis_hide_title":false,"_genesis_hide_breadcrumbs":false,"_genesis_hide_singular_image":false,"_genesis_hide_footer_widgets":false,"_genesis_custom_body_class":"","_genesis_custom_post_class":"","_genesis_layout":""},"product_brand":[],"product_cat":[7139,7137,7133],"product_tag":[],"class_list":{"0":"post-28410","1":"product","2":"type-product","3":"status-publish","4":"has-post-thumbnail","6":"product_cat-diccionaris-gramaticas-oc","7":"product_cat-diccionaris-lenga-escolar-oc","8":"product_cat-libres-oc","9":"pa_auteur-guilhemjoan-patric-oc","10":"pa_editeur-per-noste-oc","11":"pa_langue-occitan-gascon-oc","12":"pa_langue-occitan-francais-oc","13":"entry","15":"first","16":"instock","17":"shipping-taxable","18":"purchasable","19":"product-type-simple"},"acf":[],"_links":{"self":[{"href":"https:\/\/www.libraria-occitana.org\/oc\/wp-json\/wp\/v2\/product\/28410","targetHints":{"allow":["GET"]}}],"collection":[{"href":"https:\/\/www.libraria-occitana.org\/oc\/wp-json\/wp\/v2\/product"}],"about":[{"href":"https:\/\/www.libraria-occitana.org\/oc\/wp-json\/wp\/v2\/types\/product"}],"wp:featuredmedia":[{"embeddable":true,"href":"https:\/\/www.libraria-occitana.org\/oc\/wp-json\/wp\/v2\/media\/28408"}],"wp:attachment":[{"href":"https:\/\/www.libraria-occitana.org\/oc\/wp-json\/wp\/v2\/media?parent=28410"}],"wp:term":[{"taxonomy":"product_brand","embeddable":true,"href":"https:\/\/www.libraria-occitana.org\/oc\/wp-json\/wp\/v2\/product_brand?post=28410"},{"taxonomy":"product_cat","embeddable":true,"href":"https:\/\/www.libraria-occitana.org\/oc\/wp-json\/wp\/v2\/product_cat?post=28410"},{"taxonomy":"product_tag","embeddable":true,"href":"https:\/\/www.libraria-occitana.org\/oc\/wp-json\/wp\/v2\/product_tag?post=28410"}],"curies":[{"name":"wp","href":"https:\/\/api.w.org\/{rel}","templated":true}]}}