{"id":28416,"date":"2007-09-01T19:25:54","date_gmt":"2007-09-01T17:25:54","guid":{"rendered":"http:\/\/www.libraria-occitana.org\/all-products\/a-hum-de-calhau-le-gascon-en-25-lecons-tome-i-libre-dvd?lang=oc"},"modified":"2026-04-16T22:46:29","modified_gmt":"2026-04-16T20:46:29","slug":"a-hum-de-calhau-le-gascon-en-25-lecons-tome-i-libre-audio","status":"publish","type":"product","link":"https:\/\/www.libraria-occitana.org\/oc\/produch\/a-hum-de-calhau-le-gascon-en-25-lecons-tome-i-libre-audio\/","title":{"rendered":"A hum de calhau : Le gascon en 25 le\u00e7ons Tome I (libre + audi\u00f2)"},"content":{"rendered":"<p>Aquiu un met\u00f2de d&#8217;aprentissatge deu gascon, a l\u2019enc\u00f2p pedagogic e ludic, concebut per Patric Guilhemjoan e peu dessinator Ohazar, coneishut peu son talent e l\u2019arsec deu son calam. Lo purm\u00e8r t\u00f2me que compren tretze de las vint-e-cinc unitats d\u2019aprentissatge e que s\u2019acompanha de documents audio telecargaders merc\u00e9s au ligam qui&#8217;vs ser\u00e0 enviat per corric quand ne&#8217;n faretz la damanda a <a href=\"mailto:secretariat@pernoste.com\">secretariat@pernoste.com<\/a>. Aqueth ap\u00e8r qu\u2019ei destinat a un public diversificat : comen\u00e7ants, monde qui parlan un chic, qui n&#8217;an pas parlat despuish longtemps\u2026 Qu\u2019es tanben un sup\u00f2rt pedagogic de cors entaus adultes.<\/p>\n<p><a href=\"http:\/\/www.libraria-occitana.org\/produit\/a-hum-de-calhau-le-gascon-en-25-lecons-tome-ii-libre-audio\/\"><em>A hum de calhau : Le gascon en 25 le\u00e7ons Tome II<\/em><\/a><\/p>\n","protected":false},"excerpt":{"rendered":"<p>Aquiu un met\u00f2de d&#8217;aprentissatge deu gascon, a l\u2019enc\u00f2p pedagogic e ludic, concebut per Patric Guilhemjoan e peu dessinator Ohazar, coneishut peu son talent e l\u2019arsec deu son calam. Lo purm\u00e8r t\u00f2me que compren tretze de las vint-e-cinc unitats d\u2019aprentissatge e que s\u2019acompanha de documents audio telecargaders merc\u00e9s au ligam qui&#8217;vs ser\u00e0 enviat per corric quand [&hellip;]<\/p>\n","protected":false},"featured_media":28414,"template":"","meta":{"_acf_changed":false,"_genesis_hide_title":false,"_genesis_hide_breadcrumbs":false,"_genesis_hide_singular_image":false,"_genesis_hide_footer_widgets":false,"_genesis_custom_body_class":"","_genesis_custom_post_class":"","_genesis_layout":""},"product_brand":[],"product_cat":[7137,7133,7143],"product_tag":[],"class_list":{"0":"post-28416","1":"product","2":"type-product","3":"status-publish","4":"has-post-thumbnail","6":"product_cat-diccionaris-lenga-escolar-oc","7":"product_cat-libres-oc","8":"product_cat-metodes-oc","9":"pa_auteur-guilhemjoan-patric-oc","10":"pa_editeur-per-noste-oc","11":"pa_illustrateur-ohazar-oc","12":"pa_langue-occitan-gascon-oc","13":"pa_langue-occitan-francais-oc","14":"entry","16":"first","17":"outofstock","18":"shipping-taxable","19":"purchasable","20":"product-type-simple"},"acf":[],"_links":{"self":[{"href":"https:\/\/www.libraria-occitana.org\/oc\/wp-json\/wp\/v2\/product\/28416","targetHints":{"allow":["GET"]}}],"collection":[{"href":"https:\/\/www.libraria-occitana.org\/oc\/wp-json\/wp\/v2\/product"}],"about":[{"href":"https:\/\/www.libraria-occitana.org\/oc\/wp-json\/wp\/v2\/types\/product"}],"wp:featuredmedia":[{"embeddable":true,"href":"https:\/\/www.libraria-occitana.org\/oc\/wp-json\/wp\/v2\/media\/28414"}],"wp:attachment":[{"href":"https:\/\/www.libraria-occitana.org\/oc\/wp-json\/wp\/v2\/media?parent=28416"}],"wp:term":[{"taxonomy":"product_brand","embeddable":true,"href":"https:\/\/www.libraria-occitana.org\/oc\/wp-json\/wp\/v2\/product_brand?post=28416"},{"taxonomy":"product_cat","embeddable":true,"href":"https:\/\/www.libraria-occitana.org\/oc\/wp-json\/wp\/v2\/product_cat?post=28416"},{"taxonomy":"product_tag","embeddable":true,"href":"https:\/\/www.libraria-occitana.org\/oc\/wp-json\/wp\/v2\/product_tag?post=28416"}],"curies":[{"name":"wp","href":"https:\/\/api.w.org\/{rel}","templated":true}]}}