{"id":28428,"date":"2014-10-01T18:31:54","date_gmt":"2014-10-01T17:31:54","guid":{"rendered":"http:\/\/www.libraria-occitana.org\/all-products\/las-papilhotas-les-papillotes?lang=oc"},"modified":"2026-04-16T00:56:37","modified_gmt":"2026-04-15T22:56:37","slug":"las-papilhotas-les-papillotes","status":"publish","type":"product","link":"https:\/\/www.libraria-occitana.org\/oc\/produch\/las-papilhotas-les-papillotes\/","title":{"rendered":"Las papilh\u00f2tas &#8211; Les papillotes"},"content":{"rendered":"<p><strong>[oc]<\/strong><br \/>\n\u00ab \u00c8ra p\u00f2ple e \u00e8ra Gascon\u00a0\u00bb<br \/>\nPer aqueths mots, Jacme Bo\u00e8r (1798-1864) dit Jansemin avia son omenatge au Manescau Lanas e, per aqueths mots, se presenta si medish. Dilh\u00e8u, es pr&#8217; amor d&#8217;aqu\u00f2 que, arron son succ\u00e8s esmiraglant, sa vita e son eng\u00e8ni inspirats, Fran\u00e7a lo s&#8217;a desbrombat ? De segur, i es totjorn la soa estatua a Agen, que los canonaires alemands an, miraclosament, esparnhada.<br \/>\nDe segur, ua estacion de metr\u00f2 de Par\u00eds p\u00f2rta son nom. M\u00e8s, au demi\u00e8i de Hugo, Voltaire, Dumas o Diderot, quant de passatg\u00e8rs se pensan que Jansemin es auta causa qu&#8217;ua flor ?<br \/>\nDe segur, son nom es enq\u00fc\u00e8ra citat grandosament preus occitanistas o preus \u00d2lt e Garon\u00e9s.<br \/>\nM\u00e8s qui a vertad\u00e8rament paginavirat ua de sas \u00f2bras ?<\/p>\n<p><strong>[fr]<\/strong><br \/>\n\u00ab Il \u00e9tait peuple et il \u00e9tait gascon \u00bb<br \/>\nC&#8217;est par ces mots que Jacques Bo\u00e9 (1798-1864) dit Jasmin entame son hommage au Mar\u00e9chal Lannes et c&#8217;est par ces mots qu&#8217;il se d\u00e9finit lui-m\u00eame. Peut-\u00eatre est-ce pour cela qu&#8217;apr\u00e8s son formidable succ\u00e8s, sa vie et son g\u00e9nie, la France l&#8217;a oubli\u00e9 ? Bien s\u00fbr il y a toujours sa statue \u00e0 Agen, que les fabricants de canons allemands ont miraculeusement \u00e9pargn\u00e9e. Bien s\u00fbr une station de m\u00e9tro \u00e0 Paris porte son nom. Mais au milieu des Hugo, Voltaire, Dumas ou Diderot, combien de passagers imaginent que Jasmin est autre chose qu&#8217;une fleur ? Bien s\u00fbr, son nom est encore fi\u00e8rement cit\u00e9 par les occitanistes ou par les Lot-et-Garonnais.<br \/>\nMais qui a r\u00e9ellement parcouru l&#8217;une de ses \u0153uvres ?<\/p>\n<p><a title=\"Las papilh\u00f2tas \u2013 Les papillotes Tome 2 : Las causas granas \u2013 Les grandes causes\" href=\"http:\/\/www.libraria-occitana.org\/all-products\/las-papilhotas-les-papillotes-tome-2-las-causas-granas-les-grandes-causes\">Las papilh\u00f2tas &#8211; Les papillotes Tome 2 : Las causas granas &#8211; Les grandes causes<\/a><\/p>\n","protected":false},"excerpt":{"rendered":"<p>[oc] \u00ab \u00c8ra p\u00f2ple e \u00e8ra Gascon\u00a0\u00bb Per aqueths mots, Jacme Bo\u00e8r (1798-1864) dit Jansemin avia son omenatge au Manescau Lanas e, per aqueths mots, se presenta si medish. Dilh\u00e8u, es pr&#8217; amor d&#8217;aqu\u00f2 que, arron son succ\u00e8s esmiraglant, sa vita e son eng\u00e8ni inspirats, Fran\u00e7a lo s&#8217;a desbrombat ? De segur, i es totjorn [&hellip;]<\/p>\n","protected":false},"featured_media":28419,"template":"","meta":{"_acf_changed":false,"_genesis_hide_title":false,"_genesis_hide_breadcrumbs":false,"_genesis_hide_singular_image":false,"_genesis_hide_footer_widgets":false,"_genesis_custom_body_class":"","_genesis_custom_post_class":"","_genesis_layout":""},"product_brand":[],"product_cat":[7133,7175,7181],"product_tag":[],"class_list":{"0":"post-28428","1":"product","2":"type-product","3":"status-publish","4":"has-post-thumbnail","6":"product_cat-libres-oc","7":"product_cat-literatura-oc","8":"product_cat-poesia-oc","9":"pa_auteur-jansemin-jasmin-oc","10":"pa_editeur-abordo-oc","11":"pa_illustrateur-darricau-pierre-oc","12":"pa_illustrateur-quatre-thierry-oc","13":"pa_langue-occitan-gascon-oc","14":"pa_langue-occitan-francais-oc","15":"entry","17":"first","18":"outofstock","19":"shipping-taxable","20":"purchasable","21":"product-type-simple"},"acf":[],"_links":{"self":[{"href":"https:\/\/www.libraria-occitana.org\/oc\/wp-json\/wp\/v2\/product\/28428","targetHints":{"allow":["GET"]}}],"collection":[{"href":"https:\/\/www.libraria-occitana.org\/oc\/wp-json\/wp\/v2\/product"}],"about":[{"href":"https:\/\/www.libraria-occitana.org\/oc\/wp-json\/wp\/v2\/types\/product"}],"wp:featuredmedia":[{"embeddable":true,"href":"https:\/\/www.libraria-occitana.org\/oc\/wp-json\/wp\/v2\/media\/28419"}],"wp:attachment":[{"href":"https:\/\/www.libraria-occitana.org\/oc\/wp-json\/wp\/v2\/media?parent=28428"}],"wp:term":[{"taxonomy":"product_brand","embeddable":true,"href":"https:\/\/www.libraria-occitana.org\/oc\/wp-json\/wp\/v2\/product_brand?post=28428"},{"taxonomy":"product_cat","embeddable":true,"href":"https:\/\/www.libraria-occitana.org\/oc\/wp-json\/wp\/v2\/product_cat?post=28428"},{"taxonomy":"product_tag","embeddable":true,"href":"https:\/\/www.libraria-occitana.org\/oc\/wp-json\/wp\/v2\/product_tag?post=28428"}],"curies":[{"name":"wp","href":"https:\/\/api.w.org\/{rel}","templated":true}]}}