{"id":28430,"date":"2015-11-01T18:40:50","date_gmt":"2015-11-01T17:40:50","guid":{"rendered":"http:\/\/www.libraria-occitana.org\/all-products\/las-papilhotas-les-papillotes-tome-2-las-causas-granas-les-grandes-causes?lang=oc"},"modified":"2026-04-29T01:51:59","modified_gmt":"2026-04-28T23:51:59","slug":"las-papilhotas-les-papillotes-tome-2-las-causas-granas-les-grandes-causes","status":"publish","type":"product","link":"https:\/\/www.libraria-occitana.org\/oc\/produch\/las-papilhotas-les-papillotes-tome-2-las-causas-granas-les-grandes-causes\/","title":{"rendered":"Las papilh\u00f2tas &#8211; Les papillotes Tome 2 : Las causas granas &#8211; Les grandes causes"},"content":{"rendered":"<p><strong>[oc]<\/strong><br \/>\nJansemin es un vertad\u00e8r \u00f2mi de son temps ; un temps de tresvirada de la quau p\u00f2t pas demorar insensible : lo 19au s\u00e8gle. Jansemin es pas ua artista engatjada, dens lo sens qu&#8217;a pas d&#8217;aparten\u00e9ncia politica. Dens las can\u00e7ons de sa joentut, canta m\u00e8i la libertat que l&#8217;amor. Que son au lendoman de l&#8217;aventura Napoleoniana qu&#8217;a m\u00e8rcat son enfan\u00e7a e Jansemin que s&#8217;escrivon damb lo can\u00e7onaire gran Bereng\u00e8r. M\u00e8s, \u00e7aquel\u00e0, qu&#8217;es malaisit deu considerar com un republican hagard, pr&#8217;amor que sembla acomodar-se de totas las f\u00f2rmas de governador per tant que demoran moderadas, com l&#8217;atesta lo son sosteng a Lamartine en 1848 au moment deus tarriblas jornadas de junh. De h\u00e8it, sos combats que son en l\u00f2c mei. Que se trufa deus partits. Def\u00e9n valors : l&#8217;amor, la caritat, l&#8217;empara deu camp\u00e8stre en f\u00e0cia de la revolucion industriala, atau com la singularitat de la lenga occitana.<\/p>\n<p><strong>[fr]<\/strong><br \/>\nJasmin est un v\u00e9ritable homme de son temps ; un temps de bouleversement auquel il ne peut pas rester insensible : le 19e si\u00e8cle. Jasmin n\u2019est certes pas un artiste engag\u00e9, au sens o\u00f9 il n\u2019a pas d\u2019appartenance politique. Dans les chansons de sa jeunesse, il chante davantage la libert\u00e9 que l\u2019amour. Au lendemain de l\u2019aventure Napol\u00e9onienne qui a marqu\u00e9 son enfance, Jasmin est en rapport \u00e9pistolaire avec le grand chansonnier B\u00e9renger. Pour autant, il est difficile de le consid\u00e9rer comme un r\u00e9publicain farouche, car il semble s\u2019accommoder de tous les r\u00e9gimes tant qu\u2019ils restent mod\u00e9r\u00e9s, comme l\u2019atteste son soutien \u00e0 Lamartine en 1848 lors des terribles journ\u00e9es de juin. De fait, ses combats sont ailleurs. Il n\u2019a que faire des partis. Il d\u00e9fend des valeurs : l\u2019amour, la charit\u00e9, la d\u00e9fense de la campagne face \u00e0 l\u2019industrialisation naissante, ainsi que la singularit\u00e9 de la langue occitane.<\/p>\n<p style=\"text-align: right;\">Thierry Quatre<\/p>\n<p><a title=\"Las papilh\u00f2tas \u2013 Les papillotes\" href=\"http:\/\/www.libraria-occitana.org\/all-products\/las-papilhotas-les-papillotes\">Las papilh\u00f2tas &#8211; Les papillotes Tome 1<\/a><\/p>\n","protected":false},"excerpt":{"rendered":"<p>[oc] Jansemin es un vertad\u00e8r \u00f2mi de son temps ; un temps de tresvirada de la quau p\u00f2t pas demorar insensible : lo 19au s\u00e8gle. Jansemin es pas ua artista engatjada, dens lo sens qu&#8217;a pas d&#8217;aparten\u00e9ncia politica. Dens las can\u00e7ons de sa joentut, canta m\u00e8i la libertat que l&#8217;amor. Que son au lendoman de [&hellip;]<\/p>\n","protected":false},"featured_media":28423,"template":"","meta":{"_acf_changed":false,"_genesis_hide_title":false,"_genesis_hide_breadcrumbs":false,"_genesis_hide_singular_image":false,"_genesis_hide_footer_widgets":false,"_genesis_custom_body_class":"","_genesis_custom_post_class":"","_genesis_layout":""},"product_brand":[],"product_cat":[7133,7175,7181],"product_tag":[],"class_list":{"0":"post-28430","1":"product","2":"type-product","3":"status-publish","4":"has-post-thumbnail","6":"product_cat-libres-oc","7":"product_cat-literatura-oc","8":"product_cat-poesia-oc","9":"pa_auteur-jansemin-jasmin-oc","10":"pa_editeur-abordo-oc","11":"pa_illustrateur-quatre-thierry-oc","12":"pa_langue-occitan-gascon-oc","13":"pa_langue-occitan-francais-oc","14":"entry","16":"first","17":"outofstock","18":"shipping-taxable","19":"purchasable","20":"product-type-simple"},"acf":[],"_links":{"self":[{"href":"https:\/\/www.libraria-occitana.org\/oc\/wp-json\/wp\/v2\/product\/28430","targetHints":{"allow":["GET"]}}],"collection":[{"href":"https:\/\/www.libraria-occitana.org\/oc\/wp-json\/wp\/v2\/product"}],"about":[{"href":"https:\/\/www.libraria-occitana.org\/oc\/wp-json\/wp\/v2\/types\/product"}],"wp:featuredmedia":[{"embeddable":true,"href":"https:\/\/www.libraria-occitana.org\/oc\/wp-json\/wp\/v2\/media\/28423"}],"wp:attachment":[{"href":"https:\/\/www.libraria-occitana.org\/oc\/wp-json\/wp\/v2\/media?parent=28430"}],"wp:term":[{"taxonomy":"product_brand","embeddable":true,"href":"https:\/\/www.libraria-occitana.org\/oc\/wp-json\/wp\/v2\/product_brand?post=28430"},{"taxonomy":"product_cat","embeddable":true,"href":"https:\/\/www.libraria-occitana.org\/oc\/wp-json\/wp\/v2\/product_cat?post=28430"},{"taxonomy":"product_tag","embeddable":true,"href":"https:\/\/www.libraria-occitana.org\/oc\/wp-json\/wp\/v2\/product_tag?post=28430"}],"curies":[{"name":"wp","href":"https:\/\/api.w.org\/{rel}","templated":true}]}}