{"id":28464,"date":"2006-01-01T14:47:50","date_gmt":"2006-01-01T13:47:50","guid":{"rendered":"http:\/\/www.libraria-occitana.org\/all-products\/damn?lang=oc"},"modified":"2026-04-03T01:06:41","modified_gmt":"2026-04-02T23:06:41","slug":"damn","status":"publish","type":"product","link":"https:\/\/www.libraria-occitana.org\/oc\/produch\/damn\/","title":{"rendered":"Damn"},"content":{"rendered":"<p><strong>Marilis Orionaa :<\/strong> Voix<br \/>\n<strong>Olivier Kl\u00e9ber-Lavigne :<\/strong> Guitare<br \/>\n<strong>Nicolas Martin-Sagarra :<\/strong> Percussions<\/p>\n<p><strong>Titres :<\/strong><br \/>\n1. La preson\u00e8ra 1&#8217;35&#8221;<br \/>\n2. Nau ans 5&#8217;43&#8221;<br \/>\n3. Pr&#8217;amor 3&#8217;51&#8221;<br \/>\n4. Le Marmor\u00e9 4&#8217;14&#8221;<br \/>\n5. Casa caseta 2&#8217;12&#8221;<br \/>\n6. Aspra Spitia 3&#8217;50&#8221;<br \/>\n7. Ugarte 7&#8217;16&#8221;<br \/>\n8. A la vila de Pau 2&#8217;38&#8221;<br \/>\n9. Sent Jan 5&#8217;42&#8221;<br \/>\n10. Un tojar 7&#8217;16&#8221;<br \/>\n11. Ma maman est une chanteuse 2&#8217;39&#8221;<\/p>\n","protected":false},"excerpt":{"rendered":"<p>Marilis Orionaa : Voix Olivier Kl\u00e9ber-Lavigne : Guitare Nicolas Martin-Sagarra : Percussions Titres : 1. La preson\u00e8ra 1&#8217;35&#8221; 2. Nau ans 5&#8217;43&#8221; 3. Pr&#8217;amor 3&#8217;51&#8221; 4. Le Marmor\u00e9 4&#8217;14&#8221; 5. Casa caseta 2&#8217;12&#8221; 6. Aspra Spitia 3&#8217;50&#8221; 7. Ugarte 7&#8217;16&#8221; 8. A la vila de Pau 2&#8217;38&#8221; 9. Sent Jan 5&#8217;42&#8221; 10. Un tojar 7&#8217;16&#8221; [&hellip;]<\/p>\n","protected":false},"featured_media":28459,"template":"","meta":{"_acf_changed":false,"_genesis_hide_title":false,"_genesis_hide_breadcrumbs":false,"_genesis_hide_singular_image":false,"_genesis_hide_footer_widgets":false,"_genesis_custom_body_class":"","_genesis_custom_post_class":"","_genesis_layout":""},"product_brand":[],"product_cat":[16683,7219],"product_tag":[],"class_list":{"0":"post-28464","1":"product","2":"type-product","3":"status-publish","4":"has-post-thumbnail","6":"product_cat-musica-oc","7":"product_cat-chancon-oc","8":"pa_auteur-orionaa-marilis-oc","9":"pa_editeur-armugalh-darenla-fr-oc","10":"pa_langue-francais-oc","11":"pa_langue-occitan-oc","12":"pa_langue-occitan-gascon-oc","13":"entry","15":"first","16":"outofstock","17":"shipping-taxable","18":"purchasable","19":"product-type-simple"},"acf":[],"_links":{"self":[{"href":"https:\/\/www.libraria-occitana.org\/oc\/wp-json\/wp\/v2\/product\/28464","targetHints":{"allow":["GET"]}}],"collection":[{"href":"https:\/\/www.libraria-occitana.org\/oc\/wp-json\/wp\/v2\/product"}],"about":[{"href":"https:\/\/www.libraria-occitana.org\/oc\/wp-json\/wp\/v2\/types\/product"}],"wp:featuredmedia":[{"embeddable":true,"href":"https:\/\/www.libraria-occitana.org\/oc\/wp-json\/wp\/v2\/media\/28459"}],"wp:attachment":[{"href":"https:\/\/www.libraria-occitana.org\/oc\/wp-json\/wp\/v2\/media?parent=28464"}],"wp:term":[{"taxonomy":"product_brand","embeddable":true,"href":"https:\/\/www.libraria-occitana.org\/oc\/wp-json\/wp\/v2\/product_brand?post=28464"},{"taxonomy":"product_cat","embeddable":true,"href":"https:\/\/www.libraria-occitana.org\/oc\/wp-json\/wp\/v2\/product_cat?post=28464"},{"taxonomy":"product_tag","embeddable":true,"href":"https:\/\/www.libraria-occitana.org\/oc\/wp-json\/wp\/v2\/product_tag?post=28464"}],"curies":[{"name":"wp","href":"https:\/\/api.w.org\/{rel}","templated":true}]}}