{"id":28466,"date":"2015-12-01T14:12:59","date_gmt":"2015-12-01T13:12:59","guid":{"rendered":"http:\/\/www.libraria-occitana.org\/all-products\/la-destinada?lang=oc"},"modified":"2026-04-15T01:31:27","modified_gmt":"2026-04-14T23:31:27","slug":"la-destinada","status":"publish","type":"product","link":"https:\/\/www.libraria-occitana.org\/oc\/produch\/la-destinada\/","title":{"rendered":"La destinada"},"content":{"rendered":"<p><strong>Marilis Orionaa :<\/strong> Voix<br \/>\n<strong>Olivier Kl\u00e9ber-Lavigne :<\/strong> Guitare<br \/>\n<strong>Nicolas Martin-Sagarra :<\/strong> Percussions<\/p>\n<p><strong>Titres :<\/strong><br \/>\n1. H\u00e8i ! 3&#8217;30&#8221;<br \/>\n2.La mauvoluda 2&#8217;31&#8221;<br \/>\n3. La tor Moncada 4&#8217;39&#8221;<br \/>\n4. La trobadora 2&#8217;23&#8221;<br \/>\n5. Com ua mainadona 4&#8217;15&#8221;<br \/>\n6. La destinada 3&#8217;44&#8221;<br \/>\n7. Non s\u00e8i perqu\u00e9 4&#8217;30&#8221;<br \/>\n8. Lo t\u00e8 dab tu 3&#8217;08&#8221;<br \/>\n9. Que&#8217;t saludi Maria 5&#8217;45&#8221;<br \/>\n10. Que&#8217;t balhar\u00e8i la man 2&#8217;35&#8221;<br \/>\n11. Que i a lo c\u00e8u 3&#8217;06&#8221;<\/p>\n","protected":false},"excerpt":{"rendered":"<p>Marilis Orionaa : Voix Olivier Kl\u00e9ber-Lavigne : Guitare Nicolas Martin-Sagarra : Percussions Titres : 1. H\u00e8i ! 3&#8217;30&#8221; 2.La mauvoluda 2&#8217;31&#8221; 3. La tor Moncada 4&#8217;39&#8221; 4. La trobadora 2&#8217;23&#8221; 5. Com ua mainadona 4&#8217;15&#8221; 6. La destinada 3&#8217;44&#8221; 7. Non s\u00e8i perqu\u00e9 4&#8217;30&#8221; 8. Lo t\u00e8 dab tu 3&#8217;08&#8221; 9. Que&#8217;t saludi Maria 5&#8217;45&#8221; [&hellip;]<\/p>\n","protected":false},"featured_media":28456,"template":"","meta":{"_acf_changed":false,"_genesis_hide_title":false,"_genesis_hide_breadcrumbs":false,"_genesis_hide_singular_image":false,"_genesis_hide_footer_widgets":false,"_genesis_custom_body_class":"","_genesis_custom_post_class":"","_genesis_layout":""},"product_brand":[],"product_cat":[7219,16683],"product_tag":[],"class_list":{"0":"post-28466","1":"product","2":"type-product","3":"status-publish","4":"has-post-thumbnail","6":"product_cat-chancon-oc","7":"product_cat-musica-oc","8":"pa_auteur-orionaa-marilis-oc","9":"pa_langue-francais-oc","10":"pa_langue-occitan-oc","11":"pa_langue-occitan-gascon-oc","12":"entry","14":"first","15":"outofstock","16":"shipping-taxable","17":"purchasable","18":"product-type-simple"},"acf":[],"_links":{"self":[{"href":"https:\/\/www.libraria-occitana.org\/oc\/wp-json\/wp\/v2\/product\/28466","targetHints":{"allow":["GET"]}}],"collection":[{"href":"https:\/\/www.libraria-occitana.org\/oc\/wp-json\/wp\/v2\/product"}],"about":[{"href":"https:\/\/www.libraria-occitana.org\/oc\/wp-json\/wp\/v2\/types\/product"}],"wp:featuredmedia":[{"embeddable":true,"href":"https:\/\/www.libraria-occitana.org\/oc\/wp-json\/wp\/v2\/media\/28456"}],"wp:attachment":[{"href":"https:\/\/www.libraria-occitana.org\/oc\/wp-json\/wp\/v2\/media?parent=28466"}],"wp:term":[{"taxonomy":"product_brand","embeddable":true,"href":"https:\/\/www.libraria-occitana.org\/oc\/wp-json\/wp\/v2\/product_brand?post=28466"},{"taxonomy":"product_cat","embeddable":true,"href":"https:\/\/www.libraria-occitana.org\/oc\/wp-json\/wp\/v2\/product_cat?post=28466"},{"taxonomy":"product_tag","embeddable":true,"href":"https:\/\/www.libraria-occitana.org\/oc\/wp-json\/wp\/v2\/product_tag?post=28466"}],"curies":[{"name":"wp","href":"https:\/\/api.w.org\/{rel}","templated":true}]}}