{"id":28485,"date":"2012-04-06T10:51:10","date_gmt":"2012-04-06T08:51:10","guid":{"rendered":"http:\/\/www.libraria-occitana.org\/all-products\/la-conjugaison-occitane-limousin?lang=oc"},"modified":"2026-04-08T06:26:25","modified_gmt":"2026-04-08T04:26:25","slug":"la-conjugaison-occitane-limousin","status":"publish","type":"product","link":"https:\/\/www.libraria-occitana.org\/oc\/produch\/la-conjugaison-occitane-limousin\/","title":{"rendered":"La conjugaison occitane (limousin)"},"content":{"rendered":"<p>\u00ab\u00a0[&#8230;]<br \/>\nAu sein de la for\u00eat des temps, des modes et des personnes, cet ouvrage a peut-\u00eatre l&#8217;int\u00e9r\u00eat d&#8217;\u00eatre un guide.<br \/>\n[&#8230;]<br \/>\nEn brassant volontairement la diversit\u00e9 limousine, nous avons d\u00e9sir\u00e9 \u00e9liminer les &#8220;barri\u00e8res int\u00e9rieures&#8221; de l&#8217;incompr\u00e9hension, sans &#8220;d\u00e9localiser&#8221; les usages. Nous avons souhait\u00e9 pr\u00e9senter simplement, exemples vivants \u00e0 l&#8217;appui, des ph\u00e9nom\u00e8nes que la plupart n&#8217;expliquent pas ; qui les d\u00e9routent.<\/p>\n<p>Par des enqu\u00eates ponctuelles en Charente occitane et en Basse-Marche, tout comme par les r\u00e9f\u00e9rences au Nontronnais et plus largement au nord de la Dordogne, nous avons \u00e9tabli les liens unitaires qui enlacent ces &#8220;pays&#8221; \u00e0 l&#8217;ensemble linguistique, culturel, \u00e9conomique, historique et humain limousin, sans \u00e9luder les quelques divergences.<\/p>\n<p>La mati\u00e8re ainsi assembl\u00e9e reste \u00e0 la disposition de la population limousine pour une auto-connaissance, pour une prise en charge, pour un approfondissement \u00e9ventuel.<br \/>\n[&#8230;]\u00a0\u00bb<\/p>\n<p style=\"text-align: right\">Yves Lavalade<\/p>\n","protected":false},"excerpt":{"rendered":"<p>\u00ab\u00a0[&#8230;] Au sein de la for\u00eat des temps, des modes et des personnes, cet ouvrage a peut-\u00eatre l&#8217;int\u00e9r\u00eat d&#8217;\u00eatre un guide. [&#8230;] En brassant volontairement la diversit\u00e9 limousine, nous avons d\u00e9sir\u00e9 \u00e9liminer les &#8220;barri\u00e8res int\u00e9rieures&#8221; de l&#8217;incompr\u00e9hension, sans &#8220;d\u00e9localiser&#8221; les usages. Nous avons souhait\u00e9 pr\u00e9senter simplement, exemples vivants \u00e0 l&#8217;appui, des ph\u00e9nom\u00e8nes que la plupart [&hellip;]<\/p>\n","protected":false},"featured_media":36312,"template":"","meta":{"_acf_changed":false,"_genesis_hide_title":false,"_genesis_hide_breadcrumbs":false,"_genesis_hide_singular_image":false,"_genesis_hide_footer_widgets":false,"_genesis_custom_body_class":"","_genesis_custom_post_class":"","_genesis_layout":""},"product_brand":[],"product_cat":[7139,7137,7133],"product_tag":[],"class_list":{"0":"post-28485","1":"product","2":"type-product","3":"status-publish","4":"has-post-thumbnail","6":"product_cat-diccionaris-gramaticas-oc","7":"product_cat-diccionaris-lenga-escolar-oc","8":"product_cat-libres-oc","9":"pa_auteur-lavalada-ives-oc","10":"pa_editeur-escola-chabatz-dentrar-de-lion-oc","11":"pa_langue-francais-oc","12":"pa_langue-occitan-oc","13":"pa_langue-occitan-lemosin-oc","14":"entry","16":"first","17":"outofstock","18":"shipping-taxable","19":"purchasable","20":"product-type-simple"},"acf":[],"_links":{"self":[{"href":"https:\/\/www.libraria-occitana.org\/oc\/wp-json\/wp\/v2\/product\/28485","targetHints":{"allow":["GET"]}}],"collection":[{"href":"https:\/\/www.libraria-occitana.org\/oc\/wp-json\/wp\/v2\/product"}],"about":[{"href":"https:\/\/www.libraria-occitana.org\/oc\/wp-json\/wp\/v2\/types\/product"}],"wp:featuredmedia":[{"embeddable":true,"href":"https:\/\/www.libraria-occitana.org\/oc\/wp-json\/wp\/v2\/media\/36312"}],"wp:attachment":[{"href":"https:\/\/www.libraria-occitana.org\/oc\/wp-json\/wp\/v2\/media?parent=28485"}],"wp:term":[{"taxonomy":"product_brand","embeddable":true,"href":"https:\/\/www.libraria-occitana.org\/oc\/wp-json\/wp\/v2\/product_brand?post=28485"},{"taxonomy":"product_cat","embeddable":true,"href":"https:\/\/www.libraria-occitana.org\/oc\/wp-json\/wp\/v2\/product_cat?post=28485"},{"taxonomy":"product_tag","embeddable":true,"href":"https:\/\/www.libraria-occitana.org\/oc\/wp-json\/wp\/v2\/product_tag?post=28485"}],"curies":[{"name":"wp","href":"https:\/\/api.w.org\/{rel}","templated":true}]}}