{"id":28490,"date":"2004-04-01T14:54:12","date_gmt":"2004-04-01T13:54:12","guid":{"rendered":"http:\/\/www.libraria-occitana.org\/all-products\/reveries-dun-enfant-de-laguenne-ou-le-mahabharata-guennois?lang=oc"},"modified":"2026-04-29T03:56:44","modified_gmt":"2026-04-29T01:56:44","slug":"reveries-dun-enfant-de-laguenne-ou-le-mahabharata-guennois","status":"publish","type":"product","link":"https:\/\/www.libraria-occitana.org\/oc\/produch\/reveries-dun-enfant-de-laguenne-ou-le-mahabharata-guennois\/","title":{"rendered":"R\u00eaveries d&#8217;un enfant de Laguenne ou le Mahabharata guennois"},"content":{"rendered":"<p>Tel un homme de Plutarque, Jean-Pierre Lafond, n\u00e9 en 1941 \u00e0 Laguenne, est l&#8217;enfant d&#8217;une cit\u00e9, d&#8217;une identit\u00e9 et surtout d&#8217;une langue <em>mairala<\/em> (maternelle), s\u00e9same indispensable des traditions vernaculaires&#8230;<br \/>\nApr\u00e8s le cycle secondaire, l&#8217;\u00e9cole normale \u00e0 Tulle, de hautes \u00e9tudes universitaires d&#8217;anglais et de lettres classiques, il enseigne en coll\u00e8ge et en lyc\u00e9e, \u00e0 la facult\u00e9 des lettres de Limoges&#8230; assume m\u00eame de lourdes charges administratives au GRETA, mais, attir\u00e9 par &#8220;le sens profond des choses&#8221;, il scrute les mythes classiques, les l\u00e9gendiers occitans et celtiques, ce qui le ram\u00e8ne naturellement \u00e0 <em>un humanisme guennois enracin\u00e9 et f\u00e9cond<\/em>&#8230; o\u00f9 l&#8217;universel se manifeste dans des lieux inspir\u00e9s avec des individualit\u00e9s r\u00e9elles : un esprit &#8220;artiste&#8221; qui s&#8217;incarne dans des personnages pittoresques et des dialogues pris sur le vif, entre le r\u00eave et la nostalgie, le d\u00e9sir et le regret, et toutes les frustrations d&#8217;un &#8220;voyage au bout de soi-m\u00eame&#8221;.<br \/>\nCes habitants de Laguenne ou d&#8217;alentour, proches voisins mais \u00e9ternels contestataires en diable des <em>Tulauds<\/em> (Tullistes), passionn\u00e9s par l&#8217;anciennet\u00e9 et la pr\u00e9\u00e9minence de leur bourg jadis fortifi\u00e9, sont volontiers <em>mocandiers<\/em> (moqueurs), frondeurs, impertinents et m\u00eame insolents, en bref <em>lenga de pelha<\/em> (&#8220;langue de chiffon&#8221;, bavards)&#8230; et cependant, \u00f4 combien hommes de lettres, savants brodeurs de vocables finement \u00e9labor\u00e9s, \u00e9loquents dans l&#8217;absurde et la bravade, rabelaisiens par les m\u00e9taphores joyeuses qui les rendent dignes parfois des portraits truculents et vengeurs (et ventrus !) de la com\u00e9die antique&#8230;<br \/>\n&#8220;Le&#8221; Jean-Pierre Lafond nous offre ainsi <em>un festival de mots et d&#8217;attitudes<\/em>, dans une \u00e9vocation de toutes les solidit\u00e9s topiques d&#8217;un environnement natif.<br \/>\nAvisatz-la , cette <em>Puput<\/em> , cette &#8220;huppe&#8221;, la fille des bois, repr\u00e9sentant l&#8217;id\u00e9al amoureux&#8230; Voici encore le centre ombilical de Boubeau, le ch\u00e2taignier creux, le sorcier, les origines, l&#8217;\u00e2ge d&#8217;or&#8230; et les terribles <em>traslutz<\/em> !<br \/>\nUne \u00e9pop\u00e9e agreste qui se lit et se relit avec gourmandise, comme on <em>lampa e engula<\/em> (lampe et avale) le <em>chabr\u00f2lh<\/em> !<\/p>\n","protected":false},"excerpt":{"rendered":"<p>Tel un homme de Plutarque, Jean-Pierre Lafond, n\u00e9 en 1941 \u00e0 Laguenne, est l&#8217;enfant d&#8217;une cit\u00e9, d&#8217;une identit\u00e9 et surtout d&#8217;une langue mairala (maternelle), s\u00e9same indispensable des traditions vernaculaires&#8230; Apr\u00e8s le cycle secondaire, l&#8217;\u00e9cole normale \u00e0 Tulle, de hautes \u00e9tudes universitaires d&#8217;anglais et de lettres classiques, il enseigne en coll\u00e8ge et en lyc\u00e9e, \u00e0 la [&hellip;]<\/p>\n","protected":false},"featured_media":28488,"template":"","meta":{"_acf_changed":false,"_genesis_hide_title":false,"_genesis_hide_breadcrumbs":false,"_genesis_hide_singular_image":false,"_genesis_hide_footer_widgets":false,"_genesis_custom_body_class":"","_genesis_custom_post_class":"","_genesis_layout":""},"product_brand":[],"product_cat":[7133,7175,7187],"product_tag":[],"class_list":{"0":"post-28490","1":"product","2":"type-product","3":"status-publish","4":"has-post-thumbnail","6":"product_cat-libres-oc","7":"product_cat-literatura-oc","8":"product_cat-temonhatges-memoris-oc","9":"pa_auteur-lafond-jean-pierre-oc","10":"pa_editeur-lemouzi-oc","11":"pa_langue-occitan-lemosin-oc","12":"pa_langue-occitan-francais-oc","13":"entry","15":"first","16":"instock","17":"sold-individually","18":"shipping-taxable","19":"purchasable","20":"product-type-simple"},"acf":[],"_links":{"self":[{"href":"https:\/\/www.libraria-occitana.org\/oc\/wp-json\/wp\/v2\/product\/28490","targetHints":{"allow":["GET"]}}],"collection":[{"href":"https:\/\/www.libraria-occitana.org\/oc\/wp-json\/wp\/v2\/product"}],"about":[{"href":"https:\/\/www.libraria-occitana.org\/oc\/wp-json\/wp\/v2\/types\/product"}],"wp:featuredmedia":[{"embeddable":true,"href":"https:\/\/www.libraria-occitana.org\/oc\/wp-json\/wp\/v2\/media\/28488"}],"wp:attachment":[{"href":"https:\/\/www.libraria-occitana.org\/oc\/wp-json\/wp\/v2\/media?parent=28490"}],"wp:term":[{"taxonomy":"product_brand","embeddable":true,"href":"https:\/\/www.libraria-occitana.org\/oc\/wp-json\/wp\/v2\/product_brand?post=28490"},{"taxonomy":"product_cat","embeddable":true,"href":"https:\/\/www.libraria-occitana.org\/oc\/wp-json\/wp\/v2\/product_cat?post=28490"},{"taxonomy":"product_tag","embeddable":true,"href":"https:\/\/www.libraria-occitana.org\/oc\/wp-json\/wp\/v2\/product_tag?post=28490"}],"curies":[{"name":"wp","href":"https:\/\/api.w.org\/{rel}","templated":true}]}}