{"id":28493,"date":"2013-01-01T18:39:10","date_gmt":"2013-01-01T17:39:10","guid":{"rendered":"http:\/\/www.libraria-occitana.org\/all-products\/80-ans-en-musiques-et-en-chansons?lang=oc"},"modified":"2026-04-17T02:01:31","modified_gmt":"2026-04-17T00:01:31","slug":"80-ans-en-musiques-et-en-chansons","status":"publish","type":"product","link":"https:\/\/www.libraria-occitana.org\/oc\/produch\/80-ans-en-musiques-et-en-chansons\/","title":{"rendered":"80 ans en musiques et en chansons&#8230;"},"content":{"rendered":"<p><strong>Titres :<\/strong><br \/>\n1. Marche de Rata (marche) 3&#8217;11&#8221;<br \/>\n2. Valse \u00e0 L\u00e9a (valse) 2&#8217;07&#8221;<br \/>\n3. Les moissons (polka) 1&#8217;56&#8221;<br \/>\n4. La berg\u00e8re et lou Moussur (chant duo) 4&#8217;09&#8221;<br \/>\n5. Bourr\u00e9e du Barbichet (bourr\u00e9e) 1&#8217;23&#8221;<br \/>\n6. Rondeau chabrette 1&#8217;13&#8221;<br \/>\n7. La Cati (chant de groupe) 3&#8217;56&#8221;<br \/>\n8. En avant blonde (valse) 1&#8217;24&#8221;<br \/>\n9. La ch\u00e8vre brune (danse d&#8217;imitation) 2&#8217;41&#8221;<br \/>\n10. La m\u00e9chante m\u00e8re (chant solo) 2&#8217;22&#8221;<br \/>\n11. Glange + Le Vicaire (scottishs) 2&#8217;23&#8221;<br \/>\n12. La trotteuse (valse) 3&#8217;04&#8221;<br \/>\n13. Lou c\u0153ur de mo mio (chant de groupe) 2&#8217;22&#8221;<br \/>\n14. Mazurka sans t\u00eate (mazurka) 2&#8217;10&#8221;<br \/>\n15. Bal vieux (danse) 1&#8217;52&#8221;<br \/>\n16. Chass\u00e9s de bourr\u00e9es (bourr\u00e9es) avec chant 3&#8217;07&#8221;<br \/>\n17. Scottish Eglantino 1&#8217;15&#8221;<br \/>\n18. Le Barbichet (chant solo) 2&#8217;40&#8221;<br \/>\n19. Chass\u00e9s de valses (valses) 4&#8217;13&#8221;<br \/>\n20. Polka de Chanteix avec chant 2&#8217;37&#8221;<br \/>\n21. Mazurka de L\u00e9a Saint P\u00e9 2&#8217;58&#8221;<br \/>\n22. Les 4 saisons (chant groupe) 3&#8217;14&#8221;<br \/>\n23. Le belv\u00e9d\u00e8re (valse) 3&#8217;25&#8221;<br \/>\n24. Marche des Limousins de Paris (marche) 2&#8217;34&#8221;<\/p>\n","protected":false},"excerpt":{"rendered":"<p>Titres : 1. Marche de Rata (marche) 3&#8217;11&#8221; 2. Valse \u00e0 L\u00e9a (valse) 2&#8217;07&#8221; 3. Les moissons (polka) 1&#8217;56&#8221; 4. La berg\u00e8re et lou Moussur (chant duo) 4&#8217;09&#8221; 5. Bourr\u00e9e du Barbichet (bourr\u00e9e) 1&#8217;23&#8221; 6. Rondeau chabrette 1&#8217;13&#8221; 7. La Cati (chant de groupe) 3&#8217;56&#8221; 8. En avant blonde (valse) 1&#8217;24&#8221; 9. La ch\u00e8vre brune [&hellip;]<\/p>\n","protected":false},"featured_media":19881,"template":"","meta":{"_acf_changed":false,"_genesis_hide_title":false,"_genesis_hide_breadcrumbs":false,"_genesis_hide_singular_image":false,"_genesis_hide_footer_widgets":false,"_genesis_custom_body_class":"","_genesis_custom_post_class":"","_genesis_layout":""},"product_brand":[],"product_cat":[16683,7237],"product_tag":[],"class_list":{"0":"post-28493","1":"product","2":"type-product","3":"status-publish","4":"has-post-thumbnail","6":"product_cat-musica-oc","7":"product_cat-tradicion-oc","8":"pa_auteur-leglantino-do-lemouzi-oc","9":"pa_editeur-leglantino-do-lemouzi-fr-oc","10":"pa_langue-francais-oc","11":"pa_langue-occitan-oc","12":"pa_langue-occitan-lemosin-oc","13":"entry","15":"first","16":"instock","17":"shipping-taxable","18":"purchasable","19":"product-type-simple"},"acf":[],"_links":{"self":[{"href":"https:\/\/www.libraria-occitana.org\/oc\/wp-json\/wp\/v2\/product\/28493","targetHints":{"allow":["GET"]}}],"collection":[{"href":"https:\/\/www.libraria-occitana.org\/oc\/wp-json\/wp\/v2\/product"}],"about":[{"href":"https:\/\/www.libraria-occitana.org\/oc\/wp-json\/wp\/v2\/types\/product"}],"wp:featuredmedia":[{"embeddable":true,"href":"https:\/\/www.libraria-occitana.org\/oc\/wp-json\/wp\/v2\/media\/19881"}],"wp:attachment":[{"href":"https:\/\/www.libraria-occitana.org\/oc\/wp-json\/wp\/v2\/media?parent=28493"}],"wp:term":[{"taxonomy":"product_brand","embeddable":true,"href":"https:\/\/www.libraria-occitana.org\/oc\/wp-json\/wp\/v2\/product_brand?post=28493"},{"taxonomy":"product_cat","embeddable":true,"href":"https:\/\/www.libraria-occitana.org\/oc\/wp-json\/wp\/v2\/product_cat?post=28493"},{"taxonomy":"product_tag","embeddable":true,"href":"https:\/\/www.libraria-occitana.org\/oc\/wp-json\/wp\/v2\/product_tag?post=28493"}],"curies":[{"name":"wp","href":"https:\/\/api.w.org\/{rel}","templated":true}]}}