{"id":28498,"date":"2003-01-01T15:36:52","date_gmt":"2003-01-01T14:36:52","guid":{"rendered":"http:\/\/www.libraria-occitana.org\/all-products\/leglantino-do-lemouzi-vous-invite-a-chanter-et-danser?lang=oc"},"modified":"2024-07-04T00:26:12","modified_gmt":"2024-07-03T22:26:12","slug":"leglantino-do-lemouzi-vous-invite-a-chanter-et-danser","status":"publish","type":"product","link":"https:\/\/www.libraria-occitana.org\/oc\/produch\/leglantino-do-lemouzi-vous-invite-a-chanter-et-danser\/","title":{"rendered":"L&#8217;Eglantino do Lemouzi vous invite \u00e0 chanter et danser&#8230;"},"content":{"rendered":"<p><strong>Titres :<\/strong><br \/>\n1. Notre Heretage (po\u00e8me)<br \/>\n2. Au beau pays champ\u00eatre (chant)<br \/>\n3. La Montagnarde (bourr\u00e9e)<br \/>\n4. Lo Pico Talou (polka piqu\u00e9e)<br \/>\n5. En avant Blonde (valse)<br \/>\n6. Belle berg\u00e8re (chant)<br \/>\n7. L&#8217;aigo de Rocho (scottish)<br \/>\n8. Lou Turlututu (chant)<br \/>\n9. Lou Manuguet (menuet paysan)<br \/>\n10. Rossignolet des bois (chant)<br \/>\n11. La Gigouillette (gigue)<br \/>\n12. Lou Renar e lo Graulo &#8211; Le corbeau et le renard (fable)<br \/>\n13. Le P\u00e8re Fran\u00e7ois (polka)<br \/>\n14. Toino (chant)<br \/>\n15. Marche de Brive &#8211; Chantons gaiement pour passer le temps &#8211; Nicolas (marches)<br \/>\n16. Per mo Mio (chant)<br \/>\n17. Ma Pastourelle (valse)<br \/>\n18. Les Ch\u00e2taignes du Limousin (chant)<br \/>\n19. Lo Crouzado (bourr\u00e9e)<br \/>\n20. Jean-Piti Jean laboureur (chant)<br \/>\n21. Lou Cantou (valse)<br \/>\n22. Lo Gerbo Baudo (chant)<br \/>\n23. Lo maisou s&#8217;ebolho &#8211; Le branle du rat (sauti\u00e8res)<br \/>\n24. Lo Brian\u00e7o (chant)<br \/>\n25. Lo Mourolliado &#8211; Ai vist lou loup (bourr\u00e9es)<br \/>\n26. Lous gar\u00e7ous de lo Mountagno (bourr\u00e9e)<br \/>\n27. Le regret de Lisou (regret)<br \/>\n28. Lo Roso de Pla\u00ef (chant)<\/p>\n","protected":false},"excerpt":{"rendered":"<p>Titres : 1. Notre Heretage (po\u00e8me) 2. Au beau pays champ\u00eatre (chant) 3. La Montagnarde (bourr\u00e9e) 4. Lo Pico Talou (polka piqu\u00e9e) 5. En avant Blonde (valse) 6. Belle berg\u00e8re (chant) 7. L&#8217;aigo de Rocho (scottish) 8. Lou Turlututu (chant) 9. Lou Manuguet (menuet paysan) 10. Rossignolet des bois (chant) 11. La Gigouillette (gigue) 12. [&hellip;]<\/p>\n","protected":false},"featured_media":28496,"template":"","meta":{"_acf_changed":false,"_genesis_hide_title":false,"_genesis_hide_breadcrumbs":false,"_genesis_hide_singular_image":false,"_genesis_hide_footer_widgets":false,"_genesis_custom_body_class":"","_genesis_custom_post_class":"","_genesis_layout":""},"product_brand":[],"product_cat":[16683,7237],"product_tag":[],"class_list":{"0":"post-28498","1":"product","2":"type-product","3":"status-publish","4":"has-post-thumbnail","6":"product_cat-musica-oc","7":"product_cat-tradicion-oc","8":"pa_auteur-leglantino-do-lemouzi-oc","9":"pa_editeur-oui-dire-oc","10":"pa_langue-francais-oc","11":"pa_langue-occitan-oc","12":"pa_langue-occitan-lemosin-oc","13":"entry","15":"first","16":"outofstock","17":"shipping-taxable","18":"purchasable","19":"product-type-simple"},"acf":[],"_links":{"self":[{"href":"https:\/\/www.libraria-occitana.org\/oc\/wp-json\/wp\/v2\/product\/28498","targetHints":{"allow":["GET"]}}],"collection":[{"href":"https:\/\/www.libraria-occitana.org\/oc\/wp-json\/wp\/v2\/product"}],"about":[{"href":"https:\/\/www.libraria-occitana.org\/oc\/wp-json\/wp\/v2\/types\/product"}],"wp:featuredmedia":[{"embeddable":true,"href":"https:\/\/www.libraria-occitana.org\/oc\/wp-json\/wp\/v2\/media\/28496"}],"wp:attachment":[{"href":"https:\/\/www.libraria-occitana.org\/oc\/wp-json\/wp\/v2\/media?parent=28498"}],"wp:term":[{"taxonomy":"product_brand","embeddable":true,"href":"https:\/\/www.libraria-occitana.org\/oc\/wp-json\/wp\/v2\/product_brand?post=28498"},{"taxonomy":"product_cat","embeddable":true,"href":"https:\/\/www.libraria-occitana.org\/oc\/wp-json\/wp\/v2\/product_cat?post=28498"},{"taxonomy":"product_tag","embeddable":true,"href":"https:\/\/www.libraria-occitana.org\/oc\/wp-json\/wp\/v2\/product_tag?post=28498"}],"curies":[{"name":"wp","href":"https:\/\/api.w.org\/{rel}","templated":true}]}}