{"id":28515,"date":"2013-04-01T16:23:06","date_gmt":"2013-04-01T15:23:06","guid":{"rendered":"http:\/\/www.libraria-occitana.org\/all-products\/gras?lang=oc"},"modified":"2026-04-29T02:36:44","modified_gmt":"2026-04-29T00:36:44","slug":"gras","status":"publish","type":"product","link":"https:\/\/www.libraria-occitana.org\/oc\/produch\/gras\/","title":{"rendered":"Gras !"},"content":{"rendered":"<p>Grail&#8217;\u00d2li est un collectif de dix musiciens, gourmands de rythmes exotiques, sensibles aux langues du Sud et f\u00e9rus de Carnaval.<br \/>\nTambours, hautbois populaire, fifre, cuivre et chant, l\u2019armada prot\u00e9iforme se r\u00e9gale de reprises d\u2019un r\u00e9pertoire carnavalesque situ\u00e9 dans l\u2019axe M\u00e9diterran\u00e9e \/ Antilles \/ Am\u00e9rique du Sud, de chansons populaires en occitan, en castillan, en fran\u00e7ais, en portugais et en cr\u00e9ole et de compositions originales compl\u00e8tement barr\u00e9es.<\/p>\n<p><strong>Titres :<\/strong><br \/>\n1. Carnaval Nou 6&#8217;36&#8221;<br \/>\n2. Si c&#8217;est pas toi 0&#8217;55&#8221;<br \/>\n3. Ma Bergi\u00e8ra 3&#8217;52&#8221;<br \/>\n4. Macaco Mata el Toro 6&#8217;09&#8221;<br \/>\n5. Deux seiches \u00e0 ma carreta 4&#8217;37&#8221;<br \/>\n6. Cellule de d\u00e9guisement 4&#8217;37&#8221;<br \/>\n7. Le graoully 0&#8217;36&#8221;<br \/>\n8. Carnav\u00e0s 5&#8217;39&#8221;<br \/>\n9. Lo Bombardier (feat. Damien Val\u00e9ro) 15&#8217;10&#8221;<\/p>\n","protected":false},"excerpt":{"rendered":"<p>Grail&#8217;\u00d2li est un collectif de dix musiciens, gourmands de rythmes exotiques, sensibles aux langues du Sud et f\u00e9rus de Carnaval. Tambours, hautbois populaire, fifre, cuivre et chant, l\u2019armada prot\u00e9iforme se r\u00e9gale de reprises d\u2019un r\u00e9pertoire carnavalesque situ\u00e9 dans l\u2019axe M\u00e9diterran\u00e9e \/ Antilles \/ Am\u00e9rique du Sud, de chansons populaires en occitan, en castillan, en fran\u00e7ais, [&hellip;]<\/p>\n","protected":false},"featured_media":28513,"template":"","meta":{"_acf_changed":false,"_genesis_hide_title":false,"_genesis_hide_breadcrumbs":false,"_genesis_hide_singular_image":false,"_genesis_hide_footer_widgets":false,"_genesis_custom_body_class":"","_genesis_custom_post_class":"","_genesis_layout":""},"product_brand":[],"product_cat":[16683,7229],"product_tag":[],"class_list":{"0":"post-28515","1":"product","2":"type-product","3":"status-publish","4":"has-post-thumbnail","6":"product_cat-musica-oc","7":"product_cat-novela-tradicion-oc","8":"pa_auteur-grail-oli-oc-2","9":"pa_editeur-jets-dail-oc","10":"pa_langue-autras-lingas-oc","11":"pa_langue-francais-oc","12":"pa_langue-occitan-oc","13":"pa_langue-occitan-lengadocian-oc","14":"entry","16":"first","17":"instock","18":"shipping-taxable","19":"purchasable","20":"product-type-simple"},"acf":[],"_links":{"self":[{"href":"https:\/\/www.libraria-occitana.org\/oc\/wp-json\/wp\/v2\/product\/28515","targetHints":{"allow":["GET"]}}],"collection":[{"href":"https:\/\/www.libraria-occitana.org\/oc\/wp-json\/wp\/v2\/product"}],"about":[{"href":"https:\/\/www.libraria-occitana.org\/oc\/wp-json\/wp\/v2\/types\/product"}],"wp:featuredmedia":[{"embeddable":true,"href":"https:\/\/www.libraria-occitana.org\/oc\/wp-json\/wp\/v2\/media\/28513"}],"wp:attachment":[{"href":"https:\/\/www.libraria-occitana.org\/oc\/wp-json\/wp\/v2\/media?parent=28515"}],"wp:term":[{"taxonomy":"product_brand","embeddable":true,"href":"https:\/\/www.libraria-occitana.org\/oc\/wp-json\/wp\/v2\/product_brand?post=28515"},{"taxonomy":"product_cat","embeddable":true,"href":"https:\/\/www.libraria-occitana.org\/oc\/wp-json\/wp\/v2\/product_cat?post=28515"},{"taxonomy":"product_tag","embeddable":true,"href":"https:\/\/www.libraria-occitana.org\/oc\/wp-json\/wp\/v2\/product_tag?post=28515"}],"curies":[{"name":"wp","href":"https:\/\/api.w.org\/{rel}","templated":true}]}}