{"id":28525,"date":"2011-06-01T17:59:58","date_gmt":"2011-06-01T16:59:58","guid":{"rendered":"http:\/\/www.libraria-occitana.org\/all-products\/contes-de-rechoart?lang=oc"},"modified":"2024-07-04T00:08:27","modified_gmt":"2024-07-03T22:08:27","slug":"contes-de-rechoart","status":"publish","type":"product","link":"https:\/\/www.libraria-occitana.org\/oc\/produch\/contes-de-rechoart\/","title":{"rendered":"Contes de Rechoart"},"content":{"rendered":"<p>Edicion presentada e transcricha per Jamme Surp\u00e0s.<\/p>\n<p>Den\u00eds Roche publiet en 1908 quilhs contes de l&#8217;O\u00e8st Lemosin, massats dau costat de Cussac e Orador sur Vairas dins l&#8217;arrondissament de Rechoart (Rochechouart) e jusca vers Chaslu\u00e7.<\/p>\n<p>&#8220;Quela edicion presenta la transcripcion de quilhs contes dins la grafia restituida de n\u00f2stra linga. Quo es la condicion necess\u00e0ria au jorn d&#8217;anuech per ne&#8217;n far una edicion seriosa que puescha estar legida enf\u00f2ra de las regions de dialecte lemosin, mai quitament dins Occit\u00e0nia tota etot.&#8221;<\/p>\n<p style=\"text-align: right;\">Jamme Surp\u00e0s<\/p>\n","protected":false},"excerpt":{"rendered":"<p>Edicion presentada e transcricha per Jamme Surp\u00e0s. Den\u00eds Roche publiet en 1908 quilhs contes de l&#8217;O\u00e8st Lemosin, massats dau costat de Cussac e Orador sur Vairas dins l&#8217;arrondissament de Rechoart (Rochechouart) e jusca vers Chaslu\u00e7. &#8220;Quela edicion presenta la transcripcion de quilhs contes dins la grafia restituida de n\u00f2stra linga. Quo es la condicion necess\u00e0ria [&hellip;]<\/p>\n","protected":false},"featured_media":28523,"template":"","meta":{"_acf_changed":false,"_genesis_hide_title":false,"_genesis_hide_breadcrumbs":false,"_genesis_hide_singular_image":false,"_genesis_hide_footer_widgets":false,"_genesis_custom_body_class":"","_genesis_custom_post_class":"","_genesis_layout":""},"product_brand":[],"product_cat":[7133,7175,7177],"product_tag":[],"class_list":{"0":"post-28525","1":"product","2":"type-product","3":"status-publish","4":"has-post-thumbnail","6":"product_cat-libres-oc","7":"product_cat-literatura-oc","8":"product_cat-contes-fablas-oc","9":"pa_auteur-roche-denis-oc","10":"pa_editeur-ieo-perigord-novelum-oc","11":"pa_langue-occitan-oc","12":"pa_langue-occitan-lemosin-oc","13":"entry","15":"first","16":"outofstock","17":"shipping-taxable","18":"purchasable","19":"product-type-simple"},"acf":[],"_links":{"self":[{"href":"https:\/\/www.libraria-occitana.org\/oc\/wp-json\/wp\/v2\/product\/28525","targetHints":{"allow":["GET"]}}],"collection":[{"href":"https:\/\/www.libraria-occitana.org\/oc\/wp-json\/wp\/v2\/product"}],"about":[{"href":"https:\/\/www.libraria-occitana.org\/oc\/wp-json\/wp\/v2\/types\/product"}],"wp:featuredmedia":[{"embeddable":true,"href":"https:\/\/www.libraria-occitana.org\/oc\/wp-json\/wp\/v2\/media\/28523"}],"wp:attachment":[{"href":"https:\/\/www.libraria-occitana.org\/oc\/wp-json\/wp\/v2\/media?parent=28525"}],"wp:term":[{"taxonomy":"product_brand","embeddable":true,"href":"https:\/\/www.libraria-occitana.org\/oc\/wp-json\/wp\/v2\/product_brand?post=28525"},{"taxonomy":"product_cat","embeddable":true,"href":"https:\/\/www.libraria-occitana.org\/oc\/wp-json\/wp\/v2\/product_cat?post=28525"},{"taxonomy":"product_tag","embeddable":true,"href":"https:\/\/www.libraria-occitana.org\/oc\/wp-json\/wp\/v2\/product_tag?post=28525"}],"curies":[{"name":"wp","href":"https:\/\/api.w.org\/{rel}","templated":true}]}}