{"id":28554,"date":"2009-10-01T18:07:51","date_gmt":"2009-10-01T16:07:51","guid":{"rendered":"http:\/\/www.libraria-occitana.org\/all-products\/noms-occitans-des-plantes-des-causses-et-des-truffieres?lang=oc"},"modified":"2026-04-29T01:06:46","modified_gmt":"2026-04-28T23:06:46","slug":"noms-occitans-des-plantes-des-causses-et-des-truffieres","status":"publish","type":"product","link":"https:\/\/www.libraria-occitana.org\/oc\/produch\/noms-occitans-des-plantes-des-causses-et-des-truffieres\/","title":{"rendered":"Noms occitans des plantes des Causses et des truffi\u00e8res"},"content":{"rendered":"<p>L&#8217;origine de cet ouvrage est l&#8217;inventaire botanique des truffi\u00e8res du P\u00e9rigord, <a href=\"http:\/\/www.libraria-occitana.org\/all-products\/plantes-des-causses-et-des-truffieres\"><em>Plantes des Causses et des truffi\u00e8res<\/em><\/a>, publi\u00e9 par Jean-Claude Martegoute, professeur certifi\u00e9 de biologie au Lyc\u00e9e agricole de P\u00e9rigueux, fruit d&#8217;une \u00e9tude floristique de vingt-cinq truffi\u00e8res naturelles de Dordogne.<br \/>\nCette \u00e9tude s&#8217;est faite sur une terre de langue occitane, et il est apparu int\u00e9ressant et important de compl\u00e9ter l&#8217;inventaire de ce patrimoine botanique par celui du patrimoine linguistique que repr\u00e9sentent les noms populaires occitans de ces plantes.<br \/>\nCet ouvrage pr\u00e9sente donc les noms populaires occitans des plantes r\u00e9pertori\u00e9es dans l&#8217;ouvrage de Jean-Claude Martegoute.<br \/>\nIl se pr\u00e9sente comme un suppl\u00e9ment linguistique \u00e0 <em>Plantes des Causses et des truffi\u00e8res<\/em>, mais il peut aussi \u00eatre utilis\u00e9 de fa\u00e7on plus ind\u00e9pendante.<\/p>\n","protected":false},"excerpt":{"rendered":"<p>L&#8217;origine de cet ouvrage est l&#8217;inventaire botanique des truffi\u00e8res du P\u00e9rigord, Plantes des Causses et des truffi\u00e8res, publi\u00e9 par Jean-Claude Martegoute, professeur certifi\u00e9 de biologie au Lyc\u00e9e agricole de P\u00e9rigueux, fruit d&#8217;une \u00e9tude floristique de vingt-cinq truffi\u00e8res naturelles de Dordogne. Cette \u00e9tude s&#8217;est faite sur une terre de langue occitane, et il est apparu int\u00e9ressant [&hellip;]<\/p>\n","protected":false},"featured_media":36665,"template":"","meta":{"_acf_changed":false,"_genesis_hide_title":false,"_genesis_hide_breadcrumbs":false,"_genesis_hide_singular_image":false,"_genesis_hide_footer_widgets":false,"_genesis_custom_body_class":"","_genesis_custom_post_class":"","_genesis_layout":""},"product_brand":[],"product_cat":[7133,7197,7201],"product_tag":[],"class_list":{"0":"post-28554","1":"product","2":"type-product","3":"status-publish","4":"has-post-thumbnail","6":"product_cat-libres-oc","7":"product_cat-natura-torisme-oc","8":"product_cat-natura-vargier-oc","9":"pa_auteur-chapduelh-micheu-oc","10":"pa_auteur-chavarocha-daniel-oc","11":"pa_auteur-martegoute-jean-claude-oc","12":"pa_editeur-ieo-perigord-novelum-oc","13":"pa_langue-occitan-lemosin-oc","14":"pa_langue-occitan-lengadocian-oc","15":"pa_langue-occitan-francais-oc","16":"entry","18":"first","19":"instock","20":"shipping-taxable","21":"purchasable","22":"product-type-simple"},"acf":[],"_links":{"self":[{"href":"https:\/\/www.libraria-occitana.org\/oc\/wp-json\/wp\/v2\/product\/28554","targetHints":{"allow":["GET"]}}],"collection":[{"href":"https:\/\/www.libraria-occitana.org\/oc\/wp-json\/wp\/v2\/product"}],"about":[{"href":"https:\/\/www.libraria-occitana.org\/oc\/wp-json\/wp\/v2\/types\/product"}],"wp:featuredmedia":[{"embeddable":true,"href":"https:\/\/www.libraria-occitana.org\/oc\/wp-json\/wp\/v2\/media\/36665"}],"wp:attachment":[{"href":"https:\/\/www.libraria-occitana.org\/oc\/wp-json\/wp\/v2\/media?parent=28554"}],"wp:term":[{"taxonomy":"product_brand","embeddable":true,"href":"https:\/\/www.libraria-occitana.org\/oc\/wp-json\/wp\/v2\/product_brand?post=28554"},{"taxonomy":"product_cat","embeddable":true,"href":"https:\/\/www.libraria-occitana.org\/oc\/wp-json\/wp\/v2\/product_cat?post=28554"},{"taxonomy":"product_tag","embeddable":true,"href":"https:\/\/www.libraria-occitana.org\/oc\/wp-json\/wp\/v2\/product_tag?post=28554"}],"curies":[{"name":"wp","href":"https:\/\/api.w.org\/{rel}","templated":true}]}}