{"id":28559,"date":"2002-09-01T17:54:32","date_gmt":"2002-09-01T16:54:32","guid":{"rendered":"http:\/\/www.libraria-occitana.org\/all-products\/plantes-des-causses-et-des-truffieres?lang=oc"},"modified":"2026-04-14T03:31:13","modified_gmt":"2026-04-14T01:31:13","slug":"plantes-des-causses-et-des-truffieres","status":"publish","type":"product","link":"https:\/\/www.libraria-occitana.org\/oc\/produch\/plantes-des-causses-et-des-truffieres\/","title":{"rendered":"Plantes des Causses et des truffi\u00e8res"},"content":{"rendered":"<p>Depuis la nuit des temps, tous les amoureux de la truffe du P\u00e9rigord savent que la belle ne fait pas son lit au hasard&#8230;<br \/>\nLa sp\u00e9cificit\u00e9 des sols truffiers et la diversit\u00e9 florale qui s&#8217;y rattache ne sont plus \u00e0 d\u00e9montrer. Bien souvent, \u00e0 l&#8217;occasion des cavages, des travaux, des balades, sans en conna\u00eetre le nom, sinon parfois en langue d&#8217;oc, nous avons, les uns et les autres, remarqu\u00e9 et observ\u00e9 de nombreuses plantes de nos causses r\u00e9v\u00e9latrices d&#8217;un sol \u00e0 vocation truffi\u00e8re.<br \/>\nJean-Claude Martegoute, professeur certifi\u00e9 de biologie au Lyc\u00e9e agricole de P\u00e9rigueux, a dress\u00e9 l&#8217;inventaire floristique tr\u00e8s riche de ces plantes (plus de 300 esp\u00e8ces), assorti d&#8217;un commentaire botanique complet et pr\u00e9cis.<br \/>\nL&#8217;illustration remarquable d&#8217;Annie Courdeau, professeur certifi\u00e9 de biologie au Lyc\u00e9e agricole de P\u00e9rigueux, apporte une grande facilit\u00e9 d&#8217;acc\u00e8s au document et \u00e0 son utilisation.<br \/>\nLeur travail nous permet ainsi d&#8217;am\u00e9liorer nos connaissances et de r\u00e9pondre \u00e0 notre saine curiosit\u00e9 de trufficulteurs.<br \/>\nUn bel ouvrage, d\u00e9licatement illustr\u00e9 qui saura accompagner efficacement les pas des passionn\u00e9s que nous sommes.<\/p>\n<p style=\"text-align: right;\">Jean-Pierre Audivert<br \/>\nPr\u00e9sident de la F\u00e9d\u00e9ration d\u00e9partementale des trufficulteurs de la Dordogne<\/p>\n<p><strong>Un bon compl\u00e9ment :<\/strong><br \/>\n<em><a title=\"Noms occitans des plantes des Causses et des truffi\u00e8res\" href=\"http:\/\/www.libraria-occitana.org\/all-products\/noms-occitans-des-plantes-des-causses-et-des-truffieres\">Noms occitans des plantes des Causses et des truffi\u00e8res<\/a><\/em><\/p>\n","protected":false},"excerpt":{"rendered":"<p>Depuis la nuit des temps, tous les amoureux de la truffe du P\u00e9rigord savent que la belle ne fait pas son lit au hasard&#8230; La sp\u00e9cificit\u00e9 des sols truffiers et la diversit\u00e9 florale qui s&#8217;y rattache ne sont plus \u00e0 d\u00e9montrer. Bien souvent, \u00e0 l&#8217;occasion des cavages, des travaux, des balades, sans en conna\u00eetre le [&hellip;]<\/p>\n","protected":false},"featured_media":28557,"template":"","meta":{"_acf_changed":false,"_genesis_hide_title":false,"_genesis_hide_breadcrumbs":false,"_genesis_hide_singular_image":false,"_genesis_hide_footer_widgets":false,"_genesis_custom_body_class":"","_genesis_custom_post_class":"","_genesis_layout":""},"product_brand":[],"product_cat":[7133,7197,7201],"product_tag":[],"class_list":{"0":"post-28559","1":"product","2":"type-product","3":"status-publish","4":"has-post-thumbnail","6":"product_cat-libres-oc","7":"product_cat-natura-torisme-oc","8":"product_cat-natura-vargier-oc","9":"pa_auteur-martegoute-jean-claude-oc","10":"pa_editeur-fede-dptale-des-trufficulteurs-du-perigord-oc","11":"pa_illustrateur-courdeau-annie-oc","12":"pa_langue-francais-oc","13":"entry","15":"first","16":"outofstock","17":"shipping-taxable","18":"purchasable","19":"product-type-simple"},"acf":[],"_links":{"self":[{"href":"https:\/\/www.libraria-occitana.org\/oc\/wp-json\/wp\/v2\/product\/28559","targetHints":{"allow":["GET"]}}],"collection":[{"href":"https:\/\/www.libraria-occitana.org\/oc\/wp-json\/wp\/v2\/product"}],"about":[{"href":"https:\/\/www.libraria-occitana.org\/oc\/wp-json\/wp\/v2\/types\/product"}],"wp:featuredmedia":[{"embeddable":true,"href":"https:\/\/www.libraria-occitana.org\/oc\/wp-json\/wp\/v2\/media\/28557"}],"wp:attachment":[{"href":"https:\/\/www.libraria-occitana.org\/oc\/wp-json\/wp\/v2\/media?parent=28559"}],"wp:term":[{"taxonomy":"product_brand","embeddable":true,"href":"https:\/\/www.libraria-occitana.org\/oc\/wp-json\/wp\/v2\/product_brand?post=28559"},{"taxonomy":"product_cat","embeddable":true,"href":"https:\/\/www.libraria-occitana.org\/oc\/wp-json\/wp\/v2\/product_cat?post=28559"},{"taxonomy":"product_tag","embeddable":true,"href":"https:\/\/www.libraria-occitana.org\/oc\/wp-json\/wp\/v2\/product_tag?post=28559"}],"curies":[{"name":"wp","href":"https:\/\/api.w.org\/{rel}","templated":true}]}}