{"id":28567,"date":"2014-04-01T19:08:48","date_gmt":"2014-04-01T17:08:48","guid":{"rendered":"http:\/\/www.libraria-occitana.org\/all-products\/orquideas-salvatjas-de-perigord-orchidees-sauvages-du-perigord?lang=oc"},"modified":"2026-04-03T00:11:19","modified_gmt":"2026-04-02T22:11:19","slug":"orquideas-salvatjas-de-perigord-orchidees-sauvages-du-perigord","status":"publish","type":"product","link":"https:\/\/www.libraria-occitana.org\/oc\/produch\/orquideas-salvatjas-de-perigord-orchidees-sauvages-du-perigord\/","title":{"rendered":"Orquid\u00e8as salvatjas de Perig\u00f2rd &#8211; Orchid\u00e9es sauvages du P\u00e9rigord"},"content":{"rendered":"<p><strong>[oc]<\/strong><br \/>\nTostemps las orquid\u00e8as an pivelat los \u00f2mes. Presents dins los diferents mites e mitologias de f\u00f2r\u00e7a p\u00f2bles, los orqu\u00eds an atisat de desiran\u00e7as nombrosas. La forma particulara de lors dos bulbes ne&#8217;n fagu\u00e8t lo simb\u00f2l de la pot\u00e9ncia masculina e de fertilitat, que orqu\u00eds v\u00f2l dire colhon en grec. Dins la region d&#8217;Eissiduelh, l&#8217;autor trob\u00e8t e estudi\u00e8t un trentenat d&#8217;esp\u00e8cias diferentas, mas quela biodiversitat es tot pari\u00e8r mena\u00e7ada per l&#8217;activitat dels \u00f2mes e per la modificacion naturala dels ecosist\u00e8mas.<\/p>\n<p><strong>[fr]<\/strong><br \/>\nDe tout temps, les orchid\u00e9es ont fascin\u00e9 les hommes. Pr\u00e9sents dans les diff\u00e9rents mythes et mythologies de nombreux peuples, les orchis ont attis\u00e9 de nombreuses convoitises. La forme particuli\u00e8re de leurs deux bulbes en ont fait le symbole de la puissance masculine et de la f\u00e9condit\u00e9, orchis voulant dire testicule en grec. Dans la r\u00e9gion d&#8217;Excideuil, l&#8217;auteur a trouv\u00e9 et \u00e9tudi\u00e9 une trentaine d&#8217;esp\u00e8ces d&#8217;orchid\u00e9es diff\u00e9rentes, ce qui ne signifie pas que cette biodiversit\u00e9 ne soit pas menac\u00e9e par l&#8217;activit\u00e9 des hommes et par la modification naturelle des \u00e9cosyst\u00e8mes.<\/p>\n","protected":false},"excerpt":{"rendered":"<p>[oc] Tostemps las orquid\u00e8as an pivelat los \u00f2mes. Presents dins los diferents mites e mitologias de f\u00f2r\u00e7a p\u00f2bles, los orqu\u00eds an atisat de desiran\u00e7as nombrosas. La forma particulara de lors dos bulbes ne&#8217;n fagu\u00e8t lo simb\u00f2l de la pot\u00e9ncia masculina e de fertilitat, que orqu\u00eds v\u00f2l dire colhon en grec. Dins la region d&#8217;Eissiduelh, l&#8217;autor [&hellip;]<\/p>\n","protected":false},"featured_media":28565,"template":"","meta":{"_acf_changed":false,"_genesis_hide_title":false,"_genesis_hide_breadcrumbs":false,"_genesis_hide_singular_image":false,"_genesis_hide_footer_widgets":false,"_genesis_custom_body_class":"","_genesis_custom_post_class":"","_genesis_layout":""},"product_brand":[],"product_cat":[7133,7197,7201],"product_tag":[],"class_list":{"0":"post-28567","1":"product","2":"type-product","3":"status-publish","4":"has-post-thumbnail","6":"product_cat-libres-oc","7":"product_cat-natura-torisme-oc","8":"product_cat-natura-vargier-oc","9":"pa_auteur-orazio-joan-lois-oc","10":"pa_editeur-ieo-perigord-novelum-oc","11":"pa_langue-occitan-lengadocian-oc","12":"pa_langue-occitan-francais-oc","13":"entry","15":"first","16":"instock","17":"shipping-taxable","18":"purchasable","19":"product-type-simple"},"acf":[],"_links":{"self":[{"href":"https:\/\/www.libraria-occitana.org\/oc\/wp-json\/wp\/v2\/product\/28567","targetHints":{"allow":["GET"]}}],"collection":[{"href":"https:\/\/www.libraria-occitana.org\/oc\/wp-json\/wp\/v2\/product"}],"about":[{"href":"https:\/\/www.libraria-occitana.org\/oc\/wp-json\/wp\/v2\/types\/product"}],"wp:featuredmedia":[{"embeddable":true,"href":"https:\/\/www.libraria-occitana.org\/oc\/wp-json\/wp\/v2\/media\/28565"}],"wp:attachment":[{"href":"https:\/\/www.libraria-occitana.org\/oc\/wp-json\/wp\/v2\/media?parent=28567"}],"wp:term":[{"taxonomy":"product_brand","embeddable":true,"href":"https:\/\/www.libraria-occitana.org\/oc\/wp-json\/wp\/v2\/product_brand?post=28567"},{"taxonomy":"product_cat","embeddable":true,"href":"https:\/\/www.libraria-occitana.org\/oc\/wp-json\/wp\/v2\/product_cat?post=28567"},{"taxonomy":"product_tag","embeddable":true,"href":"https:\/\/www.libraria-occitana.org\/oc\/wp-json\/wp\/v2\/product_tag?post=28567"}],"curies":[{"name":"wp","href":"https:\/\/api.w.org\/{rel}","templated":true}]}}