{"id":28573,"date":"2008-12-01T18:20:30","date_gmt":"2008-12-01T17:20:30","guid":{"rendered":"http:\/\/www.libraria-occitana.org\/all-products\/la-fabrica-de-petac-la-fabrique-de-chiffons?lang=oc"},"modified":"2026-04-03T00:07:01","modified_gmt":"2026-04-02T22:07:01","slug":"la-fabrica-de-petac-la-fabrique-de-chiffons","status":"publish","type":"product","link":"https:\/\/www.libraria-occitana.org\/oc\/produch\/la-fabrica-de-petac-la-fabrique-de-chiffons\/","title":{"rendered":"La Fabrica de peta\u00e7 &#8211; La Fabrique de chiffons"},"content":{"rendered":"<p><strong>[oc]<\/strong><br \/>\nNascut en 1958, Frederic Fijac pass\u00e8t la maja part de las si\u00e1s vacan\u00e7as entre causse e ribi\u00e8ira de Ceu. Mastada pel mi\u00e8g d&#8217;aquel ranv\u00e8rs de Peirig\u00f2rd que tuteja Carcin, la b\u00f2ria pairala li fogu\u00e8t una illa, e mai mai : lo maine dels images. Un repaire que lo\u00a0\u00ab daissa-me te dire \u00bb i senhorejava. \u00d2mes, plantas, b\u00e8stias&#8230; al gojat escot\u00f3s, li semblava que lo monde tot \u00e8ra parlar. Enregu\u00e8t dins son cap lo camin de l&#8217;escriure. Po\u00e8tas de rescontre l&#8217;anavan t\u00e9ner de calhaus. Qu\u00f2&#8217;s al pa\u00efs de Perb\u00f2sc que l&#8217;\u00f2me volonta de recobrar l&#8217;occitan. A l&#8217;Esc\u00f2la Normala, amics e lecturas li fan descobrir, al torn de son illa, l&#8217;espandida d&#8217;un univ\u00e8rs. Se promet sulpic de portar lausa, tan pitieneta que si\u00e1, a-n-aquel paratge. Vengut regent de classa biling\u00fca a Pena d&#8217;Agen, s&#8217;avisa de frelhar los seus remembres a l&#8217;enf\u00e0ncia a l&#8217;esp\u00e8ra dels escolans.<br \/>\nConeis atal que se&#8217;n vai temps qu&#8217;espelisca la geofonia que l&#8217;a pastat mainatge \u2013 e mai enqu\u00e8ra lo ten d&#8217;encantat : \u00ab\u00a0 Cunhat a punta de casal, petals de papi\u00e8r blanc e fu\u00e8lhas de carton leugi\u00e8r, lo codonhi\u00e8r de Bardilha, japon\u00e9s sens zo saber. Acotat al seu paiss\u00e8l cussonat, s&#8217;est\u00e0 plan. Zen. Aconsomit dins recanton, vi\u00e8lh cantoni\u00e8r confle de s\u00f2mis de confiment, apresta sa fruchada.\u00a0\u00bb<\/p>\n<p><strong>[fr]<\/strong><br \/>\nCe recueil de po\u00e8mes a obtenu le Prix Flor de prima.<br \/>\nN\u00e9 en 1958, Frederic Fijac a pass\u00e9 l\u2019essentiel de ses vacances entre causse et vall\u00e9e du C\u00e9ou. Dress\u00e9e au c\u0153ur de ce coin de P\u00e9rigord qui tutoie le Quercy, la ferme familiale fut pour lui une \u00eele, et plus encore : le domaine des images. Un repaire o\u00f9 r\u00e9gnait le \u00ab\u00a0laisse-moi te dire\u00a0\u00bb. Hommes, plantes, animaux&#8230; Il semblait \u00e0 l\u2019enfant attentif que le monde entier \u00e9tait parole. Il se mit en t\u00eate d\u2019emprunter le chemin de l\u2019\u00e9criture. Des po\u00e8tes de rencontre allaient le pourvoir de cailloux. C\u2019est au pays de Perb\u00f2sc que l\u2019homme veut recouvrer l\u2019occitan. Devenu instituteur de classe bilingue \u00e0 Penne d\u2019Agenais, il s\u2019avise de frotter ses souvenirs \u00e0 l\u2019enfance \u00e0 l\u2019aff\u00fbt de ses \u00e9coliers. Il s\u2019aper\u00e7oit qu\u2019il est temps qu\u2019\u00e9close cette g\u00e9ophonie qui l\u2019a p\u00e9tri enfant \u2013 et qui encore le tient enchant\u00e9.<\/p>\n","protected":false},"excerpt":{"rendered":"<p>[oc] Nascut en 1958, Frederic Fijac pass\u00e8t la maja part de las si\u00e1s vacan\u00e7as entre causse e ribi\u00e8ira de Ceu. Mastada pel mi\u00e8g d&#8217;aquel ranv\u00e8rs de Peirig\u00f2rd que tuteja Carcin, la b\u00f2ria pairala li fogu\u00e8t una illa, e mai mai : lo maine dels images. Un repaire que lo\u00a0\u00ab daissa-me te dire \u00bb i senhorejava. [&hellip;]<\/p>\n","protected":false},"featured_media":28570,"template":"","meta":{"_acf_changed":false,"_genesis_hide_title":false,"_genesis_hide_breadcrumbs":false,"_genesis_hide_singular_image":false,"_genesis_hide_footer_widgets":false,"_genesis_custom_body_class":"","_genesis_custom_post_class":"","_genesis_layout":""},"product_brand":[],"product_cat":[7133,7175,7181],"product_tag":[],"class_list":{"0":"post-28573","1":"product","2":"type-product","3":"status-publish","4":"has-post-thumbnail","6":"product_cat-libres-oc","7":"product_cat-literatura-oc","8":"product_cat-poesia-oc","9":"pa_auteur-fijac-frederic-oc-2","10":"pa_editeur-ieo-perigord-novelum-oc","11":"pa_illustrateur-berthoumieux-michel-oc","12":"pa_langue-occitan-lengadocian-oc","13":"pa_langue-occitan-francais-oc","14":"entry","16":"first","17":"instock","18":"shipping-taxable","19":"purchasable","20":"product-type-simple"},"acf":[],"_links":{"self":[{"href":"https:\/\/www.libraria-occitana.org\/oc\/wp-json\/wp\/v2\/product\/28573","targetHints":{"allow":["GET"]}}],"collection":[{"href":"https:\/\/www.libraria-occitana.org\/oc\/wp-json\/wp\/v2\/product"}],"about":[{"href":"https:\/\/www.libraria-occitana.org\/oc\/wp-json\/wp\/v2\/types\/product"}],"wp:featuredmedia":[{"embeddable":true,"href":"https:\/\/www.libraria-occitana.org\/oc\/wp-json\/wp\/v2\/media\/28570"}],"wp:attachment":[{"href":"https:\/\/www.libraria-occitana.org\/oc\/wp-json\/wp\/v2\/media?parent=28573"}],"wp:term":[{"taxonomy":"product_brand","embeddable":true,"href":"https:\/\/www.libraria-occitana.org\/oc\/wp-json\/wp\/v2\/product_brand?post=28573"},{"taxonomy":"product_cat","embeddable":true,"href":"https:\/\/www.libraria-occitana.org\/oc\/wp-json\/wp\/v2\/product_cat?post=28573"},{"taxonomy":"product_tag","embeddable":true,"href":"https:\/\/www.libraria-occitana.org\/oc\/wp-json\/wp\/v2\/product_tag?post=28573"}],"curies":[{"name":"wp","href":"https:\/\/api.w.org\/{rel}","templated":true}]}}