{"id":28579,"date":"2020-07-20T09:40:47","date_gmt":"2020-07-20T07:40:47","guid":{"rendered":"http:\/\/www.libraria-occitana.org\/all-products\/chants-occitans-du-perigord-et-dailleurs-libre-cd?lang=oc"},"modified":"2026-04-14T00:36:47","modified_gmt":"2026-04-13T22:36:47","slug":"chants-occitans-du-perigord-et-dailleurs-libre-cd","status":"publish","type":"product","link":"https:\/\/www.libraria-occitana.org\/oc\/produch\/chants-occitans-du-perigord-et-dailleurs-libre-cd\/","title":{"rendered":"Chants occitans du P\u00e9rigord et d&#8217;ailleurs (libre + CD)"},"content":{"rendered":"<p>Aqueu libreton recampa vint chan\u00e7ons tradicionalas occitanas, mai que mai de Perig\u00f2rd. Avem chausit d&#8217;i apondre quatre chan\u00e7ons d&#8217;autres ranvers d&#8217;Occit\u00e0nia. Quilhs chants populars son tirats de recuelhs desj\u00e0 publicats o ben tot de collectatges recents, sens comptar los per que es ben malaisat de dire d&#8217;onte venen. Qui p\u00f2t dire d&#8217;onte coneis lo Turlutut\u00fa ?<br \/>\nEs tanben lo fruch dau trabalh daus Zinzonaires, e donam aqu\u00ed las chan\u00e7ons, emb las paraulas e las particions, tau coma queu grope las chantet.<\/p>\n<p>Emb las particions e la revirada de las chan\u00e7ons en franc\u00e9s.<\/p>\n<p><strong>Titres :<\/strong><br \/>\nLa pita Joana dau Rei<br \/>\nLa Margu\u00ed<br \/>\nQui portar\u00e1 dinnar au boier ?<br \/>\nDija, Joanton<br \/>\nQuand lo pastor<br \/>\nLas filhas de Marzac<br \/>\nLo tendilhon<br \/>\nQuo es quilhs goiats<br \/>\nLa Dondena<br \/>\nLo Turlutut\u00fa<br \/>\nQuant v\u00f2s ganhar<br \/>\nMa Liseta<br \/>\nLa I\u00f3-i\u00f3<br \/>\nN&#8217;i a gaire qu&#8217;ai auvit<br \/>\nLa terra es freja<br \/>\nDoman es lo prumi\u00e8r de mai<br \/>\nVeic\u00ed lo j\u00f2li mes de mai<br \/>\nLo cur de ma mia<br \/>\nLa passion<br \/>\nDonatz daus u\u00f2us<\/p>\n","protected":false},"excerpt":{"rendered":"<p>Aqueu libreton recampa vint chan\u00e7ons tradicionalas occitanas, mai que mai de Perig\u00f2rd. Avem chausit d&#8217;i apondre quatre chan\u00e7ons d&#8217;autres ranvers d&#8217;Occit\u00e0nia. Quilhs chants populars son tirats de recuelhs desj\u00e0 publicats o ben tot de collectatges recents, sens comptar los per que es ben malaisat de dire d&#8217;onte venen. Qui p\u00f2t dire d&#8217;onte coneis lo Turlutut\u00fa [&hellip;]<\/p>\n","protected":false},"featured_media":28577,"template":"","meta":{"_acf_changed":false,"_genesis_hide_title":false,"_genesis_hide_breadcrumbs":false,"_genesis_hide_singular_image":false,"_genesis_hide_footer_widgets":false,"_genesis_custom_body_class":"","_genesis_custom_post_class":"","_genesis_layout":""},"product_brand":[],"product_cat":[7133,7191,7193],"product_tag":[],"class_list":{"0":"post-28579","1":"product","2":"type-product","3":"status-publish","4":"has-post-thumbnail","6":"product_cat-libres-oc","7":"product_cat-musica-danca-oc","8":"product_cat-particions-paraulas-de-chancons-oc","9":"pa_auteur-ros-esteve-oc","10":"pa_editeur-ieo-perigord-novelum-oc","11":"pa_illustrateur-los-zinzonaires-oc","12":"pa_langue-occitan-lemosin-oc","13":"pa_langue-occitan-francais-oc","14":"entry","16":"first","17":"instock","18":"shipping-taxable","19":"purchasable","20":"product-type-simple"},"acf":[],"_links":{"self":[{"href":"https:\/\/www.libraria-occitana.org\/oc\/wp-json\/wp\/v2\/product\/28579","targetHints":{"allow":["GET"]}}],"collection":[{"href":"https:\/\/www.libraria-occitana.org\/oc\/wp-json\/wp\/v2\/product"}],"about":[{"href":"https:\/\/www.libraria-occitana.org\/oc\/wp-json\/wp\/v2\/types\/product"}],"wp:featuredmedia":[{"embeddable":true,"href":"https:\/\/www.libraria-occitana.org\/oc\/wp-json\/wp\/v2\/media\/28577"}],"wp:attachment":[{"href":"https:\/\/www.libraria-occitana.org\/oc\/wp-json\/wp\/v2\/media?parent=28579"}],"wp:term":[{"taxonomy":"product_brand","embeddable":true,"href":"https:\/\/www.libraria-occitana.org\/oc\/wp-json\/wp\/v2\/product_brand?post=28579"},{"taxonomy":"product_cat","embeddable":true,"href":"https:\/\/www.libraria-occitana.org\/oc\/wp-json\/wp\/v2\/product_cat?post=28579"},{"taxonomy":"product_tag","embeddable":true,"href":"https:\/\/www.libraria-occitana.org\/oc\/wp-json\/wp\/v2\/product_tag?post=28579"}],"curies":[{"name":"wp","href":"https:\/\/api.w.org\/{rel}","templated":true}]}}