{"id":28588,"date":"2015-12-01T17:52:28","date_gmt":"2015-12-01T16:52:28","guid":{"rendered":"http:\/\/www.libraria-occitana.org\/all-products\/contes-populars-de-perigord-contes-populaires-du-perigord?lang=oc"},"modified":"2026-04-26T01:31:23","modified_gmt":"2026-04-25T23:31:23","slug":"contes-populars-de-perigord-contes-populaires-du-perigord","status":"publish","type":"product","link":"https:\/\/www.libraria-occitana.org\/oc\/produch\/contes-populars-de-perigord-contes-populaires-du-perigord\/","title":{"rendered":"Contes populars de Perig\u00f2rd &#8211; Contes populaires du P\u00e9rigord"},"content":{"rendered":"<p>Un soir, peu avant la nuit tombante, \u00e0 dessein de profiter de la complicit\u00e9 du cr\u00e9puscule, ma grand-m\u00e8re Augusta me conduisit \u00e0 un gros ch\u00eane bedonnant qui aurait sans doute \u00e9t\u00e9 des plus bourrus s&#8217;il se f\u00fbt agi d&#8217;un homme, si bien que par la suite, j&#8217;allais toujours (et avec quelle crainte respectueuse !) lui faire visite comme \u00e0 un ermite, le surnommant \u00ab Le Moine ch\u00e2ti\u00e9 \u00bb puisqu&#8217;il portait une belle marque de fess\u00e9e. Ce soir-l\u00e0, grand-m\u00e8re me montra l&#8217;empreinte d&#8217;une \u00e9norme main aux cinq doigts \u00e9cart\u00e9s qui avait p\u00e9n\u00e9tr\u00e9 en feu l&#8217;\u00e9corce fessue du ch\u00eane, \u00e0 hauteur d&#8217;homme. Et elle me raconta gentiment que l&#8217;an pass\u00e9, au cours d&#8217;un sabbat qui s&#8217;\u00e9tait pratiqu\u00e9 \u00e0 cet endroit (elle me montra l&#8217;herbe br\u00fbl\u00e9e), un sorcier irrespectueux s&#8217;\u00e9tait moqu\u00e9 du Ma\u00eetre Rouge. Lors, celui-ci lui avait flanqu\u00e9 une gifle si violente qu&#8217;elle avait calcin\u00e9 la t\u00eate du bonhomme, atteint et <em>marqu\u00e9<\/em> l&#8217;arbre que je contemplais !<\/p>\n<p style=\"text-align: right;\">Claude Seignolle, <em>Une enfance sorci\u00e8re<\/em> , Carnets Omnibus, 2000, p. 51<\/p>\n","protected":false},"excerpt":{"rendered":"<p>Un soir, peu avant la nuit tombante, \u00e0 dessein de profiter de la complicit\u00e9 du cr\u00e9puscule, ma grand-m\u00e8re Augusta me conduisit \u00e0 un gros ch\u00eane bedonnant qui aurait sans doute \u00e9t\u00e9 des plus bourrus s&#8217;il se f\u00fbt agi d&#8217;un homme, si bien que par la suite, j&#8217;allais toujours (et avec quelle crainte respectueuse !) lui [&hellip;]<\/p>\n","protected":false},"featured_media":28586,"template":"","meta":{"_acf_changed":false,"_genesis_hide_title":false,"_genesis_hide_breadcrumbs":false,"_genesis_hide_singular_image":false,"_genesis_hide_footer_widgets":false,"_genesis_custom_body_class":"","_genesis_custom_post_class":"","_genesis_layout":""},"product_brand":[],"product_cat":[7177,7133,7175],"product_tag":[],"class_list":{"0":"post-28588","1":"product","2":"type-product","3":"status-publish","4":"has-post-thumbnail","6":"product_cat-contes-fablas-oc","7":"product_cat-libres-oc","8":"product_cat-literatura-oc","9":"pa_auteur-seignolle-claude-oc","10":"pa_editeur-ieo-perigord-novelum-oc","11":"pa_illustrateur-dugros-joan-claudi-dugros-jean-claude-oc","12":"pa_langue-occitan-gascon-oc","13":"pa_langue-occitan-lemosin-oc","14":"pa_langue-occitan-lengadocian-oc","15":"pa_langue-occitan-francais-oc","16":"entry","18":"first","19":"instock","20":"shipping-taxable","21":"purchasable","22":"product-type-simple"},"acf":[],"_links":{"self":[{"href":"https:\/\/www.libraria-occitana.org\/oc\/wp-json\/wp\/v2\/product\/28588","targetHints":{"allow":["GET"]}}],"collection":[{"href":"https:\/\/www.libraria-occitana.org\/oc\/wp-json\/wp\/v2\/product"}],"about":[{"href":"https:\/\/www.libraria-occitana.org\/oc\/wp-json\/wp\/v2\/types\/product"}],"wp:featuredmedia":[{"embeddable":true,"href":"https:\/\/www.libraria-occitana.org\/oc\/wp-json\/wp\/v2\/media\/28586"}],"wp:attachment":[{"href":"https:\/\/www.libraria-occitana.org\/oc\/wp-json\/wp\/v2\/media?parent=28588"}],"wp:term":[{"taxonomy":"product_brand","embeddable":true,"href":"https:\/\/www.libraria-occitana.org\/oc\/wp-json\/wp\/v2\/product_brand?post=28588"},{"taxonomy":"product_cat","embeddable":true,"href":"https:\/\/www.libraria-occitana.org\/oc\/wp-json\/wp\/v2\/product_cat?post=28588"},{"taxonomy":"product_tag","embeddable":true,"href":"https:\/\/www.libraria-occitana.org\/oc\/wp-json\/wp\/v2\/product_tag?post=28588"}],"curies":[{"name":"wp","href":"https:\/\/api.w.org\/{rel}","templated":true}]}}