{"id":28648,"date":"2013-09-01T17:21:28","date_gmt":"2013-09-01T16:21:28","guid":{"rendered":"http:\/\/www.libraria-occitana.org\/all-products\/lestranh?lang=oc"},"modified":"2026-04-17T23:31:26","modified_gmt":"2026-04-17T21:31:26","slug":"lestranh","status":"publish","type":"product","link":"https:\/\/www.libraria-occitana.org\/oc\/produch\/lestranh\/","title":{"rendered":"L&#8217;estranh"},"content":{"rendered":"<p><em>L&#8217;estranh<\/em> qu&#8217;ei lo prum\u00e8r roman d&#8217;Albert Camus (1913-1960), pr\u00e8mi Nobel de literatura. Peu prum\u00e8r c\u00f2p que&#8217;u prepausam ac\u00ed en traduccion gascona, a l&#8217;escaden\u00e7a deus cent ans de la naishen\u00e7a de l&#8217;autor.<\/p>\n","protected":false},"excerpt":{"rendered":"<p>L&#8217;estranh qu&#8217;ei lo prum\u00e8r roman d&#8217;Albert Camus (1913-1960), pr\u00e8mi Nobel de literatura. Peu prum\u00e8r c\u00f2p que&#8217;u prepausam ac\u00ed en traduccion gascona, a l&#8217;escaden\u00e7a deus cent ans de la naishen\u00e7a de l&#8217;autor.<\/p>\n","protected":false},"featured_media":28646,"template":"","meta":{"_acf_changed":false,"_genesis_hide_title":false,"_genesis_hide_breadcrumbs":false,"_genesis_hide_singular_image":false,"_genesis_hide_footer_widgets":false,"_genesis_custom_body_class":"","_genesis_custom_post_class":"","_genesis_layout":""},"product_brand":[],"product_cat":[7133,7175,7183],"product_tag":[],"class_list":{"0":"post-28648","1":"product","2":"type-product","3":"status-publish","4":"has-post-thumbnail","6":"product_cat-libres-oc","7":"product_cat-literatura-oc","8":"product_cat-romans-novelas-oc","9":"pa_auteur-camus-albert-oc","10":"pa_editeur-reclams-oc","11":"pa_illustrateur-gonzales-eric-2-oc","12":"pa_langue-occitan-oc","13":"pa_langue-occitan-gascon-oc","14":"entry","16":"first","17":"instock","18":"shipping-taxable","19":"purchasable","20":"product-type-simple"},"acf":[],"_links":{"self":[{"href":"https:\/\/www.libraria-occitana.org\/oc\/wp-json\/wp\/v2\/product\/28648","targetHints":{"allow":["GET"]}}],"collection":[{"href":"https:\/\/www.libraria-occitana.org\/oc\/wp-json\/wp\/v2\/product"}],"about":[{"href":"https:\/\/www.libraria-occitana.org\/oc\/wp-json\/wp\/v2\/types\/product"}],"wp:featuredmedia":[{"embeddable":true,"href":"https:\/\/www.libraria-occitana.org\/oc\/wp-json\/wp\/v2\/media\/28646"}],"wp:attachment":[{"href":"https:\/\/www.libraria-occitana.org\/oc\/wp-json\/wp\/v2\/media?parent=28648"}],"wp:term":[{"taxonomy":"product_brand","embeddable":true,"href":"https:\/\/www.libraria-occitana.org\/oc\/wp-json\/wp\/v2\/product_brand?post=28648"},{"taxonomy":"product_cat","embeddable":true,"href":"https:\/\/www.libraria-occitana.org\/oc\/wp-json\/wp\/v2\/product_cat?post=28648"},{"taxonomy":"product_tag","embeddable":true,"href":"https:\/\/www.libraria-occitana.org\/oc\/wp-json\/wp\/v2\/product_tag?post=28648"}],"curies":[{"name":"wp","href":"https:\/\/api.w.org\/{rel}","templated":true}]}}